{"id":962,"date":"2025-10-16T14:28:42","date_gmt":"2025-10-16T14:28:42","guid":{"rendered":"https:\/\/sidg.eu\/dobrodosli-v-sidg\/"},"modified":"2025-11-21T10:09:06","modified_gmt":"2025-11-21T10:09:06","slug":"dobrodosli-v-sidg","status":"publish","type":"page","link":"https:\/\/sidg.eu\/sl\/dobrodosli-v-sidg\/","title":{"rendered":"Dobrodo\u0161li v SIDG"},"content":{"rendered":"\t\t<div data-elementor-type=\"wp-page\" data-elementor-id=\"962\" class=\"elementor elementor-962 elementor-426\" data-elementor-post-type=\"page\">\n\t\t\t\t<div class=\"elementor-element elementor-element-d1606d0 e-flex e-con-boxed e-con e-parent\" data-id=\"d1606d0\" data-element_type=\"container\" data-e-type=\"container\" data-settings=\"{&quot;background_background&quot;:&quot;classic&quot;}\">\n\t\t\t\t\t<div class=\"e-con-inner\">\n\t\t\t\t<div class=\"elementor-element elementor-element-5300d78 elementor-widget elementor-widget-heading\" data-id=\"5300d78\" data-element_type=\"widget\" data-e-type=\"widget\" data-widget_type=\"heading.default\">\n\t\t\t\t<div class=\"elementor-widget-container\">\n\t\t\t\t\t<h1 class=\"elementor-heading-title elementor-size-default\">Dobrodo\u0161li v<br>SIDG<\/h1>\t\t\t\t<\/div>\n\t\t\t\t<\/div>\n\t\t\t\t\t<\/div>\n\t\t\t\t<\/div>\n\t\t<div class=\"elementor-element elementor-element-66e5531 e-flex e-con-boxed e-con e-parent\" data-id=\"66e5531\" data-element_type=\"container\" data-e-type=\"container\" id=\"bienvenue\" data-settings=\"{&quot;background_background&quot;:&quot;classic&quot;}\">\n\t\t\t\t\t<div class=\"e-con-inner\">\n\t\t<div class=\"elementor-element elementor-element-1354ac51 e-con-full e-flex e-con e-child\" data-id=\"1354ac51\" data-element_type=\"container\" data-e-type=\"container\">\n\t\t<div class=\"elementor-element elementor-element-6011173c e-con-full e-flex e-con e-child\" data-id=\"6011173c\" data-element_type=\"container\" data-e-type=\"container\">\n\t\t\t\t<div class=\"elementor-element elementor-element-35f6b7df elementor-widget elementor-widget-image\" data-id=\"35f6b7df\" data-element_type=\"widget\" data-e-type=\"widget\" data-widget_type=\"image.default\">\n\t\t\t\t<div class=\"elementor-widget-container\">\n\t\t\t\t\t\t\t\t\t\t\t\t\t\t\t<img fetchpriority=\"high\" decoding=\"async\" width=\"447\" height=\"407\" src=\"https:\/\/sidg.eu\/wp-content\/uploads\/2025\/10\/welcome.png\" class=\"attachment-full size-full wp-image-1163\" alt=\"\" srcset=\"https:\/\/sidg.eu\/wp-content\/uploads\/2025\/10\/welcome.png 447w, https:\/\/sidg.eu\/wp-content\/uploads\/2025\/10\/welcome-300x273.png 300w\" sizes=\"(max-width: 447px) 100vw, 447px\" \/>\t\t\t\t\t\t\t\t\t\t\t\t\t\t\t<\/div>\n\t\t\t\t<\/div>\n\t\t\t\t<\/div>\n\t\t<div class=\"elementor-element elementor-element-7b3a1e4f e-con-full e-flex e-con e-child\" data-id=\"7b3a1e4f\" data-element_type=\"container\" data-e-type=\"container\">\n\t\t\t\t<div class=\"elementor-element elementor-element-66a81f15 animated-slow elementor-widget elementor-widget-heading\" data-id=\"66a81f15\" data-element_type=\"widget\" data-e-type=\"widget\" data-settings=\"{&quot;_animation&quot;:&quot;none&quot;,&quot;_animation_delay&quot;:100}\" data-widget_type=\"heading.default\">\n\t\t\t\t<div class=\"elementor-widget-container\">\n\t\t\t\t\t<h5 class=\"elementor-heading-title elementor-size-default\">Dobrodo\u0161li v SIDG<\/h5>\t\t\t\t<\/div>\n\t\t\t\t<\/div>\n\t\t\t\t<div class=\"elementor-element elementor-element-2dfa27c7 animated-slow elementor-widget elementor-widget-heading\" data-id=\"2dfa27c7\" data-element_type=\"widget\" data-e-type=\"widget\" data-settings=\"{&quot;_animation&quot;:&quot;none&quot;,&quot;_animation_delay&quot;:200}\" data-widget_type=\"heading.default\">\n\t\t\t\t<div class=\"elementor-widget-container\">\n\t\t\t\t\t<h2 class=\"elementor-heading-title elementor-size-default\">Specialty Ingredients Distribution Group<\/h2>\t\t\t\t<\/div>\n\t\t\t\t<\/div>\n\t\t\t\t<div class=\"elementor-element elementor-element-6d4a62ed animated-slow elementor-widget elementor-widget-text-editor\" data-id=\"6d4a62ed\" data-element_type=\"widget\" data-e-type=\"widget\" data-settings=\"{&quot;_animation&quot;:&quot;none&quot;}\" data-widget_type=\"text-editor.default\">\n\t\t\t\t<div class=\"elementor-widget-container\">\n\t\t\t\t\t\t\t\t\t<p>Specialty Ingredients Distribution Group (SIDG) je panevropsko strate\u0161ko zavezni\u0161tvo dru\u017einskih podjetij, posve\u010denih distribuciji specialnih sestavin in kemikalij. Skupina zdru\u017euje poglobljeno strokovno znanje na podro\u010dju \u017eivljenjskih znanosti (hrana in nutracevtiki, kozmetika, di\u0161ave in arome, farmacija, krmila in kmetijstvo) ter industrijskih aplikacij (premazi, lepila, polimeri, maziva, obdelava vode).  <\/p><p>Vsako \u010dlanico skupine odlikuje popolna avtonomija, hkrati pa izkori\u0161\u010da mo\u010d, sinergije in mednarodni doseg SIDG. Ta edinstven model zagotavlja kontinuiteto, agilnost in dolgoro\u010dno vizijo, spodbuja prilagodljivost in podjetni\u0161tvo ter zdru\u017euje lokalno agilnost z mednarodno mo\u010djo. <\/p><p>SIDG ima vodilno prisotnost v Franciji, Italiji, Luksemburgu in jugovzhodni Evropi \u2013 avtonomna podjetja, povezana z dru\u017einsko tradicijo in zavezanostjo odli\u010dnosti, inovacijam in odgovornosti.<\/p>\t\t\t\t\t\t\t\t<\/div>\n\t\t\t\t<\/div>\n\t\t\t\t<\/div>\n\t\t\t\t<\/div>\n\t\t\t\t\t<\/div>\n\t\t\t\t<\/div>\n\t\t<div class=\"elementor-element elementor-element-2e7be1d e-flex e-con-boxed e-con e-parent\" data-id=\"2e7be1d\" data-element_type=\"container\" data-e-type=\"container\" data-settings=\"{&quot;background_background&quot;:&quot;classic&quot;,&quot;background_motion_fx_motion_fx_scrolling&quot;:&quot;yes&quot;,&quot;background_motion_fx_translateY_effect&quot;:&quot;yes&quot;,&quot;background_motion_fx_translateY_speed&quot;:{&quot;unit&quot;:&quot;px&quot;,&quot;size&quot;:2,&quot;sizes&quot;:[]},&quot;background_motion_fx_range&quot;:&quot;page&quot;,&quot;background_motion_fx_translateY_affectedRange&quot;:{&quot;unit&quot;:&quot;%&quot;,&quot;size&quot;:&quot;&quot;,&quot;sizes&quot;:{&quot;start&quot;:0,&quot;end&quot;:100}},&quot;background_motion_fx_devices&quot;:[&quot;desktop&quot;,&quot;tablet&quot;,&quot;mobile&quot;]}\">\n\t\t\t\t\t<div class=\"e-con-inner\">\n\t\t\t\t<div class=\"elementor-element elementor-element-e3b9f47 elementor-widget elementor-widget-heading\" data-id=\"e3b9f47\" data-element_type=\"widget\" data-e-type=\"widget\" data-widget_type=\"heading.default\">\n\t\t\t\t<div class=\"elementor-widget-container\">\n\t\t\t\t\t<h3 class=\"elementor-heading-title elementor-size-default\">Skupaj gradimo mo\u010dnej\u0161o prihodnost in pozdravljamo nove \u010dlane, ki delijo na\u0161e vrednote.<\/h3>\t\t\t\t<\/div>\n\t\t\t\t<\/div>\n\t\t\t\t\t<\/div>\n\t\t\t\t<\/div>\n\t\t<div class=\"elementor-element elementor-element-70bb575 e-flex e-con-boxed e-con e-parent\" data-id=\"70bb575\" data-element_type=\"container\" data-e-type=\"container\">\n\t\t\t\t\t<div class=\"e-con-inner\">\n\t\t\t\t<div class=\"elementor-element elementor-element-6f76def animated-slow elementor-widget elementor-widget-heading\" data-id=\"6f76def\" data-element_type=\"widget\" data-e-type=\"widget\" data-settings=\"{&quot;_animation&quot;:&quot;none&quot;,&quot;_animation_delay&quot;:200}\" data-widget_type=\"heading.default\">\n\t\t\t\t<div class=\"elementor-widget-container\">\n\t\t\t\t\t<h2 class=\"elementor-heading-title elementor-size-default\">Poslanstvo in vizija<\/h2>\t\t\t\t<\/div>\n\t\t\t\t<\/div>\n\t\t<div class=\"elementor-element elementor-element-3e817a3 e-con-full e-flex e-con e-child\" data-id=\"3e817a3\" data-element_type=\"container\" data-e-type=\"container\">\n\t\t<div class=\"elementor-element elementor-element-fdab8b8 e-con-full e-flex e-con e-child\" data-id=\"fdab8b8\" data-element_type=\"container\" data-e-type=\"container\">\n\t\t\t\t<div class=\"elementor-element elementor-element-ac0d9e2 elementor-widget elementor-widget-image\" data-id=\"ac0d9e2\" data-element_type=\"widget\" data-e-type=\"widget\" data-widget_type=\"image.default\">\n\t\t\t\t<div class=\"elementor-widget-container\">\n\t\t\t\t\t\t\t\t\t\t\t\t\t\t\t<img decoding=\"async\" src=\"https:\/\/sidg.eu\/wp-content\/uploads\/2025\/10\/img-vision.svg\" title=\"img-vision\" alt=\"img-vision\" loading=\"lazy\" \/>\t\t\t\t\t\t\t\t\t\t\t\t\t\t\t<\/div>\n\t\t\t\t<\/div>\n\t\t\t\t<div class=\"elementor-element elementor-element-1462766 elementor-widget elementor-widget-heading\" data-id=\"1462766\" data-element_type=\"widget\" data-e-type=\"widget\" data-widget_type=\"heading.default\">\n\t\t\t\t<div class=\"elementor-widget-container\">\n\t\t\t\t\t<h4 class=\"elementor-heading-title elementor-size-default\">Vizija<\/h4>\t\t\t\t<\/div>\n\t\t\t\t<\/div>\n\t\t\t\t<div class=\"elementor-element elementor-element-b934e40 elementor-widget elementor-widget-text-editor\" data-id=\"b934e40\" data-element_type=\"widget\" data-e-type=\"widget\" data-widget_type=\"text-editor.default\">\n\t\t\t\t<div class=\"elementor-widget-container\">\n\t\t\t\t\t\t\t\t\t<p>Oblikujemo trajnostno prihodnost s specialnostmi na podro\u010dju life science in industrijskih aplikacijah skozi podjetni\u0161ke vrednote, inovacije in globalni doseg.<\/p>\t\t\t\t\t\t\t\t<\/div>\n\t\t\t\t<\/div>\n\t\t\t\t<\/div>\n\t\t<div class=\"elementor-element elementor-element-2ad1b52 e-con-full e-flex e-con e-child\" data-id=\"2ad1b52\" data-element_type=\"container\" data-e-type=\"container\">\n\t\t\t\t<div class=\"elementor-element elementor-element-3d877ef elementor-widget elementor-widget-image\" data-id=\"3d877ef\" data-element_type=\"widget\" data-e-type=\"widget\" data-widget_type=\"image.default\">\n\t\t\t\t<div class=\"elementor-widget-container\">\n\t\t\t\t\t\t\t\t\t\t\t\t\t\t\t<img decoding=\"async\" src=\"https:\/\/sidg.eu\/wp-content\/uploads\/2025\/01\/qualite.svg\" title=\"qualite\" alt=\"qualite\" loading=\"lazy\" \/>\t\t\t\t\t\t\t\t\t\t\t\t\t\t\t<\/div>\n\t\t\t\t<\/div>\n\t\t\t\t<div class=\"elementor-element elementor-element-686c745 elementor-widget elementor-widget-heading\" data-id=\"686c745\" data-element_type=\"widget\" data-e-type=\"widget\" data-widget_type=\"heading.default\">\n\t\t\t\t<div class=\"elementor-widget-container\">\n\t\t\t\t\t<h4 class=\"elementor-heading-title elementor-size-default\">Poslanstvo<\/h4>\t\t\t\t<\/div>\n\t\t\t\t<\/div>\n\t\t\t\t<div class=\"elementor-element elementor-element-c50aab0 elementor-widget elementor-widget-text-editor\" data-id=\"c50aab0\" data-element_type=\"widget\" data-e-type=\"widget\" data-widget_type=\"text-editor.default\">\n\t\t\t\t<div class=\"elementor-widget-container\">\n\t\t\t\t\t\t\t\t\t<p>Ustvarjamo vrednost za na\u0161e partnerje, saj njihovim visokokakovostnim sestavinam in specialnim kemikalijam omogo\u010damo globalni doseg v sektorjih hrane, nutracevtikov, kozmetike, di\u0161av in arom, farmacije, kmetijstva in krmil ter industrijskih aplikacij. Kot ponudnik re\u0161itev zdru\u017eujemo tehni\u010dno znanje, podjetni\u0161tvo, inovacije in trajnost, okrepljene s sinergijo skupine, da gradimo dolgoro\u010dna partnerstva in zagotavljamo trajno vrednost. <\/p>\t\t\t\t\t\t\t\t<\/div>\n\t\t\t\t<\/div>\n\t\t\t\t<\/div>\n\t\t\t\t<\/div>\n\t\t\t\t\t<\/div>\n\t\t\t\t<\/div>\n\t\t\t\t<\/div>\n\t\t","protected":false},"excerpt":{"rendered":"<p>Dobrodo\u0161li vSIDG Dobrodo\u0161li v SIDG Specialty Ingredients Distribution Group Specialty Ingredients Distribution Group (SIDG) je panevropsko strate\u0161ko zavezni\u0161tvo dru\u017einskih podjetij, posve\u010denih distribuciji specialnih sestavin in kemikalij. Skupina zdru\u017euje poglobljeno strokovno znanje na podro\u010dju \u017eivljenjskih znanosti (hrana in nutracevtiki, kozmetika, di\u0161ave in arome, farmacija, krmila in kmetijstvo) ter industrijskih aplikacij (premazi, lepila, polimeri, maziva, obdelava vode). [&hellip;]<\/p>\n","protected":false},"author":1,"featured_media":0,"parent":0,"menu_order":0,"comment_status":"closed","ping_status":"closed","template":"","meta":{"inline_featured_image":false,"footnotes":""},"class_list":["post-962","page","type-page","status-publish","hentry"],"yoast_head":"<!-- This site is optimized with the Yoast SEO plugin v27.3 - https:\/\/yoast.com\/product\/yoast-seo-wordpress\/ -->\n<title>Dobrodo\u0161li v SIDG - SIDG<\/title>\n<meta name=\"robots\" content=\"index, follow, max-snippet:-1, max-image-preview:large, max-video-preview:-1\" \/>\n<link rel=\"canonical\" href=\"https:\/\/sidg.eu\/sl\/dobrodosli-v-sidg\/\" \/>\n<meta property=\"og:locale\" content=\"sl_SI\" \/>\n<meta property=\"og:type\" content=\"article\" \/>\n<meta property=\"og:title\" content=\"Dobrodo\u0161li v SIDG - SIDG\" \/>\n<meta property=\"og:description\" content=\"Dobrodo\u0161li vSIDG Dobrodo\u0161li v SIDG Specialty Ingredients Distribution Group Specialty Ingredients Distribution Group (SIDG) je panevropsko strate\u0161ko zavezni\u0161tvo dru\u017einskih podjetij, posve\u010denih distribuciji specialnih sestavin in kemikalij. Skupina zdru\u017euje poglobljeno strokovno znanje na podro\u010dju \u017eivljenjskih znanosti (hrana in nutracevtiki, kozmetika, di\u0161ave in arome, farmacija, krmila in kmetijstvo) ter industrijskih aplikacij (premazi, lepila, polimeri, maziva, obdelava vode). [&hellip;]\" \/>\n<meta property=\"og:url\" content=\"https:\/\/sidg.eu\/sl\/dobrodosli-v-sidg\/\" \/>\n<meta property=\"og:site_name\" content=\"SIDG\" \/>\n<meta property=\"article:modified_time\" content=\"2025-11-21T10:09:06+00:00\" \/>\n<meta property=\"og:image\" content=\"https:\/\/sidg.eu\/wp-content\/uploads\/2025\/10\/welcome.png\" \/>\n\t<meta property=\"og:image:width\" content=\"447\" \/>\n\t<meta property=\"og:image:height\" content=\"407\" \/>\n\t<meta property=\"og:image:type\" content=\"image\/png\" \/>\n<meta name=\"twitter:card\" content=\"summary_large_image\" \/>\n<meta name=\"twitter:label1\" content=\"Est. reading time\" \/>\n\t<meta name=\"twitter:data1\" content=\"1 minuta\" \/>\n<script type=\"application\/ld+json\" class=\"yoast-schema-graph\">{\"@context\":\"https:\\\/\\\/schema.org\",\"@graph\":[{\"@type\":\"WebPage\",\"@id\":\"https:\\\/\\\/sidg.eu\\\/sl\\\/dobrodosli-v-sidg\\\/\",\"url\":\"https:\\\/\\\/sidg.eu\\\/sl\\\/dobrodosli-v-sidg\\\/\",\"name\":\"Dobrodo\u0161li v SIDG - SIDG\",\"isPartOf\":{\"@id\":\"https:\\\/\\\/sidg.eu\\\/sl\\\/#website\"},\"primaryImageOfPage\":{\"@id\":\"https:\\\/\\\/sidg.eu\\\/sl\\\/dobrodosli-v-sidg\\\/#primaryimage\"},\"image\":{\"@id\":\"https:\\\/\\\/sidg.eu\\\/sl\\\/dobrodosli-v-sidg\\\/#primaryimage\"},\"thumbnailUrl\":\"https:\\\/\\\/sidg.eu\\\/wp-content\\\/uploads\\\/2025\\\/10\\\/welcome.png\",\"datePublished\":\"2025-10-16T14:28:42+00:00\",\"dateModified\":\"2025-11-21T10:09:06+00:00\",\"breadcrumb\":{\"@id\":\"https:\\\/\\\/sidg.eu\\\/sl\\\/dobrodosli-v-sidg\\\/#breadcrumb\"},\"inLanguage\":\"sl-SI\",\"potentialAction\":[{\"@type\":\"ReadAction\",\"target\":[\"https:\\\/\\\/sidg.eu\\\/sl\\\/dobrodosli-v-sidg\\\/\"]}]},{\"@type\":\"ImageObject\",\"inLanguage\":\"sl-SI\",\"@id\":\"https:\\\/\\\/sidg.eu\\\/sl\\\/dobrodosli-v-sidg\\\/#primaryimage\",\"url\":\"https:\\\/\\\/sidg.eu\\\/wp-content\\\/uploads\\\/2025\\\/10\\\/welcome.png\",\"contentUrl\":\"https:\\\/\\\/sidg.eu\\\/wp-content\\\/uploads\\\/2025\\\/10\\\/welcome.png\"},{\"@type\":\"BreadcrumbList\",\"@id\":\"https:\\\/\\\/sidg.eu\\\/sl\\\/dobrodosli-v-sidg\\\/#breadcrumb\",\"itemListElement\":[{\"@type\":\"ListItem\",\"position\":1,\"name\":\"Home\",\"item\":\"https:\\\/\\\/sidg.eu\\\/sl\\\/\"},{\"@type\":\"ListItem\",\"position\":2,\"name\":\"Dobrodo\u0161li v SIDG\"}]},{\"@type\":\"WebSite\",\"@id\":\"https:\\\/\\\/sidg.eu\\\/sl\\\/#website\",\"url\":\"https:\\\/\\\/sidg.eu\\\/sl\\\/\",\"name\":\"SIDG\",\"description\":\"Innovative specialty solutions\",\"publisher\":{\"@id\":\"https:\\\/\\\/sidg.eu\\\/sl\\\/#organization\"},\"potentialAction\":[{\"@type\":\"SearchAction\",\"target\":{\"@type\":\"EntryPoint\",\"urlTemplate\":\"https:\\\/\\\/sidg.eu\\\/sl\\\/?s={search_term_string}\"},\"query-input\":{\"@type\":\"PropertyValueSpecification\",\"valueRequired\":true,\"valueName\":\"search_term_string\"}}],\"inLanguage\":\"sl-SI\"},{\"@type\":\"Organization\",\"@id\":\"https:\\\/\\\/sidg.eu\\\/sl\\\/#organization\",\"name\":\"SIDG\",\"url\":\"https:\\\/\\\/sidg.eu\\\/sl\\\/\",\"logo\":{\"@type\":\"ImageObject\",\"inLanguage\":\"sl-SI\",\"@id\":\"https:\\\/\\\/sidg.eu\\\/sl\\\/#\\\/schema\\\/logo\\\/image\\\/\",\"url\":\"https:\\\/\\\/sidg.eu\\\/wp-content\\\/uploads\\\/2025\\\/01\\\/logo.svg\",\"contentUrl\":\"https:\\\/\\\/sidg.eu\\\/wp-content\\\/uploads\\\/2025\\\/01\\\/logo.svg\",\"width\":154,\"height\":66,\"caption\":\"SIDG\"},\"image\":{\"@id\":\"https:\\\/\\\/sidg.eu\\\/sl\\\/#\\\/schema\\\/logo\\\/image\\\/\"}}]}<\/script>\n<!-- \/ Yoast SEO plugin. -->","yoast_head_json":{"title":"Dobrodo\u0161li v SIDG - SIDG","robots":{"index":"index","follow":"follow","max-snippet":"max-snippet:-1","max-image-preview":"max-image-preview:large","max-video-preview":"max-video-preview:-1"},"canonical":"https:\/\/sidg.eu\/sl\/dobrodosli-v-sidg\/","og_locale":"sl_SI","og_type":"article","og_title":"Dobrodo\u0161li v SIDG - SIDG","og_description":"Dobrodo\u0161li vSIDG Dobrodo\u0161li v SIDG Specialty Ingredients Distribution Group Specialty Ingredients Distribution Group (SIDG) je panevropsko strate\u0161ko zavezni\u0161tvo dru\u017einskih podjetij, posve\u010denih distribuciji specialnih sestavin in kemikalij. Skupina zdru\u017euje poglobljeno strokovno znanje na podro\u010dju \u017eivljenjskih znanosti (hrana in nutracevtiki, kozmetika, di\u0161ave in arome, farmacija, krmila in kmetijstvo) ter industrijskih aplikacij (premazi, lepila, polimeri, maziva, obdelava vode). [&hellip;]","og_url":"https:\/\/sidg.eu\/sl\/dobrodosli-v-sidg\/","og_site_name":"SIDG","article_modified_time":"2025-11-21T10:09:06+00:00","og_image":[{"width":447,"height":407,"url":"https:\/\/sidg.eu\/wp-content\/uploads\/2025\/10\/welcome.png","type":"image\/png"}],"twitter_card":"summary_large_image","twitter_misc":{"Est. reading time":"1 minuta"},"schema":{"@context":"https:\/\/schema.org","@graph":[{"@type":"WebPage","@id":"https:\/\/sidg.eu\/sl\/dobrodosli-v-sidg\/","url":"https:\/\/sidg.eu\/sl\/dobrodosli-v-sidg\/","name":"Dobrodo\u0161li v SIDG - SIDG","isPartOf":{"@id":"https:\/\/sidg.eu\/sl\/#website"},"primaryImageOfPage":{"@id":"https:\/\/sidg.eu\/sl\/dobrodosli-v-sidg\/#primaryimage"},"image":{"@id":"https:\/\/sidg.eu\/sl\/dobrodosli-v-sidg\/#primaryimage"},"thumbnailUrl":"https:\/\/sidg.eu\/wp-content\/uploads\/2025\/10\/welcome.png","datePublished":"2025-10-16T14:28:42+00:00","dateModified":"2025-11-21T10:09:06+00:00","breadcrumb":{"@id":"https:\/\/sidg.eu\/sl\/dobrodosli-v-sidg\/#breadcrumb"},"inLanguage":"sl-SI","potentialAction":[{"@type":"ReadAction","target":["https:\/\/sidg.eu\/sl\/dobrodosli-v-sidg\/"]}]},{"@type":"ImageObject","inLanguage":"sl-SI","@id":"https:\/\/sidg.eu\/sl\/dobrodosli-v-sidg\/#primaryimage","url":"https:\/\/sidg.eu\/wp-content\/uploads\/2025\/10\/welcome.png","contentUrl":"https:\/\/sidg.eu\/wp-content\/uploads\/2025\/10\/welcome.png"},{"@type":"BreadcrumbList","@id":"https:\/\/sidg.eu\/sl\/dobrodosli-v-sidg\/#breadcrumb","itemListElement":[{"@type":"ListItem","position":1,"name":"Home","item":"https:\/\/sidg.eu\/sl\/"},{"@type":"ListItem","position":2,"name":"Dobrodo\u0161li v SIDG"}]},{"@type":"WebSite","@id":"https:\/\/sidg.eu\/sl\/#website","url":"https:\/\/sidg.eu\/sl\/","name":"SIDG","description":"Innovative specialty solutions","publisher":{"@id":"https:\/\/sidg.eu\/sl\/#organization"},"potentialAction":[{"@type":"SearchAction","target":{"@type":"EntryPoint","urlTemplate":"https:\/\/sidg.eu\/sl\/?s={search_term_string}"},"query-input":{"@type":"PropertyValueSpecification","valueRequired":true,"valueName":"search_term_string"}}],"inLanguage":"sl-SI"},{"@type":"Organization","@id":"https:\/\/sidg.eu\/sl\/#organization","name":"SIDG","url":"https:\/\/sidg.eu\/sl\/","logo":{"@type":"ImageObject","inLanguage":"sl-SI","@id":"https:\/\/sidg.eu\/sl\/#\/schema\/logo\/image\/","url":"https:\/\/sidg.eu\/wp-content\/uploads\/2025\/01\/logo.svg","contentUrl":"https:\/\/sidg.eu\/wp-content\/uploads\/2025\/01\/logo.svg","width":154,"height":66,"caption":"SIDG"},"image":{"@id":"https:\/\/sidg.eu\/sl\/#\/schema\/logo\/image\/"}}]}},"_links":{"self":[{"href":"https:\/\/sidg.eu\/sl\/wp-json\/wp\/v2\/pages\/962","targetHints":{"allow":["GET"]}}],"collection":[{"href":"https:\/\/sidg.eu\/sl\/wp-json\/wp\/v2\/pages"}],"about":[{"href":"https:\/\/sidg.eu\/sl\/wp-json\/wp\/v2\/types\/page"}],"author":[{"embeddable":true,"href":"https:\/\/sidg.eu\/sl\/wp-json\/wp\/v2\/users\/1"}],"replies":[{"embeddable":true,"href":"https:\/\/sidg.eu\/sl\/wp-json\/wp\/v2\/comments?post=962"}],"version-history":[{"count":6,"href":"https:\/\/sidg.eu\/sl\/wp-json\/wp\/v2\/pages\/962\/revisions"}],"predecessor-version":[{"id":1237,"href":"https:\/\/sidg.eu\/sl\/wp-json\/wp\/v2\/pages\/962\/revisions\/1237"}],"wp:attachment":[{"href":"https:\/\/sidg.eu\/sl\/wp-json\/wp\/v2\/media?parent=962"}],"curies":[{"name":"wp","href":"https:\/\/api.w.org\/{rel}","templated":true}]}}