{"id":889,"date":"2025-10-16T17:41:16","date_gmt":"2025-10-16T17:41:16","guid":{"rendered":"https:\/\/sidg.eu\/vodstvo\/"},"modified":"2025-11-21T10:47:17","modified_gmt":"2025-11-21T10:47:17","slug":"vodstvo","status":"publish","type":"page","link":"https:\/\/sidg.eu\/sl\/vodstvo\/","title":{"rendered":"Vodstvo"},"content":{"rendered":"\t\t<div data-elementor-type=\"wp-page\" data-elementor-id=\"889\" class=\"elementor elementor-889 elementor-473\" data-elementor-post-type=\"page\">\n\t\t\t\t<div class=\"elementor-element elementor-element-d81a027 e-flex e-con-boxed e-con e-parent\" data-id=\"d81a027\" data-element_type=\"container\" data-e-type=\"container\" data-settings=\"{&quot;background_background&quot;:&quot;classic&quot;}\">\n\t\t\t\t\t<div class=\"e-con-inner\">\n\t\t\t\t<div class=\"elementor-element elementor-element-42c817a8 elementor-widget elementor-widget-heading\" data-id=\"42c817a8\" data-element_type=\"widget\" data-e-type=\"widget\" data-widget_type=\"heading.default\">\n\t\t\t\t<div class=\"elementor-widget-container\">\n\t\t\t\t\t<h1 class=\"elementor-heading-title elementor-size-default\">Vodstvo<\/h1>\t\t\t\t<\/div>\n\t\t\t\t<\/div>\n\t\t\t\t\t<\/div>\n\t\t\t\t<\/div>\n\t\t<div class=\"elementor-element elementor-element-bedce01 e-flex e-con-boxed e-con e-parent\" data-id=\"bedce01\" data-element_type=\"container\" data-e-type=\"container\">\n\t\t\t\t\t<div class=\"e-con-inner\">\n\t\t<div class=\"elementor-element elementor-element-0e83ff0 e-con-full e-flex e-con e-child\" data-id=\"0e83ff0\" data-element_type=\"container\" data-e-type=\"container\">\n\t\t<div class=\"elementor-element elementor-element-b339da7 e-con-full e-flex e-con e-child\" data-id=\"b339da7\" data-element_type=\"container\" data-e-type=\"container\">\n\t\t\t\t<\/div>\n\t\t<div class=\"elementor-element elementor-element-14d05a7 e-con-full e-flex e-con e-child\" data-id=\"14d05a7\" data-element_type=\"container\" data-e-type=\"container\">\n\t\t\t\t<div class=\"elementor-element elementor-element-4ddf085 animated-slow elementor-widget elementor-widget-heading\" data-id=\"4ddf085\" data-element_type=\"widget\" data-e-type=\"widget\" data-settings=\"{&quot;_animation&quot;:&quot;none&quot;,&quot;_animation_delay&quot;:100}\" data-widget_type=\"heading.default\">\n\t\t\t\t<div class=\"elementor-widget-container\">\n\t\t\t\t\t<h5 class=\"elementor-heading-title elementor-size-default\">Chairman<\/h5>\t\t\t\t<\/div>\n\t\t\t\t<\/div>\n\t\t\t\t<div class=\"elementor-element elementor-element-7a9f7fc animated-slow elementor-widget elementor-widget-heading\" data-id=\"7a9f7fc\" data-element_type=\"widget\" data-e-type=\"widget\" data-settings=\"{&quot;_animation&quot;:&quot;none&quot;,&quot;_animation_delay&quot;:200}\" data-widget_type=\"heading.default\">\n\t\t\t\t<div class=\"elementor-widget-container\">\n\t\t\t\t\t<h2 class=\"elementor-heading-title elementor-size-default\">Hans Udo Wenzel<\/h2>\t\t\t\t<\/div>\n\t\t\t\t<\/div>\n\t\t\t\t<div class=\"elementor-element elementor-element-a8d2b19 elementor-widget elementor-widget-text-editor\" data-id=\"a8d2b19\" data-element_type=\"widget\" data-e-type=\"widget\" data-widget_type=\"text-editor.default\">\n\t\t\t\t<div class=\"elementor-widget-container\">\n\t\t\t\t\t\t\t\t\t<p><span lang=\"en-GB\">Doktor ekonomije z Univerze v Z\u00fcrichu. Kariero je za\u010del v Hoechst AG, preden je ustanovil Azelis, danes enega vodilnih evropskih distributerjev kemikalij, kjer je bil izvr\u0161ni direktor do leta 2010 in predsednik do leta 2015. Kot pionir rasti, temelje\u010de na zdru\u017eitvah in prevzemih, je igral klju\u010dno vlogo pri ustanovitvi Nactarome, ustanovil je Deimos Group, podjetje v okviru SIDG, specializirano za distribucijo sestavin in vmesnih proizvodov za \u017eivljenjske znanosti, in je trenutno predsednik SIDG.  <\/span><\/p>\t\t\t\t\t\t\t\t<\/div>\n\t\t\t\t<\/div>\n\t\t\t\t<\/div>\n\t\t\t\t<\/div>\n\t\t<div class=\"elementor-element elementor-element-3c9cf3a e-con-full e-flex e-con e-child\" data-id=\"3c9cf3a\" data-element_type=\"container\" data-e-type=\"container\">\n\t\t<div class=\"elementor-element elementor-element-05b03d0 e-con-full e-flex e-con e-child\" data-id=\"05b03d0\" data-element_type=\"container\" data-e-type=\"container\">\n\t\t\t\t<\/div>\n\t\t<div class=\"elementor-element elementor-element-73057ba e-con-full e-flex e-con e-child\" data-id=\"73057ba\" data-element_type=\"container\" data-e-type=\"container\">\n\t\t\t\t<div class=\"elementor-element elementor-element-ea3d4fb animated-slow elementor-widget elementor-widget-heading\" data-id=\"ea3d4fb\" data-element_type=\"widget\" data-e-type=\"widget\" data-settings=\"{&quot;_animation&quot;:&quot;none&quot;,&quot;_animation_delay&quot;:100}\" data-widget_type=\"heading.default\">\n\t\t\t\t<div class=\"elementor-widget-container\">\n\t\t\t\t\t<h5 class=\"elementor-heading-title elementor-size-default\">Chief Executive Officer<\/h5>\t\t\t\t<\/div>\n\t\t\t\t<\/div>\n\t\t\t\t<div class=\"elementor-element elementor-element-dfcfd34 animated-slow elementor-widget elementor-widget-heading\" data-id=\"dfcfd34\" data-element_type=\"widget\" data-e-type=\"widget\" data-settings=\"{&quot;_animation&quot;:&quot;none&quot;,&quot;_animation_delay&quot;:200}\" data-widget_type=\"heading.default\">\n\t\t\t\t<div class=\"elementor-widget-container\">\n\t\t\t\t\t<h2 class=\"elementor-heading-title elementor-size-default\">Herv\u00e9 Ory-Lavoll\u00e9e<\/h2>\t\t\t\t<\/div>\n\t\t\t\t<\/div>\n\t\t\t\t<div class=\"elementor-element elementor-element-5869525 elementor-widget elementor-widget-text-editor\" data-id=\"5869525\" data-element_type=\"widget\" data-e-type=\"widget\" data-widget_type=\"text-editor.default\">\n\t\t\t\t<div class=\"elementor-widget-container\">\n\t\t\t\t\t\t\t\t\t<p>Herv\u00e9 Ory-Lavoll\u00e9e je prevzel vodenje Groupe Lavoll\u00e9e, danes SIDG France, leta 1983, pri samo 23 letih, po smrti svojega o\u010deta, ustanovitelja skupine. Zadnjih 43 let je bilo razburljivo potovanje, polno preobrazb. Eden glavnih izzivov je bil za\u010detek poslovanja v sektorju znanosti o \u017eivljenju \u2014 uspe\u0161na stava, saj ve\u010d kot 80 % trenutnih prihodkov SIDG zdaj prihaja s tega podro\u010dja.<\/p>\t\t\t\t\t\t\t\t<\/div>\n\t\t\t\t<\/div>\n\t\t\t\t<\/div>\n\t\t\t\t<\/div>\n\t\t\t\t\t<\/div>\n\t\t\t\t<\/div>\n\t\t<div class=\"elementor-element elementor-element-42c6bef e-flex e-con-boxed e-con e-parent\" data-id=\"42c6bef\" data-element_type=\"container\" data-e-type=\"container\">\n\t\t\t\t\t<div class=\"e-con-inner\">\n\t\t<div class=\"elementor-element elementor-element-096a6e0 e-con-full e-flex e-con e-child\" data-id=\"096a6e0\" data-element_type=\"container\" data-e-type=\"container\">\n\t\t<div class=\"elementor-element elementor-element-ca2e246 e-con-full e-flex e-con e-child\" data-id=\"ca2e246\" data-element_type=\"container\" data-e-type=\"container\">\n\t\t\t\t<\/div>\n\t\t<div class=\"elementor-element elementor-element-0bf96f9 e-con-full e-flex e-con e-child\" data-id=\"0bf96f9\" data-element_type=\"container\" data-e-type=\"container\">\n\t\t\t\t<div class=\"elementor-element elementor-element-0406a14 animated-slow elementor-widget elementor-widget-heading\" data-id=\"0406a14\" data-element_type=\"widget\" data-e-type=\"widget\" data-settings=\"{&quot;_animation&quot;:&quot;none&quot;,&quot;_animation_delay&quot;:100}\" data-widget_type=\"heading.default\">\n\t\t\t\t<div class=\"elementor-widget-container\">\n\t\t\t\t\t<h5 class=\"elementor-heading-title elementor-size-default\">Chief Operating Officer<\/h5>\t\t\t\t<\/div>\n\t\t\t\t<\/div>\n\t\t\t\t<div class=\"elementor-element elementor-element-eb84ade animated-slow elementor-widget elementor-widget-heading\" data-id=\"eb84ade\" data-element_type=\"widget\" data-e-type=\"widget\" data-settings=\"{&quot;_animation&quot;:&quot;none&quot;,&quot;_animation_delay&quot;:200}\" data-widget_type=\"heading.default\">\n\t\t\t\t<div class=\"elementor-widget-container\">\n\t\t\t\t\t<h2 class=\"elementor-heading-title elementor-size-default\">Edgar Claudio Wenzel<\/h2>\t\t\t\t<\/div>\n\t\t\t\t<\/div>\n\t\t\t\t<div class=\"elementor-element elementor-element-272d419 elementor-widget elementor-widget-text-editor\" data-id=\"272d419\" data-element_type=\"widget\" data-e-type=\"widget\" data-widget_type=\"text-editor.default\">\n\t\t\t\t<div class=\"elementor-widget-container\">\n\t\t\t\t\t\t\t\t\t<p><span lang=\"en-GB\">Ima Global Executive MBA s SDA Bocconi in Rotman School of Management, diplomo iz poslovne administracije in ra\u010dunovodstva ter magisterij iz mednarodnega poslovanja na KIMEP University (Almaty). Kariero je za\u010del v Inalchim kot vodja razvoja poslovanja za prehrambni sektor, zdaj pa je glavni operativni direktor SIDG in \u010dlan upravnega odbora Deimos Group. <\/span><\/p>\t\t\t\t\t\t\t\t<\/div>\n\t\t\t\t<\/div>\n\t\t\t\t<\/div>\n\t\t\t\t<\/div>\n\t\t<div class=\"elementor-element elementor-element-c7ccc85 e-con-full e-flex e-con e-child\" data-id=\"c7ccc85\" data-element_type=\"container\" data-e-type=\"container\">\n\t\t<div class=\"elementor-element elementor-element-60f65b8 e-con-full e-flex e-con e-child\" data-id=\"60f65b8\" data-element_type=\"container\" data-e-type=\"container\">\n\t\t\t\t<\/div>\n\t\t<div class=\"elementor-element elementor-element-0494a64 e-con-full e-flex e-con e-child\" data-id=\"0494a64\" data-element_type=\"container\" data-e-type=\"container\">\n\t\t\t\t<div class=\"elementor-element elementor-element-fe329e8 animated-slow elementor-widget elementor-widget-heading\" data-id=\"fe329e8\" data-element_type=\"widget\" data-e-type=\"widget\" data-settings=\"{&quot;_animation&quot;:&quot;none&quot;,&quot;_animation_delay&quot;:100}\" data-widget_type=\"heading.default\">\n\t\t\t\t<div class=\"elementor-widget-container\">\n\t\t\t\t\t<h5 class=\"elementor-heading-title elementor-size-default\">Chief Marketing Officer<\/h5>\t\t\t\t<\/div>\n\t\t\t\t<\/div>\n\t\t\t\t<div class=\"elementor-element elementor-element-dd3b185 animated-slow elementor-widget elementor-widget-heading\" data-id=\"dd3b185\" data-element_type=\"widget\" data-e-type=\"widget\" data-settings=\"{&quot;_animation&quot;:&quot;none&quot;,&quot;_animation_delay&quot;:200}\" data-widget_type=\"heading.default\">\n\t\t\t\t<div class=\"elementor-widget-container\">\n\t\t\t\t\t<h2 class=\"elementor-heading-title elementor-size-default\">Axelle \nLavoll\u00e9e<\/h2>\t\t\t\t<\/div>\n\t\t\t\t<\/div>\n\t\t\t\t<div class=\"elementor-element elementor-element-6071e35 elementor-widget elementor-widget-text-editor\" data-id=\"6071e35\" data-element_type=\"widget\" data-e-type=\"widget\" data-widget_type=\"text-editor.default\">\n\t\t\t\t<div class=\"elementor-widget-container\">\n\t\t\t\t\t\t\t\t\t<p><span lang=\"en-GB\">Axelle Ory-Lavoll\u00e9e se je SIDG-u pridru\u017eila pred devetimi leti, kot predstavnica tretje generacije dru\u017eine Ory-Lavoll\u00e9e, vklju\u010dene v poslovanje. Zaupana ji je bila naloga ustvarjanja in razvoja oddelka za zunanje izvajanje storitev SIDG France, ki ga je v celoti zgradila in strukturirala. Diplomirala je na vrhunski poslovni \u0161oli z magisterijem iz mened\u017ementa, njeno strokovno znanje pa temelji na prodaji in poslovnem razvoju. Z mo\u010dnim poudarkom na potrebah strank je prispevala k rasti skupine z zagotavljanjem prilagodljivih, po meri oblikovanih re\u0161itev, ki krepijo dolgoro\u010dna partnerstva.   <\/span><\/p>\t\t\t\t\t\t\t\t<\/div>\n\t\t\t\t<\/div>\n\t\t\t\t<\/div>\n\t\t\t\t<\/div>\n\t\t<div class=\"elementor-element elementor-element-4183457 e-con-full e-flex e-con e-child\" data-id=\"4183457\" data-element_type=\"container\" data-e-type=\"container\">\n\t\t<div class=\"elementor-element elementor-element-9c2c2b1 e-con-full e-flex e-con e-child\" data-id=\"9c2c2b1\" data-element_type=\"container\" data-e-type=\"container\">\n\t\t\t\t<\/div>\n\t\t<div class=\"elementor-element elementor-element-fe54408 e-con-full e-flex e-con e-child\" data-id=\"fe54408\" data-element_type=\"container\" data-e-type=\"container\">\n\t\t\t\t<div class=\"elementor-element elementor-element-68c4d77 animated-slow elementor-widget elementor-widget-heading\" data-id=\"68c4d77\" data-element_type=\"widget\" data-e-type=\"widget\" data-settings=\"{&quot;_animation&quot;:&quot;none&quot;,&quot;_animation_delay&quot;:100}\" data-widget_type=\"heading.default\">\n\t\t\t\t<div class=\"elementor-widget-container\">\n\t\t\t\t\t<h5 class=\"elementor-heading-title elementor-size-default\">Chief Financial Officer<\/h5>\t\t\t\t<\/div>\n\t\t\t\t<\/div>\n\t\t\t\t<div class=\"elementor-element elementor-element-b60e721 animated-slow elementor-widget elementor-widget-heading\" data-id=\"b60e721\" data-element_type=\"widget\" data-e-type=\"widget\" data-settings=\"{&quot;_animation&quot;:&quot;none&quot;,&quot;_animation_delay&quot;:200}\" data-widget_type=\"heading.default\">\n\t\t\t\t<div class=\"elementor-widget-container\">\n\t\t\t\t\t<h2 class=\"elementor-heading-title elementor-size-default\">Emmanuel G\u00e9rard<\/h2>\t\t\t\t<\/div>\n\t\t\t\t<\/div>\n\t\t\t\t<div class=\"elementor-element elementor-element-8adbd61 elementor-widget elementor-widget-text-editor\" data-id=\"8adbd61\" data-element_type=\"widget\" data-e-type=\"widget\" data-widget_type=\"text-editor.default\">\n\t\t\t\t<div class=\"elementor-widget-container\">\n\t\t\t\t\t\t\t\t\t<p><span lang=\"en-GB\">\u017de ve\u010d kot 25 let Emmanuel G\u00e9rard podpira rast skupine Lavoll\u00e9e, danes SIDG France, kot glavni finan\u010dni direktor. Prisoten od samih za\u010detkov podjetja je odigral klju\u010dno vlogo pri njenem razvoju, vodil ve\u010d projektov zdru\u017eitev in prevzemov ter strukturiral finan\u010dno funkcijo skupaj s svojo ekipo treh ljudi. Danes, z bogatimi izku\u0161njami, prevzema nove odgovornosti kot finan\u010dni direktor celotne skupine SIDG.  <\/span><\/p>\t\t\t\t\t\t\t\t<\/div>\n\t\t\t\t<\/div>\n\t\t\t\t<\/div>\n\t\t\t\t<\/div>\n\t\t\t\t\t<\/div>\n\t\t\t\t<\/div>\n\t\t<div class=\"elementor-element elementor-element-eff1ca9 e-flex e-con-boxed e-con e-parent\" data-id=\"eff1ca9\" data-element_type=\"container\" data-e-type=\"container\">\n\t\t\t\t\t<div class=\"e-con-inner\">\n\t\t\t\t\t<\/div>\n\t\t\t\t<\/div>\n\t\t\t\t<\/div>\n\t\t","protected":false},"excerpt":{"rendered":"<p>Vodstvo Chairman Hans Udo Wenzel Doktor ekonomije z Univerze v Z\u00fcrichu. Kariero je za\u010del v Hoechst AG, preden je ustanovil Azelis, danes enega vodilnih evropskih distributerjev kemikalij, kjer je bil izvr\u0161ni direktor do leta 2010 in predsednik do leta 2015. Kot pionir rasti, temelje\u010de na zdru\u017eitvah in prevzemih, je igral klju\u010dno vlogo pri ustanovitvi Nactarome, [&hellip;]<\/p>\n","protected":false},"author":1,"featured_media":0,"parent":0,"menu_order":0,"comment_status":"closed","ping_status":"closed","template":"","meta":{"inline_featured_image":false,"footnotes":""},"class_list":["post-889","page","type-page","status-publish","hentry"],"yoast_head":"<!-- This site is optimized with the Yoast SEO plugin v27.3 - https:\/\/yoast.com\/product\/yoast-seo-wordpress\/ -->\n<title>Vodstvo - SIDG<\/title>\n<meta name=\"robots\" content=\"index, follow, max-snippet:-1, max-image-preview:large, max-video-preview:-1\" \/>\n<link rel=\"canonical\" href=\"https:\/\/sidg.eu\/sl\/vodstvo\/\" \/>\n<meta property=\"og:locale\" content=\"sl_SI\" \/>\n<meta property=\"og:type\" content=\"article\" \/>\n<meta property=\"og:title\" content=\"Vodstvo - SIDG\" \/>\n<meta property=\"og:description\" content=\"Vodstvo Chairman Hans Udo Wenzel Doktor ekonomije z Univerze v Z\u00fcrichu. Kariero je za\u010del v Hoechst AG, preden je ustanovil Azelis, danes enega vodilnih evropskih distributerjev kemikalij, kjer je bil izvr\u0161ni direktor do leta 2010 in predsednik do leta 2015. Kot pionir rasti, temelje\u010de na zdru\u017eitvah in prevzemih, je igral klju\u010dno vlogo pri ustanovitvi Nactarome, [&hellip;]\" \/>\n<meta property=\"og:url\" content=\"https:\/\/sidg.eu\/sl\/vodstvo\/\" \/>\n<meta property=\"og:site_name\" content=\"SIDG\" \/>\n<meta property=\"article:modified_time\" content=\"2025-11-21T10:47:17+00:00\" \/>\n<meta name=\"twitter:card\" content=\"summary_large_image\" \/>\n<meta name=\"twitter:label1\" content=\"Est. reading time\" \/>\n\t<meta name=\"twitter:data1\" content=\"2 minuti\" \/>\n<script type=\"application\/ld+json\" class=\"yoast-schema-graph\">{\"@context\":\"https:\\\/\\\/schema.org\",\"@graph\":[{\"@type\":\"WebPage\",\"@id\":\"https:\\\/\\\/sidg.eu\\\/sl\\\/vodstvo\\\/\",\"url\":\"https:\\\/\\\/sidg.eu\\\/sl\\\/vodstvo\\\/\",\"name\":\"Vodstvo - SIDG\",\"isPartOf\":{\"@id\":\"https:\\\/\\\/sidg.eu\\\/sl\\\/#website\"},\"datePublished\":\"2025-10-16T17:41:16+00:00\",\"dateModified\":\"2025-11-21T10:47:17+00:00\",\"breadcrumb\":{\"@id\":\"https:\\\/\\\/sidg.eu\\\/sl\\\/vodstvo\\\/#breadcrumb\"},\"inLanguage\":\"sl-SI\",\"potentialAction\":[{\"@type\":\"ReadAction\",\"target\":[\"https:\\\/\\\/sidg.eu\\\/sl\\\/vodstvo\\\/\"]}]},{\"@type\":\"BreadcrumbList\",\"@id\":\"https:\\\/\\\/sidg.eu\\\/sl\\\/vodstvo\\\/#breadcrumb\",\"itemListElement\":[{\"@type\":\"ListItem\",\"position\":1,\"name\":\"Home\",\"item\":\"https:\\\/\\\/sidg.eu\\\/sl\\\/\"},{\"@type\":\"ListItem\",\"position\":2,\"name\":\"Vodstvo\"}]},{\"@type\":\"WebSite\",\"@id\":\"https:\\\/\\\/sidg.eu\\\/sl\\\/#website\",\"url\":\"https:\\\/\\\/sidg.eu\\\/sl\\\/\",\"name\":\"SIDG\",\"description\":\"Innovative specialty solutions\",\"publisher\":{\"@id\":\"https:\\\/\\\/sidg.eu\\\/sl\\\/#organization\"},\"potentialAction\":[{\"@type\":\"SearchAction\",\"target\":{\"@type\":\"EntryPoint\",\"urlTemplate\":\"https:\\\/\\\/sidg.eu\\\/sl\\\/?s={search_term_string}\"},\"query-input\":{\"@type\":\"PropertyValueSpecification\",\"valueRequired\":true,\"valueName\":\"search_term_string\"}}],\"inLanguage\":\"sl-SI\"},{\"@type\":\"Organization\",\"@id\":\"https:\\\/\\\/sidg.eu\\\/sl\\\/#organization\",\"name\":\"SIDG\",\"url\":\"https:\\\/\\\/sidg.eu\\\/sl\\\/\",\"logo\":{\"@type\":\"ImageObject\",\"inLanguage\":\"sl-SI\",\"@id\":\"https:\\\/\\\/sidg.eu\\\/sl\\\/#\\\/schema\\\/logo\\\/image\\\/\",\"url\":\"https:\\\/\\\/sidg.eu\\\/wp-content\\\/uploads\\\/2025\\\/01\\\/logo.svg\",\"contentUrl\":\"https:\\\/\\\/sidg.eu\\\/wp-content\\\/uploads\\\/2025\\\/01\\\/logo.svg\",\"width\":154,\"height\":66,\"caption\":\"SIDG\"},\"image\":{\"@id\":\"https:\\\/\\\/sidg.eu\\\/sl\\\/#\\\/schema\\\/logo\\\/image\\\/\"}}]}<\/script>\n<!-- \/ Yoast SEO plugin. -->","yoast_head_json":{"title":"Vodstvo - SIDG","robots":{"index":"index","follow":"follow","max-snippet":"max-snippet:-1","max-image-preview":"max-image-preview:large","max-video-preview":"max-video-preview:-1"},"canonical":"https:\/\/sidg.eu\/sl\/vodstvo\/","og_locale":"sl_SI","og_type":"article","og_title":"Vodstvo - SIDG","og_description":"Vodstvo Chairman Hans Udo Wenzel Doktor ekonomije z Univerze v Z\u00fcrichu. Kariero je za\u010del v Hoechst AG, preden je ustanovil Azelis, danes enega vodilnih evropskih distributerjev kemikalij, kjer je bil izvr\u0161ni direktor do leta 2010 in predsednik do leta 2015. Kot pionir rasti, temelje\u010de na zdru\u017eitvah in prevzemih, je igral klju\u010dno vlogo pri ustanovitvi Nactarome, [&hellip;]","og_url":"https:\/\/sidg.eu\/sl\/vodstvo\/","og_site_name":"SIDG","article_modified_time":"2025-11-21T10:47:17+00:00","twitter_card":"summary_large_image","twitter_misc":{"Est. reading time":"2 minuti"},"schema":{"@context":"https:\/\/schema.org","@graph":[{"@type":"WebPage","@id":"https:\/\/sidg.eu\/sl\/vodstvo\/","url":"https:\/\/sidg.eu\/sl\/vodstvo\/","name":"Vodstvo - SIDG","isPartOf":{"@id":"https:\/\/sidg.eu\/sl\/#website"},"datePublished":"2025-10-16T17:41:16+00:00","dateModified":"2025-11-21T10:47:17+00:00","breadcrumb":{"@id":"https:\/\/sidg.eu\/sl\/vodstvo\/#breadcrumb"},"inLanguage":"sl-SI","potentialAction":[{"@type":"ReadAction","target":["https:\/\/sidg.eu\/sl\/vodstvo\/"]}]},{"@type":"BreadcrumbList","@id":"https:\/\/sidg.eu\/sl\/vodstvo\/#breadcrumb","itemListElement":[{"@type":"ListItem","position":1,"name":"Home","item":"https:\/\/sidg.eu\/sl\/"},{"@type":"ListItem","position":2,"name":"Vodstvo"}]},{"@type":"WebSite","@id":"https:\/\/sidg.eu\/sl\/#website","url":"https:\/\/sidg.eu\/sl\/","name":"SIDG","description":"Innovative specialty solutions","publisher":{"@id":"https:\/\/sidg.eu\/sl\/#organization"},"potentialAction":[{"@type":"SearchAction","target":{"@type":"EntryPoint","urlTemplate":"https:\/\/sidg.eu\/sl\/?s={search_term_string}"},"query-input":{"@type":"PropertyValueSpecification","valueRequired":true,"valueName":"search_term_string"}}],"inLanguage":"sl-SI"},{"@type":"Organization","@id":"https:\/\/sidg.eu\/sl\/#organization","name":"SIDG","url":"https:\/\/sidg.eu\/sl\/","logo":{"@type":"ImageObject","inLanguage":"sl-SI","@id":"https:\/\/sidg.eu\/sl\/#\/schema\/logo\/image\/","url":"https:\/\/sidg.eu\/wp-content\/uploads\/2025\/01\/logo.svg","contentUrl":"https:\/\/sidg.eu\/wp-content\/uploads\/2025\/01\/logo.svg","width":154,"height":66,"caption":"SIDG"},"image":{"@id":"https:\/\/sidg.eu\/sl\/#\/schema\/logo\/image\/"}}]}},"_links":{"self":[{"href":"https:\/\/sidg.eu\/sl\/wp-json\/wp\/v2\/pages\/889","targetHints":{"allow":["GET"]}}],"collection":[{"href":"https:\/\/sidg.eu\/sl\/wp-json\/wp\/v2\/pages"}],"about":[{"href":"https:\/\/sidg.eu\/sl\/wp-json\/wp\/v2\/types\/page"}],"author":[{"embeddable":true,"href":"https:\/\/sidg.eu\/sl\/wp-json\/wp\/v2\/users\/1"}],"replies":[{"embeddable":true,"href":"https:\/\/sidg.eu\/sl\/wp-json\/wp\/v2\/comments?post=889"}],"version-history":[{"count":8,"href":"https:\/\/sidg.eu\/sl\/wp-json\/wp\/v2\/pages\/889\/revisions"}],"predecessor-version":[{"id":1287,"href":"https:\/\/sidg.eu\/sl\/wp-json\/wp\/v2\/pages\/889\/revisions\/1287"}],"wp:attachment":[{"href":"https:\/\/sidg.eu\/sl\/wp-json\/wp\/v2\/media?parent=889"}],"curies":[{"name":"wp","href":"https:\/\/api.w.org\/{rel}","templated":true}]}}