{"id":966,"date":"2025-10-16T14:28:42","date_gmt":"2025-10-16T14:28:42","guid":{"rendered":"https:\/\/sidg.eu\/benvenuti-in-sidg\/"},"modified":"2025-11-21T10:09:06","modified_gmt":"2025-11-21T10:09:06","slug":"benvenuti-in-sidg","status":"publish","type":"page","link":"https:\/\/sidg.eu\/it\/benvenuti-in-sidg\/","title":{"rendered":"Benvenuti in SIDG"},"content":{"rendered":"\t\t<div data-elementor-type=\"wp-page\" data-elementor-id=\"966\" class=\"elementor elementor-966 elementor-426\" data-elementor-post-type=\"page\">\n\t\t\t\t<div class=\"elementor-element elementor-element-d1606d0 e-flex e-con-boxed e-con e-parent\" data-id=\"d1606d0\" data-element_type=\"container\" data-e-type=\"container\" data-settings=\"{&quot;background_background&quot;:&quot;classic&quot;}\">\n\t\t\t\t\t<div class=\"e-con-inner\">\n\t\t\t\t<div class=\"elementor-element elementor-element-5300d78 elementor-widget elementor-widget-heading\" data-id=\"5300d78\" data-element_type=\"widget\" data-e-type=\"widget\" data-widget_type=\"heading.default\">\n\t\t\t\t<div class=\"elementor-widget-container\">\n\t\t\t\t\t<h1 class=\"elementor-heading-title elementor-size-default\">Benvenuti in<br>SIDG<\/h1>\t\t\t\t<\/div>\n\t\t\t\t<\/div>\n\t\t\t\t\t<\/div>\n\t\t\t\t<\/div>\n\t\t<div class=\"elementor-element elementor-element-66e5531 e-flex e-con-boxed e-con e-parent\" data-id=\"66e5531\" data-element_type=\"container\" data-e-type=\"container\" id=\"bienvenue\" data-settings=\"{&quot;background_background&quot;:&quot;classic&quot;}\">\n\t\t\t\t\t<div class=\"e-con-inner\">\n\t\t<div class=\"elementor-element elementor-element-1354ac51 e-con-full e-flex e-con e-child\" data-id=\"1354ac51\" data-element_type=\"container\" data-e-type=\"container\">\n\t\t<div class=\"elementor-element elementor-element-6011173c e-con-full e-flex e-con e-child\" data-id=\"6011173c\" data-element_type=\"container\" data-e-type=\"container\">\n\t\t\t\t<div class=\"elementor-element elementor-element-35f6b7df elementor-widget elementor-widget-image\" data-id=\"35f6b7df\" data-element_type=\"widget\" data-e-type=\"widget\" data-widget_type=\"image.default\">\n\t\t\t\t<div class=\"elementor-widget-container\">\n\t\t\t\t\t\t\t\t\t\t\t\t\t\t\t<img fetchpriority=\"high\" decoding=\"async\" width=\"447\" height=\"407\" src=\"https:\/\/sidg.eu\/wp-content\/uploads\/2025\/10\/welcome.png\" class=\"attachment-full size-full wp-image-1162\" alt=\"\" srcset=\"https:\/\/sidg.eu\/wp-content\/uploads\/2025\/10\/welcome.png 447w, https:\/\/sidg.eu\/wp-content\/uploads\/2025\/10\/welcome-300x273.png 300w\" sizes=\"(max-width: 447px) 100vw, 447px\" \/>\t\t\t\t\t\t\t\t\t\t\t\t\t\t\t<\/div>\n\t\t\t\t<\/div>\n\t\t\t\t<\/div>\n\t\t<div class=\"elementor-element elementor-element-7b3a1e4f e-con-full e-flex e-con e-child\" data-id=\"7b3a1e4f\" data-element_type=\"container\" data-e-type=\"container\">\n\t\t\t\t<div class=\"elementor-element elementor-element-66a81f15 animated-slow elementor-widget elementor-widget-heading\" data-id=\"66a81f15\" data-element_type=\"widget\" data-e-type=\"widget\" data-settings=\"{&quot;_animation&quot;:&quot;none&quot;,&quot;_animation_delay&quot;:100}\" data-widget_type=\"heading.default\">\n\t\t\t\t<div class=\"elementor-widget-container\">\n\t\t\t\t\t<h5 class=\"elementor-heading-title elementor-size-default\">Benvenuti in SIDG<\/h5>\t\t\t\t<\/div>\n\t\t\t\t<\/div>\n\t\t\t\t<div class=\"elementor-element elementor-element-2dfa27c7 animated-slow elementor-widget elementor-widget-heading\" data-id=\"2dfa27c7\" data-element_type=\"widget\" data-e-type=\"widget\" data-settings=\"{&quot;_animation&quot;:&quot;none&quot;,&quot;_animation_delay&quot;:200}\" data-widget_type=\"heading.default\">\n\t\t\t\t<div class=\"elementor-widget-container\">\n\t\t\t\t\t<h2 class=\"elementor-heading-title elementor-size-default\">Specialty Ingredients Distribution Group<\/h2>\t\t\t\t<\/div>\n\t\t\t\t<\/div>\n\t\t\t\t<div class=\"elementor-element elementor-element-6d4a62ed animated-slow elementor-widget elementor-widget-text-editor\" data-id=\"6d4a62ed\" data-element_type=\"widget\" data-e-type=\"widget\" data-settings=\"{&quot;_animation&quot;:&quot;none&quot;}\" data-widget_type=\"text-editor.default\">\n\t\t\t\t<div class=\"elementor-widget-container\">\n\t\t\t\t\t\t\t\t\t<p>Specialty Ingredients Distribution Group (SIDG) \u00e8 un\u2019alleanza strategica paneuropea di aziende a conduzione familiare dedicata alla distribuzione di ingredienti e specialit\u00e0 chimiche. Il Gruppo riunisce un know-how approfondito nei settori delle Life Sciences (alimentare &amp; nutraceutici, cosmetico, aromi &amp; fragranze, farmaceutico, feed e agro), oltre che in applicazioni industriali (rivestimenti, adesivi, polimeri, lubrificanti e trattamento delle acque).  <\/p><p>Ogni azienda membro opera con piena autonomia, beneficiando al contempo della forza, delle sinergie e della portata internazionale del SIDG. Questo modello distintivo garantisce continuit\u00e0, agilit\u00e0 e una visione a lungo termine, valorizza l\u2019imprenditorialit\u00e0 e unisce prossimit\u00e0 locale e solidit\u00e0 internazionale. <\/p><p>SIDG ha una presenza di primo piano in Francia, in Italia, in Lussemburgo e nell\u2019Europa sud-orientale \u2013 aziende autonome unite da un\u2019eredit\u00e0 familiare e da un impegno condiviso verso l\u2019eccellenza, l\u2019innovazione e la responsabilit\u00e0.<\/p>\t\t\t\t\t\t\t\t<\/div>\n\t\t\t\t<\/div>\n\t\t\t\t<\/div>\n\t\t\t\t<\/div>\n\t\t\t\t\t<\/div>\n\t\t\t\t<\/div>\n\t\t<div class=\"elementor-element elementor-element-2e7be1d e-flex e-con-boxed e-con e-parent\" data-id=\"2e7be1d\" data-element_type=\"container\" data-e-type=\"container\" data-settings=\"{&quot;background_background&quot;:&quot;classic&quot;,&quot;background_motion_fx_motion_fx_scrolling&quot;:&quot;yes&quot;,&quot;background_motion_fx_translateY_effect&quot;:&quot;yes&quot;,&quot;background_motion_fx_translateY_speed&quot;:{&quot;unit&quot;:&quot;px&quot;,&quot;size&quot;:2,&quot;sizes&quot;:[]},&quot;background_motion_fx_range&quot;:&quot;page&quot;,&quot;background_motion_fx_translateY_affectedRange&quot;:{&quot;unit&quot;:&quot;%&quot;,&quot;size&quot;:&quot;&quot;,&quot;sizes&quot;:{&quot;start&quot;:0,&quot;end&quot;:100}},&quot;background_motion_fx_devices&quot;:[&quot;desktop&quot;,&quot;tablet&quot;,&quot;mobile&quot;]}\">\n\t\t\t\t\t<div class=\"e-con-inner\">\n\t\t\t\t<div class=\"elementor-element elementor-element-e3b9f47 elementor-widget elementor-widget-heading\" data-id=\"e3b9f47\" data-element_type=\"widget\" data-e-type=\"widget\" data-widget_type=\"heading.default\">\n\t\t\t\t<div class=\"elementor-widget-container\">\n\t\t\t\t\t<h3 class=\"elementor-heading-title elementor-size-default\">Insieme, stiamo costruendo un futuro pi\u00f9 forte e siamo pronti ad accogliere nel nostro gruppo nuovi membri che condividono i nostri valori.<\/h3>\t\t\t\t<\/div>\n\t\t\t\t<\/div>\n\t\t\t\t\t<\/div>\n\t\t\t\t<\/div>\n\t\t<div class=\"elementor-element elementor-element-70bb575 e-flex e-con-boxed e-con e-parent\" data-id=\"70bb575\" data-element_type=\"container\" data-e-type=\"container\">\n\t\t\t\t\t<div class=\"e-con-inner\">\n\t\t\t\t<div class=\"elementor-element elementor-element-6f76def animated-slow elementor-widget elementor-widget-heading\" data-id=\"6f76def\" data-element_type=\"widget\" data-e-type=\"widget\" data-settings=\"{&quot;_animation&quot;:&quot;none&quot;,&quot;_animation_delay&quot;:200}\" data-widget_type=\"heading.default\">\n\t\t\t\t<div class=\"elementor-widget-container\">\n\t\t\t\t\t<h2 class=\"elementor-heading-title elementor-size-default\">Missione e Visione<\/h2>\t\t\t\t<\/div>\n\t\t\t\t<\/div>\n\t\t<div class=\"elementor-element elementor-element-3e817a3 e-con-full e-flex e-con e-child\" data-id=\"3e817a3\" data-element_type=\"container\" data-e-type=\"container\">\n\t\t<div class=\"elementor-element elementor-element-fdab8b8 e-con-full e-flex e-con e-child\" data-id=\"fdab8b8\" data-element_type=\"container\" data-e-type=\"container\">\n\t\t\t\t<div class=\"elementor-element elementor-element-ac0d9e2 elementor-widget elementor-widget-image\" data-id=\"ac0d9e2\" data-element_type=\"widget\" data-e-type=\"widget\" data-widget_type=\"image.default\">\n\t\t\t\t<div class=\"elementor-widget-container\">\n\t\t\t\t\t\t\t\t\t\t\t\t\t\t\t<img decoding=\"async\" src=\"https:\/\/sidg.eu\/wp-content\/uploads\/2025\/10\/img-vision.svg\" title=\"img-vision\" alt=\"img-vision\" loading=\"lazy\" \/>\t\t\t\t\t\t\t\t\t\t\t\t\t\t\t<\/div>\n\t\t\t\t<\/div>\n\t\t\t\t<div class=\"elementor-element elementor-element-1462766 elementor-widget elementor-widget-heading\" data-id=\"1462766\" data-element_type=\"widget\" data-e-type=\"widget\" data-widget_type=\"heading.default\">\n\t\t\t\t<div class=\"elementor-widget-container\">\n\t\t\t\t\t<h4 class=\"elementor-heading-title elementor-size-default\">Visione<\/h4>\t\t\t\t<\/div>\n\t\t\t\t<\/div>\n\t\t\t\t<div class=\"elementor-element elementor-element-b934e40 elementor-widget elementor-widget-text-editor\" data-id=\"b934e40\" data-element_type=\"widget\" data-e-type=\"widget\" data-widget_type=\"text-editor.default\">\n\t\t\t\t<div class=\"elementor-widget-container\">\n\t\t\t\t\t\t\t\t\t<p>Plasmare un futuro sostenibile con specializzazione nelle life science e nelle applicazioni industriali, attraverso valori imprenditoriali, innovazione e una presenza globale.<\/p>\t\t\t\t\t\t\t\t<\/div>\n\t\t\t\t<\/div>\n\t\t\t\t<\/div>\n\t\t<div class=\"elementor-element elementor-element-2ad1b52 e-con-full e-flex e-con e-child\" data-id=\"2ad1b52\" data-element_type=\"container\" data-e-type=\"container\">\n\t\t\t\t<div class=\"elementor-element elementor-element-3d877ef elementor-widget elementor-widget-image\" data-id=\"3d877ef\" data-element_type=\"widget\" data-e-type=\"widget\" data-widget_type=\"image.default\">\n\t\t\t\t<div class=\"elementor-widget-container\">\n\t\t\t\t\t\t\t\t\t\t\t\t\t\t\t<img decoding=\"async\" src=\"https:\/\/sidg.eu\/wp-content\/uploads\/2025\/01\/qualite.svg\" title=\"qualite\" alt=\"qualite\" loading=\"lazy\" \/>\t\t\t\t\t\t\t\t\t\t\t\t\t\t\t<\/div>\n\t\t\t\t<\/div>\n\t\t\t\t<div class=\"elementor-element elementor-element-686c745 elementor-widget elementor-widget-heading\" data-id=\"686c745\" data-element_type=\"widget\" data-e-type=\"widget\" data-widget_type=\"heading.default\">\n\t\t\t\t<div class=\"elementor-widget-container\">\n\t\t\t\t\t<h4 class=\"elementor-heading-title elementor-size-default\">Missione<\/h4>\t\t\t\t<\/div>\n\t\t\t\t<\/div>\n\t\t\t\t<div class=\"elementor-element elementor-element-c50aab0 elementor-widget elementor-widget-text-editor\" data-id=\"c50aab0\" data-element_type=\"widget\" data-e-type=\"widget\" data-widget_type=\"text-editor.default\">\n\t\t\t\t<div class=\"elementor-widget-container\">\n\t\t\t\t\t\t\t\t\t<p>Creiamo valore per i nostri Partner offrendo ai loro ingredienti e specialit\u00e0 chimiche di alta qualit\u00e0 una portata globale nei settori farmaceutico, alimentare, nutraceutico, cosmetico, agro &amp; feed e nelle applicazioni industriali. In qualit\u00e0 di solution provider, uniamo conoscenza tecnica, spirito imprenditoriale, innovazione e sostenibilit\u00e0, rafforzati dalle sinergie del nostro gruppo, per costruire partnership durature e generare valore nel lungo periodo. <\/p>\t\t\t\t\t\t\t\t<\/div>\n\t\t\t\t<\/div>\n\t\t\t\t<\/div>\n\t\t\t\t<\/div>\n\t\t\t\t\t<\/div>\n\t\t\t\t<\/div>\n\t\t\t\t<\/div>\n\t\t","protected":false},"excerpt":{"rendered":"<p>Benvenuti inSIDG Benvenuti in SIDG Specialty Ingredients Distribution Group Specialty Ingredients Distribution Group (SIDG) \u00e8 un\u2019alleanza strategica paneuropea di aziende a conduzione familiare dedicata alla distribuzione di ingredienti e specialit\u00e0 chimiche. Il Gruppo riunisce un know-how approfondito nei settori delle Life Sciences (alimentare &amp; nutraceutici, cosmetico, aromi &amp; fragranze, farmaceutico, feed e agro), oltre che [&hellip;]<\/p>\n","protected":false},"author":1,"featured_media":0,"parent":0,"menu_order":0,"comment_status":"closed","ping_status":"closed","template":"","meta":{"inline_featured_image":false,"footnotes":""},"class_list":["post-966","page","type-page","status-publish","hentry"],"yoast_head":"<!-- This site is optimized with the Yoast SEO plugin v27.3 - https:\/\/yoast.com\/product\/yoast-seo-wordpress\/ -->\n<title>Benvenuti in SIDG - SIDG<\/title>\n<meta name=\"robots\" content=\"index, follow, max-snippet:-1, max-image-preview:large, max-video-preview:-1\" \/>\n<link rel=\"canonical\" href=\"https:\/\/sidg.eu\/it\/benvenuti-in-sidg\/\" \/>\n<meta property=\"og:locale\" content=\"it_IT\" \/>\n<meta property=\"og:type\" content=\"article\" \/>\n<meta property=\"og:title\" content=\"Benvenuti in SIDG - SIDG\" \/>\n<meta property=\"og:description\" content=\"Benvenuti inSIDG Benvenuti in SIDG Specialty Ingredients Distribution Group Specialty Ingredients Distribution Group (SIDG) \u00e8 un\u2019alleanza strategica paneuropea di aziende a conduzione familiare dedicata alla distribuzione di ingredienti e specialit\u00e0 chimiche. Il Gruppo riunisce un know-how approfondito nei settori delle Life Sciences (alimentare &amp; nutraceutici, cosmetico, aromi &amp; fragranze, farmaceutico, feed e agro), oltre che [&hellip;]\" \/>\n<meta property=\"og:url\" content=\"https:\/\/sidg.eu\/it\/benvenuti-in-sidg\/\" \/>\n<meta property=\"og:site_name\" content=\"SIDG\" \/>\n<meta property=\"article:modified_time\" content=\"2025-11-21T10:09:06+00:00\" \/>\n<meta property=\"og:image\" content=\"https:\/\/sidg.eu\/wp-content\/uploads\/2025\/10\/welcome.png\" \/>\n\t<meta property=\"og:image:width\" content=\"447\" \/>\n\t<meta property=\"og:image:height\" content=\"407\" \/>\n\t<meta property=\"og:image:type\" content=\"image\/png\" \/>\n<meta name=\"twitter:card\" content=\"summary_large_image\" \/>\n<meta name=\"twitter:label1\" content=\"Tempo di lettura stimato\" \/>\n\t<meta name=\"twitter:data1\" content=\"1 minuto\" \/>\n<script type=\"application\/ld+json\" class=\"yoast-schema-graph\">{\"@context\":\"https:\\\/\\\/schema.org\",\"@graph\":[{\"@type\":\"WebPage\",\"@id\":\"https:\\\/\\\/sidg.eu\\\/it\\\/benvenuti-in-sidg\\\/\",\"url\":\"https:\\\/\\\/sidg.eu\\\/it\\\/benvenuti-in-sidg\\\/\",\"name\":\"Benvenuti in SIDG - SIDG\",\"isPartOf\":{\"@id\":\"https:\\\/\\\/sidg.eu\\\/it\\\/#website\"},\"primaryImageOfPage\":{\"@id\":\"https:\\\/\\\/sidg.eu\\\/it\\\/benvenuti-in-sidg\\\/#primaryimage\"},\"image\":{\"@id\":\"https:\\\/\\\/sidg.eu\\\/it\\\/benvenuti-in-sidg\\\/#primaryimage\"},\"thumbnailUrl\":\"https:\\\/\\\/sidg.eu\\\/wp-content\\\/uploads\\\/2025\\\/10\\\/welcome.png\",\"datePublished\":\"2025-10-16T14:28:42+00:00\",\"dateModified\":\"2025-11-21T10:09:06+00:00\",\"breadcrumb\":{\"@id\":\"https:\\\/\\\/sidg.eu\\\/it\\\/benvenuti-in-sidg\\\/#breadcrumb\"},\"inLanguage\":\"it-IT\",\"potentialAction\":[{\"@type\":\"ReadAction\",\"target\":[\"https:\\\/\\\/sidg.eu\\\/it\\\/benvenuti-in-sidg\\\/\"]}]},{\"@type\":\"ImageObject\",\"inLanguage\":\"it-IT\",\"@id\":\"https:\\\/\\\/sidg.eu\\\/it\\\/benvenuti-in-sidg\\\/#primaryimage\",\"url\":\"https:\\\/\\\/sidg.eu\\\/wp-content\\\/uploads\\\/2025\\\/10\\\/welcome.png\",\"contentUrl\":\"https:\\\/\\\/sidg.eu\\\/wp-content\\\/uploads\\\/2025\\\/10\\\/welcome.png\"},{\"@type\":\"BreadcrumbList\",\"@id\":\"https:\\\/\\\/sidg.eu\\\/it\\\/benvenuti-in-sidg\\\/#breadcrumb\",\"itemListElement\":[{\"@type\":\"ListItem\",\"position\":1,\"name\":\"Home\",\"item\":\"https:\\\/\\\/sidg.eu\\\/it\\\/\"},{\"@type\":\"ListItem\",\"position\":2,\"name\":\"Benvenuti in SIDG\"}]},{\"@type\":\"WebSite\",\"@id\":\"https:\\\/\\\/sidg.eu\\\/it\\\/#website\",\"url\":\"https:\\\/\\\/sidg.eu\\\/it\\\/\",\"name\":\"SIDG\",\"description\":\"Innovative specialty solutions\",\"publisher\":{\"@id\":\"https:\\\/\\\/sidg.eu\\\/it\\\/#organization\"},\"potentialAction\":[{\"@type\":\"SearchAction\",\"target\":{\"@type\":\"EntryPoint\",\"urlTemplate\":\"https:\\\/\\\/sidg.eu\\\/it\\\/?s={search_term_string}\"},\"query-input\":{\"@type\":\"PropertyValueSpecification\",\"valueRequired\":true,\"valueName\":\"search_term_string\"}}],\"inLanguage\":\"it-IT\"},{\"@type\":\"Organization\",\"@id\":\"https:\\\/\\\/sidg.eu\\\/it\\\/#organization\",\"name\":\"SIDG\",\"url\":\"https:\\\/\\\/sidg.eu\\\/it\\\/\",\"logo\":{\"@type\":\"ImageObject\",\"inLanguage\":\"it-IT\",\"@id\":\"https:\\\/\\\/sidg.eu\\\/it\\\/#\\\/schema\\\/logo\\\/image\\\/\",\"url\":\"https:\\\/\\\/sidg.eu\\\/wp-content\\\/uploads\\\/2025\\\/01\\\/logo.svg\",\"contentUrl\":\"https:\\\/\\\/sidg.eu\\\/wp-content\\\/uploads\\\/2025\\\/01\\\/logo.svg\",\"width\":154,\"height\":66,\"caption\":\"SIDG\"},\"image\":{\"@id\":\"https:\\\/\\\/sidg.eu\\\/it\\\/#\\\/schema\\\/logo\\\/image\\\/\"}}]}<\/script>\n<!-- \/ Yoast SEO plugin. -->","yoast_head_json":{"title":"Benvenuti in SIDG - SIDG","robots":{"index":"index","follow":"follow","max-snippet":"max-snippet:-1","max-image-preview":"max-image-preview:large","max-video-preview":"max-video-preview:-1"},"canonical":"https:\/\/sidg.eu\/it\/benvenuti-in-sidg\/","og_locale":"it_IT","og_type":"article","og_title":"Benvenuti in SIDG - SIDG","og_description":"Benvenuti inSIDG Benvenuti in SIDG Specialty Ingredients Distribution Group Specialty Ingredients Distribution Group (SIDG) \u00e8 un\u2019alleanza strategica paneuropea di aziende a conduzione familiare dedicata alla distribuzione di ingredienti e specialit\u00e0 chimiche. Il Gruppo riunisce un know-how approfondito nei settori delle Life Sciences (alimentare &amp; nutraceutici, cosmetico, aromi &amp; fragranze, farmaceutico, feed e agro), oltre che [&hellip;]","og_url":"https:\/\/sidg.eu\/it\/benvenuti-in-sidg\/","og_site_name":"SIDG","article_modified_time":"2025-11-21T10:09:06+00:00","og_image":[{"width":447,"height":407,"url":"https:\/\/sidg.eu\/wp-content\/uploads\/2025\/10\/welcome.png","type":"image\/png"}],"twitter_card":"summary_large_image","twitter_misc":{"Tempo di lettura stimato":"1 minuto"},"schema":{"@context":"https:\/\/schema.org","@graph":[{"@type":"WebPage","@id":"https:\/\/sidg.eu\/it\/benvenuti-in-sidg\/","url":"https:\/\/sidg.eu\/it\/benvenuti-in-sidg\/","name":"Benvenuti in SIDG - SIDG","isPartOf":{"@id":"https:\/\/sidg.eu\/it\/#website"},"primaryImageOfPage":{"@id":"https:\/\/sidg.eu\/it\/benvenuti-in-sidg\/#primaryimage"},"image":{"@id":"https:\/\/sidg.eu\/it\/benvenuti-in-sidg\/#primaryimage"},"thumbnailUrl":"https:\/\/sidg.eu\/wp-content\/uploads\/2025\/10\/welcome.png","datePublished":"2025-10-16T14:28:42+00:00","dateModified":"2025-11-21T10:09:06+00:00","breadcrumb":{"@id":"https:\/\/sidg.eu\/it\/benvenuti-in-sidg\/#breadcrumb"},"inLanguage":"it-IT","potentialAction":[{"@type":"ReadAction","target":["https:\/\/sidg.eu\/it\/benvenuti-in-sidg\/"]}]},{"@type":"ImageObject","inLanguage":"it-IT","@id":"https:\/\/sidg.eu\/it\/benvenuti-in-sidg\/#primaryimage","url":"https:\/\/sidg.eu\/wp-content\/uploads\/2025\/10\/welcome.png","contentUrl":"https:\/\/sidg.eu\/wp-content\/uploads\/2025\/10\/welcome.png"},{"@type":"BreadcrumbList","@id":"https:\/\/sidg.eu\/it\/benvenuti-in-sidg\/#breadcrumb","itemListElement":[{"@type":"ListItem","position":1,"name":"Home","item":"https:\/\/sidg.eu\/it\/"},{"@type":"ListItem","position":2,"name":"Benvenuti in SIDG"}]},{"@type":"WebSite","@id":"https:\/\/sidg.eu\/it\/#website","url":"https:\/\/sidg.eu\/it\/","name":"SIDG","description":"Innovative specialty solutions","publisher":{"@id":"https:\/\/sidg.eu\/it\/#organization"},"potentialAction":[{"@type":"SearchAction","target":{"@type":"EntryPoint","urlTemplate":"https:\/\/sidg.eu\/it\/?s={search_term_string}"},"query-input":{"@type":"PropertyValueSpecification","valueRequired":true,"valueName":"search_term_string"}}],"inLanguage":"it-IT"},{"@type":"Organization","@id":"https:\/\/sidg.eu\/it\/#organization","name":"SIDG","url":"https:\/\/sidg.eu\/it\/","logo":{"@type":"ImageObject","inLanguage":"it-IT","@id":"https:\/\/sidg.eu\/it\/#\/schema\/logo\/image\/","url":"https:\/\/sidg.eu\/wp-content\/uploads\/2025\/01\/logo.svg","contentUrl":"https:\/\/sidg.eu\/wp-content\/uploads\/2025\/01\/logo.svg","width":154,"height":66,"caption":"SIDG"},"image":{"@id":"https:\/\/sidg.eu\/it\/#\/schema\/logo\/image\/"}}]}},"_links":{"self":[{"href":"https:\/\/sidg.eu\/it\/wp-json\/wp\/v2\/pages\/966","targetHints":{"allow":["GET"]}}],"collection":[{"href":"https:\/\/sidg.eu\/it\/wp-json\/wp\/v2\/pages"}],"about":[{"href":"https:\/\/sidg.eu\/it\/wp-json\/wp\/v2\/types\/page"}],"author":[{"embeddable":true,"href":"https:\/\/sidg.eu\/it\/wp-json\/wp\/v2\/users\/1"}],"replies":[{"embeddable":true,"href":"https:\/\/sidg.eu\/it\/wp-json\/wp\/v2\/comments?post=966"}],"version-history":[{"count":8,"href":"https:\/\/sidg.eu\/it\/wp-json\/wp\/v2\/pages\/966\/revisions"}],"predecessor-version":[{"id":1236,"href":"https:\/\/sidg.eu\/it\/wp-json\/wp\/v2\/pages\/966\/revisions\/1236"}],"wp:attachment":[{"href":"https:\/\/sidg.eu\/it\/wp-json\/wp\/v2\/media?parent=966"}],"curies":[{"name":"wp","href":"https:\/\/api.w.org\/{rel}","templated":true}]}}