{"id":893,"date":"2025-10-16T17:41:16","date_gmt":"2025-10-16T17:41:16","guid":{"rendered":"https:\/\/sidg.eu\/leadership-2\/"},"modified":"2025-11-21T10:47:17","modified_gmt":"2025-11-21T10:47:17","slug":"leadership-2","status":"publish","type":"page","link":"https:\/\/sidg.eu\/it\/leadership-2\/","title":{"rendered":"Leadership"},"content":{"rendered":"\t\t<div data-elementor-type=\"wp-page\" data-elementor-id=\"893\" class=\"elementor elementor-893 elementor-473\" data-elementor-post-type=\"page\">\n\t\t\t\t<div class=\"elementor-element elementor-element-d81a027 e-flex e-con-boxed e-con e-parent\" data-id=\"d81a027\" data-element_type=\"container\" data-e-type=\"container\" data-settings=\"{&quot;background_background&quot;:&quot;classic&quot;}\">\n\t\t\t\t\t<div class=\"e-con-inner\">\n\t\t\t\t<div class=\"elementor-element elementor-element-42c817a8 elementor-widget elementor-widget-heading\" data-id=\"42c817a8\" data-element_type=\"widget\" data-e-type=\"widget\" data-widget_type=\"heading.default\">\n\t\t\t\t<div class=\"elementor-widget-container\">\n\t\t\t\t\t<h1 class=\"elementor-heading-title elementor-size-default\">Leadership<\/h1>\t\t\t\t<\/div>\n\t\t\t\t<\/div>\n\t\t\t\t\t<\/div>\n\t\t\t\t<\/div>\n\t\t<div class=\"elementor-element elementor-element-bedce01 e-flex e-con-boxed e-con e-parent\" data-id=\"bedce01\" data-element_type=\"container\" data-e-type=\"container\">\n\t\t\t\t\t<div class=\"e-con-inner\">\n\t\t<div class=\"elementor-element elementor-element-0e83ff0 e-con-full e-flex e-con e-child\" data-id=\"0e83ff0\" data-element_type=\"container\" data-e-type=\"container\">\n\t\t<div class=\"elementor-element elementor-element-b339da7 e-con-full e-flex e-con e-child\" data-id=\"b339da7\" data-element_type=\"container\" data-e-type=\"container\">\n\t\t\t\t<\/div>\n\t\t<div class=\"elementor-element elementor-element-14d05a7 e-con-full e-flex e-con e-child\" data-id=\"14d05a7\" data-element_type=\"container\" data-e-type=\"container\">\n\t\t\t\t<div class=\"elementor-element elementor-element-4ddf085 animated-slow elementor-widget elementor-widget-heading\" data-id=\"4ddf085\" data-element_type=\"widget\" data-e-type=\"widget\" data-settings=\"{&quot;_animation&quot;:&quot;none&quot;,&quot;_animation_delay&quot;:100}\" data-widget_type=\"heading.default\">\n\t\t\t\t<div class=\"elementor-widget-container\">\n\t\t\t\t\t<h5 class=\"elementor-heading-title elementor-size-default\">Chairman<\/h5>\t\t\t\t<\/div>\n\t\t\t\t<\/div>\n\t\t\t\t<div class=\"elementor-element elementor-element-7a9f7fc animated-slow elementor-widget elementor-widget-heading\" data-id=\"7a9f7fc\" data-element_type=\"widget\" data-e-type=\"widget\" data-settings=\"{&quot;_animation&quot;:&quot;none&quot;,&quot;_animation_delay&quot;:200}\" data-widget_type=\"heading.default\">\n\t\t\t\t<div class=\"elementor-widget-container\">\n\t\t\t\t\t<h2 class=\"elementor-heading-title elementor-size-default\">Hans Udo Wenzel<\/h2>\t\t\t\t<\/div>\n\t\t\t\t<\/div>\n\t\t\t\t<div class=\"elementor-element elementor-element-a8d2b19 elementor-widget elementor-widget-text-editor\" data-id=\"a8d2b19\" data-element_type=\"widget\" data-e-type=\"widget\" data-widget_type=\"text-editor.default\">\n\t\t\t\t<div class=\"elementor-widget-container\">\n\t\t\t\t\t\t\t\t\t<p><span lang=\"en-GB\">PhD in Economia presso l\u2019Universit\u00e0 di Zurigo, ha iniziato la carriera in Hoechst AG per poi fondare Azelis, oggi tra i principali distributori chimici europei, dove \u00e8 stato CEO fino al 2010 e Presidente fino al 2015. Pioniere del modello di crescita mediante M&amp;A, \u00e8 stato protagonista della nascita di Nactarome, ha fondato Deimos Group, societ\u00e0 del Gruppo SIDG attiva nella distribuzione di ingredienti e intermedi Life Science, ed \u00e8 attualmente Presidente di SIDG.  <\/span><\/p>\t\t\t\t\t\t\t\t<\/div>\n\t\t\t\t<\/div>\n\t\t\t\t<\/div>\n\t\t\t\t<\/div>\n\t\t<div class=\"elementor-element elementor-element-3c9cf3a e-con-full e-flex e-con e-child\" data-id=\"3c9cf3a\" data-element_type=\"container\" data-e-type=\"container\">\n\t\t<div class=\"elementor-element elementor-element-05b03d0 e-con-full e-flex e-con e-child\" data-id=\"05b03d0\" data-element_type=\"container\" data-e-type=\"container\">\n\t\t\t\t<\/div>\n\t\t<div class=\"elementor-element elementor-element-73057ba e-con-full e-flex e-con e-child\" data-id=\"73057ba\" data-element_type=\"container\" data-e-type=\"container\">\n\t\t\t\t<div class=\"elementor-element elementor-element-ea3d4fb animated-slow elementor-widget elementor-widget-heading\" data-id=\"ea3d4fb\" data-element_type=\"widget\" data-e-type=\"widget\" data-settings=\"{&quot;_animation&quot;:&quot;none&quot;,&quot;_animation_delay&quot;:100}\" data-widget_type=\"heading.default\">\n\t\t\t\t<div class=\"elementor-widget-container\">\n\t\t\t\t\t<h5 class=\"elementor-heading-title elementor-size-default\">Chief Executive Officer<\/h5>\t\t\t\t<\/div>\n\t\t\t\t<\/div>\n\t\t\t\t<div class=\"elementor-element elementor-element-dfcfd34 animated-slow elementor-widget elementor-widget-heading\" data-id=\"dfcfd34\" data-element_type=\"widget\" data-e-type=\"widget\" data-settings=\"{&quot;_animation&quot;:&quot;none&quot;,&quot;_animation_delay&quot;:200}\" data-widget_type=\"heading.default\">\n\t\t\t\t<div class=\"elementor-widget-container\">\n\t\t\t\t\t<h2 class=\"elementor-heading-title elementor-size-default\">Herv\u00e9 Ory-Lavoll\u00e9e<\/h2>\t\t\t\t<\/div>\n\t\t\t\t<\/div>\n\t\t\t\t<div class=\"elementor-element elementor-element-5869525 elementor-widget elementor-widget-text-editor\" data-id=\"5869525\" data-element_type=\"widget\" data-e-type=\"widget\" data-widget_type=\"text-editor.default\">\n\t\t\t\t<div class=\"elementor-widget-container\">\n\t\t\t\t\t\t\t\t\t<p>Herv\u00e9 Ory-Lavoll\u00e9e ha assunto la guida di Groupe Lavoll\u00e9e, oggi SIDG France, nel 1983, a soli 23 anni, dopo la scomparsa del padre, fondatore del gruppo. Un percorso entusiasmante che, da 43 anni, continua a evolversi attraverso cambiamenti e nuove opportunit\u00e0. Una delle sfide pi\u00f9 significative \u00e8 stata il lancio del business delle Life Sciences \u2014 una scommessa vincente, considerando che oltre l\u201980% del fatturato attuale di SIDG proviene da questo settore.<\/p>\t\t\t\t\t\t\t\t<\/div>\n\t\t\t\t<\/div>\n\t\t\t\t<\/div>\n\t\t\t\t<\/div>\n\t\t\t\t\t<\/div>\n\t\t\t\t<\/div>\n\t\t<div class=\"elementor-element elementor-element-42c6bef e-flex e-con-boxed e-con e-parent\" data-id=\"42c6bef\" data-element_type=\"container\" data-e-type=\"container\">\n\t\t\t\t\t<div class=\"e-con-inner\">\n\t\t<div class=\"elementor-element elementor-element-096a6e0 e-con-full e-flex e-con e-child\" data-id=\"096a6e0\" data-element_type=\"container\" data-e-type=\"container\">\n\t\t<div class=\"elementor-element elementor-element-ca2e246 e-con-full e-flex e-con e-child\" data-id=\"ca2e246\" data-element_type=\"container\" data-e-type=\"container\">\n\t\t\t\t<\/div>\n\t\t<div class=\"elementor-element elementor-element-0bf96f9 e-con-full e-flex e-con e-child\" data-id=\"0bf96f9\" data-element_type=\"container\" data-e-type=\"container\">\n\t\t\t\t<div class=\"elementor-element elementor-element-0406a14 animated-slow elementor-widget elementor-widget-heading\" data-id=\"0406a14\" data-element_type=\"widget\" data-e-type=\"widget\" data-settings=\"{&quot;_animation&quot;:&quot;none&quot;,&quot;_animation_delay&quot;:100}\" data-widget_type=\"heading.default\">\n\t\t\t\t<div class=\"elementor-widget-container\">\n\t\t\t\t\t<h5 class=\"elementor-heading-title elementor-size-default\">Chief Operating Officer<\/h5>\t\t\t\t<\/div>\n\t\t\t\t<\/div>\n\t\t\t\t<div class=\"elementor-element elementor-element-eb84ade animated-slow elementor-widget elementor-widget-heading\" data-id=\"eb84ade\" data-element_type=\"widget\" data-e-type=\"widget\" data-settings=\"{&quot;_animation&quot;:&quot;none&quot;,&quot;_animation_delay&quot;:200}\" data-widget_type=\"heading.default\">\n\t\t\t\t<div class=\"elementor-widget-container\">\n\t\t\t\t\t<h2 class=\"elementor-heading-title elementor-size-default\">Edgar Claudio Wenzel<\/h2>\t\t\t\t<\/div>\n\t\t\t\t<\/div>\n\t\t\t\t<div class=\"elementor-element elementor-element-272d419 elementor-widget elementor-widget-text-editor\" data-id=\"272d419\" data-element_type=\"widget\" data-e-type=\"widget\" data-widget_type=\"text-editor.default\">\n\t\t\t\t<div class=\"elementor-widget-container\">\n\t\t\t\t\t\t\t\t\t<p><span lang=\"en-GB\">Ha conseguito un Global Executive MBA presso SDA Bocconi e la Rotman School of Management, dopo essersi laureato in Business Administration &amp; Accounting e aver ottenuto un Master in International Business presso la KIMEP University di Almaty. Ha iniziato la sua carriera in Inalchim come Business Development Manager Food e oggi ricopre il ruolo di Chief Operating Officer di SIDG, oltre a essere membro del Board di Deimos Group. <\/span><\/p>\t\t\t\t\t\t\t\t<\/div>\n\t\t\t\t<\/div>\n\t\t\t\t<\/div>\n\t\t\t\t<\/div>\n\t\t<div class=\"elementor-element elementor-element-c7ccc85 e-con-full e-flex e-con e-child\" data-id=\"c7ccc85\" data-element_type=\"container\" data-e-type=\"container\">\n\t\t<div class=\"elementor-element elementor-element-60f65b8 e-con-full e-flex e-con e-child\" data-id=\"60f65b8\" data-element_type=\"container\" data-e-type=\"container\">\n\t\t\t\t<\/div>\n\t\t<div class=\"elementor-element elementor-element-0494a64 e-con-full e-flex e-con e-child\" data-id=\"0494a64\" data-element_type=\"container\" data-e-type=\"container\">\n\t\t\t\t<div class=\"elementor-element elementor-element-fe329e8 animated-slow elementor-widget elementor-widget-heading\" data-id=\"fe329e8\" data-element_type=\"widget\" data-e-type=\"widget\" data-settings=\"{&quot;_animation&quot;:&quot;none&quot;,&quot;_animation_delay&quot;:100}\" data-widget_type=\"heading.default\">\n\t\t\t\t<div class=\"elementor-widget-container\">\n\t\t\t\t\t<h5 class=\"elementor-heading-title elementor-size-default\">Chief Marketing Officer<\/h5>\t\t\t\t<\/div>\n\t\t\t\t<\/div>\n\t\t\t\t<div class=\"elementor-element elementor-element-dd3b185 animated-slow elementor-widget elementor-widget-heading\" data-id=\"dd3b185\" data-element_type=\"widget\" data-e-type=\"widget\" data-settings=\"{&quot;_animation&quot;:&quot;none&quot;,&quot;_animation_delay&quot;:200}\" data-widget_type=\"heading.default\">\n\t\t\t\t<div class=\"elementor-widget-container\">\n\t\t\t\t\t<h2 class=\"elementor-heading-title elementor-size-default\">Axelle \nLavoll\u00e9e<\/h2>\t\t\t\t<\/div>\n\t\t\t\t<\/div>\n\t\t\t\t<div class=\"elementor-element elementor-element-6071e35 elementor-widget elementor-widget-text-editor\" data-id=\"6071e35\" data-element_type=\"widget\" data-e-type=\"widget\" data-widget_type=\"text-editor.default\">\n\t\t\t\t<div class=\"elementor-widget-container\">\n\t\t\t\t\t\t\t\t\t<p><span lang=\"en-GB\">Axelle Ory-Lavoll\u00e9e \u00e8 entrata a far parte di SIDG nove anni fa, rappresentando la terza generazione della famiglia Ory-Lavoll\u00e9e coinvolta nell\u2019attivit\u00e0. Le \u00e8 stata affidata la creazione e lo sviluppo del reparto Outsourcing di SIDG France, che ha costruito e strutturato completamente. Laureata in una prestigiosa scuola di economia con un Master in Management, il suo background \u00e8 radicato nelle vendite e nello sviluppo commerciale. Con una forte attenzione alle esigenze dei clienti, ha contribuito alla crescita del Gruppo offrendo soluzioni flessibili e su misura, rafforzando le partnership a lungo termine.   <\/span><\/p>\t\t\t\t\t\t\t\t<\/div>\n\t\t\t\t<\/div>\n\t\t\t\t<\/div>\n\t\t\t\t<\/div>\n\t\t<div class=\"elementor-element elementor-element-4183457 e-con-full e-flex e-con e-child\" data-id=\"4183457\" data-element_type=\"container\" data-e-type=\"container\">\n\t\t<div class=\"elementor-element elementor-element-9c2c2b1 e-con-full e-flex e-con e-child\" data-id=\"9c2c2b1\" data-element_type=\"container\" data-e-type=\"container\">\n\t\t\t\t<\/div>\n\t\t<div class=\"elementor-element elementor-element-fe54408 e-con-full e-flex e-con e-child\" data-id=\"fe54408\" data-element_type=\"container\" data-e-type=\"container\">\n\t\t\t\t<div class=\"elementor-element elementor-element-68c4d77 animated-slow elementor-widget elementor-widget-heading\" data-id=\"68c4d77\" data-element_type=\"widget\" data-e-type=\"widget\" data-settings=\"{&quot;_animation&quot;:&quot;none&quot;,&quot;_animation_delay&quot;:100}\" data-widget_type=\"heading.default\">\n\t\t\t\t<div class=\"elementor-widget-container\">\n\t\t\t\t\t<h5 class=\"elementor-heading-title elementor-size-default\">Chief Financial Officer<\/h5>\t\t\t\t<\/div>\n\t\t\t\t<\/div>\n\t\t\t\t<div class=\"elementor-element elementor-element-b60e721 animated-slow elementor-widget elementor-widget-heading\" data-id=\"b60e721\" data-element_type=\"widget\" data-e-type=\"widget\" data-settings=\"{&quot;_animation&quot;:&quot;none&quot;,&quot;_animation_delay&quot;:200}\" data-widget_type=\"heading.default\">\n\t\t\t\t<div class=\"elementor-widget-container\">\n\t\t\t\t\t<h2 class=\"elementor-heading-title elementor-size-default\">Emmanuel G\u00e9rard<\/h2>\t\t\t\t<\/div>\n\t\t\t\t<\/div>\n\t\t\t\t<div class=\"elementor-element elementor-element-8adbd61 elementor-widget elementor-widget-text-editor\" data-id=\"8adbd61\" data-element_type=\"widget\" data-e-type=\"widget\" data-widget_type=\"text-editor.default\">\n\t\t\t\t<div class=\"elementor-widget-container\">\n\t\t\t\t\t\t\t\t\t<p><span lang=\"en-GB\">Da oltre 25 anni, Emmanuel G\u00e9rard sostiene la crescita del Gruppo Lavoll\u00e9e, oggi SIDG France, in qualit\u00e0 di Direttore Finanziario. Presente sin dagli esordi dell\u2019azienda, ha svolto un ruolo chiave nel suo sviluppo, guidando diversi progetti di fusione e acquisizione e strutturando la funzione finanziaria insieme al suo team di tre persone. Oggi, facendo leva sulla consolidata esperienza maturata, assume nuove responsabilit\u00e0 come Direttore Finanziario dell\u2019intero Gruppo SIDG.  <\/span><\/p>\t\t\t\t\t\t\t\t<\/div>\n\t\t\t\t<\/div>\n\t\t\t\t<\/div>\n\t\t\t\t<\/div>\n\t\t\t\t\t<\/div>\n\t\t\t\t<\/div>\n\t\t<div class=\"elementor-element elementor-element-eff1ca9 e-flex e-con-boxed e-con e-parent\" data-id=\"eff1ca9\" data-element_type=\"container\" data-e-type=\"container\">\n\t\t\t\t\t<div class=\"e-con-inner\">\n\t\t\t\t\t<\/div>\n\t\t\t\t<\/div>\n\t\t\t\t<\/div>\n\t\t","protected":false},"excerpt":{"rendered":"<p>Leadership Chairman Hans Udo Wenzel PhD in Economia presso l\u2019Universit\u00e0 di Zurigo, ha iniziato la carriera in Hoechst AG per poi fondare Azelis, oggi tra i principali distributori chimici europei, dove \u00e8 stato CEO fino al 2010 e Presidente fino al 2015. Pioniere del modello di crescita mediante M&amp;A, \u00e8 stato protagonista della nascita di [&hellip;]<\/p>\n","protected":false},"author":1,"featured_media":0,"parent":0,"menu_order":0,"comment_status":"closed","ping_status":"closed","template":"","meta":{"inline_featured_image":false,"footnotes":""},"class_list":["post-893","page","type-page","status-publish","hentry"],"yoast_head":"<!-- This site is optimized with the Yoast SEO plugin v27.3 - https:\/\/yoast.com\/product\/yoast-seo-wordpress\/ -->\n<title>Leadership - SIDG<\/title>\n<meta name=\"robots\" content=\"index, follow, max-snippet:-1, max-image-preview:large, max-video-preview:-1\" \/>\n<link rel=\"canonical\" href=\"https:\/\/sidg.eu\/it\/leadership-2\/\" \/>\n<meta property=\"og:locale\" content=\"it_IT\" \/>\n<meta property=\"og:type\" content=\"article\" \/>\n<meta property=\"og:title\" content=\"Leadership - SIDG\" \/>\n<meta property=\"og:description\" content=\"Leadership Chairman Hans Udo Wenzel PhD in Economia presso l\u2019Universit\u00e0 di Zurigo, ha iniziato la carriera in Hoechst AG per poi fondare Azelis, oggi tra i principali distributori chimici europei, dove \u00e8 stato CEO fino al 2010 e Presidente fino al 2015. Pioniere del modello di crescita mediante M&amp;A, \u00e8 stato protagonista della nascita di [&hellip;]\" \/>\n<meta property=\"og:url\" content=\"https:\/\/sidg.eu\/it\/leadership-2\/\" \/>\n<meta property=\"og:site_name\" content=\"SIDG\" \/>\n<meta property=\"article:modified_time\" content=\"2025-11-21T10:47:17+00:00\" \/>\n<meta name=\"twitter:card\" content=\"summary_large_image\" \/>\n<meta name=\"twitter:label1\" content=\"Tempo di lettura stimato\" \/>\n\t<meta name=\"twitter:data1\" content=\"2 minuti\" \/>\n<script type=\"application\/ld+json\" class=\"yoast-schema-graph\">{\"@context\":\"https:\\\/\\\/schema.org\",\"@graph\":[{\"@type\":\"WebPage\",\"@id\":\"https:\\\/\\\/sidg.eu\\\/it\\\/leadership-2\\\/\",\"url\":\"https:\\\/\\\/sidg.eu\\\/it\\\/leadership-2\\\/\",\"name\":\"Leadership - SIDG\",\"isPartOf\":{\"@id\":\"https:\\\/\\\/sidg.eu\\\/it\\\/#website\"},\"datePublished\":\"2025-10-16T17:41:16+00:00\",\"dateModified\":\"2025-11-21T10:47:17+00:00\",\"breadcrumb\":{\"@id\":\"https:\\\/\\\/sidg.eu\\\/it\\\/leadership-2\\\/#breadcrumb\"},\"inLanguage\":\"it-IT\",\"potentialAction\":[{\"@type\":\"ReadAction\",\"target\":[\"https:\\\/\\\/sidg.eu\\\/it\\\/leadership-2\\\/\"]}]},{\"@type\":\"BreadcrumbList\",\"@id\":\"https:\\\/\\\/sidg.eu\\\/it\\\/leadership-2\\\/#breadcrumb\",\"itemListElement\":[{\"@type\":\"ListItem\",\"position\":1,\"name\":\"Home\",\"item\":\"https:\\\/\\\/sidg.eu\\\/it\\\/\"},{\"@type\":\"ListItem\",\"position\":2,\"name\":\"Leadership\"}]},{\"@type\":\"WebSite\",\"@id\":\"https:\\\/\\\/sidg.eu\\\/it\\\/#website\",\"url\":\"https:\\\/\\\/sidg.eu\\\/it\\\/\",\"name\":\"SIDG\",\"description\":\"Innovative specialty solutions\",\"publisher\":{\"@id\":\"https:\\\/\\\/sidg.eu\\\/it\\\/#organization\"},\"potentialAction\":[{\"@type\":\"SearchAction\",\"target\":{\"@type\":\"EntryPoint\",\"urlTemplate\":\"https:\\\/\\\/sidg.eu\\\/it\\\/?s={search_term_string}\"},\"query-input\":{\"@type\":\"PropertyValueSpecification\",\"valueRequired\":true,\"valueName\":\"search_term_string\"}}],\"inLanguage\":\"it-IT\"},{\"@type\":\"Organization\",\"@id\":\"https:\\\/\\\/sidg.eu\\\/it\\\/#organization\",\"name\":\"SIDG\",\"url\":\"https:\\\/\\\/sidg.eu\\\/it\\\/\",\"logo\":{\"@type\":\"ImageObject\",\"inLanguage\":\"it-IT\",\"@id\":\"https:\\\/\\\/sidg.eu\\\/it\\\/#\\\/schema\\\/logo\\\/image\\\/\",\"url\":\"https:\\\/\\\/sidg.eu\\\/wp-content\\\/uploads\\\/2025\\\/01\\\/logo.svg\",\"contentUrl\":\"https:\\\/\\\/sidg.eu\\\/wp-content\\\/uploads\\\/2025\\\/01\\\/logo.svg\",\"width\":154,\"height\":66,\"caption\":\"SIDG\"},\"image\":{\"@id\":\"https:\\\/\\\/sidg.eu\\\/it\\\/#\\\/schema\\\/logo\\\/image\\\/\"}}]}<\/script>\n<!-- \/ Yoast SEO plugin. -->","yoast_head_json":{"title":"Leadership - SIDG","robots":{"index":"index","follow":"follow","max-snippet":"max-snippet:-1","max-image-preview":"max-image-preview:large","max-video-preview":"max-video-preview:-1"},"canonical":"https:\/\/sidg.eu\/it\/leadership-2\/","og_locale":"it_IT","og_type":"article","og_title":"Leadership - SIDG","og_description":"Leadership Chairman Hans Udo Wenzel PhD in Economia presso l\u2019Universit\u00e0 di Zurigo, ha iniziato la carriera in Hoechst AG per poi fondare Azelis, oggi tra i principali distributori chimici europei, dove \u00e8 stato CEO fino al 2010 e Presidente fino al 2015. Pioniere del modello di crescita mediante M&amp;A, \u00e8 stato protagonista della nascita di [&hellip;]","og_url":"https:\/\/sidg.eu\/it\/leadership-2\/","og_site_name":"SIDG","article_modified_time":"2025-11-21T10:47:17+00:00","twitter_card":"summary_large_image","twitter_misc":{"Tempo di lettura stimato":"2 minuti"},"schema":{"@context":"https:\/\/schema.org","@graph":[{"@type":"WebPage","@id":"https:\/\/sidg.eu\/it\/leadership-2\/","url":"https:\/\/sidg.eu\/it\/leadership-2\/","name":"Leadership - SIDG","isPartOf":{"@id":"https:\/\/sidg.eu\/it\/#website"},"datePublished":"2025-10-16T17:41:16+00:00","dateModified":"2025-11-21T10:47:17+00:00","breadcrumb":{"@id":"https:\/\/sidg.eu\/it\/leadership-2\/#breadcrumb"},"inLanguage":"it-IT","potentialAction":[{"@type":"ReadAction","target":["https:\/\/sidg.eu\/it\/leadership-2\/"]}]},{"@type":"BreadcrumbList","@id":"https:\/\/sidg.eu\/it\/leadership-2\/#breadcrumb","itemListElement":[{"@type":"ListItem","position":1,"name":"Home","item":"https:\/\/sidg.eu\/it\/"},{"@type":"ListItem","position":2,"name":"Leadership"}]},{"@type":"WebSite","@id":"https:\/\/sidg.eu\/it\/#website","url":"https:\/\/sidg.eu\/it\/","name":"SIDG","description":"Innovative specialty solutions","publisher":{"@id":"https:\/\/sidg.eu\/it\/#organization"},"potentialAction":[{"@type":"SearchAction","target":{"@type":"EntryPoint","urlTemplate":"https:\/\/sidg.eu\/it\/?s={search_term_string}"},"query-input":{"@type":"PropertyValueSpecification","valueRequired":true,"valueName":"search_term_string"}}],"inLanguage":"it-IT"},{"@type":"Organization","@id":"https:\/\/sidg.eu\/it\/#organization","name":"SIDG","url":"https:\/\/sidg.eu\/it\/","logo":{"@type":"ImageObject","inLanguage":"it-IT","@id":"https:\/\/sidg.eu\/it\/#\/schema\/logo\/image\/","url":"https:\/\/sidg.eu\/wp-content\/uploads\/2025\/01\/logo.svg","contentUrl":"https:\/\/sidg.eu\/wp-content\/uploads\/2025\/01\/logo.svg","width":154,"height":66,"caption":"SIDG"},"image":{"@id":"https:\/\/sidg.eu\/it\/#\/schema\/logo\/image\/"}}]}},"_links":{"self":[{"href":"https:\/\/sidg.eu\/it\/wp-json\/wp\/v2\/pages\/893","targetHints":{"allow":["GET"]}}],"collection":[{"href":"https:\/\/sidg.eu\/it\/wp-json\/wp\/v2\/pages"}],"about":[{"href":"https:\/\/sidg.eu\/it\/wp-json\/wp\/v2\/types\/page"}],"author":[{"embeddable":true,"href":"https:\/\/sidg.eu\/it\/wp-json\/wp\/v2\/users\/1"}],"replies":[{"embeddable":true,"href":"https:\/\/sidg.eu\/it\/wp-json\/wp\/v2\/comments?post=893"}],"version-history":[{"count":6,"href":"https:\/\/sidg.eu\/it\/wp-json\/wp\/v2\/pages\/893\/revisions"}],"predecessor-version":[{"id":1286,"href":"https:\/\/sidg.eu\/it\/wp-json\/wp\/v2\/pages\/893\/revisions\/1286"}],"wp:attachment":[{"href":"https:\/\/sidg.eu\/it\/wp-json\/wp\/v2\/media?parent=893"}],"curies":[{"name":"wp","href":"https:\/\/api.w.org\/{rel}","templated":true}]}}