{"id":970,"date":"2025-10-16T14:28:42","date_gmt":"2025-10-16T14:28:42","guid":{"rendered":"https:\/\/sidg.eu\/dobrodosli-u-sidg\/"},"modified":"2025-11-21T10:09:06","modified_gmt":"2025-11-21T10:09:06","slug":"dobrodosli-u-sidg","status":"publish","type":"page","link":"https:\/\/sidg.eu\/hr\/dobrodosli-u-sidg\/","title":{"rendered":"Dobrodo\u0161li u SIDG"},"content":{"rendered":"\t\t<div data-elementor-type=\"wp-page\" data-elementor-id=\"970\" class=\"elementor elementor-970 elementor-426\" data-elementor-post-type=\"page\">\n\t\t\t\t<div class=\"elementor-element elementor-element-d1606d0 e-flex e-con-boxed e-con e-parent\" data-id=\"d1606d0\" data-element_type=\"container\" data-e-type=\"container\" data-settings=\"{&quot;background_background&quot;:&quot;classic&quot;}\">\n\t\t\t\t\t<div class=\"e-con-inner\">\n\t\t\t\t<div class=\"elementor-element elementor-element-5300d78 elementor-widget elementor-widget-heading\" data-id=\"5300d78\" data-element_type=\"widget\" data-e-type=\"widget\" data-widget_type=\"heading.default\">\n\t\t\t\t<div class=\"elementor-widget-container\">\n\t\t\t\t\t<h1 class=\"elementor-heading-title elementor-size-default\">Dobrodo\u0161li u<br>SIDG<\/h1>\t\t\t\t<\/div>\n\t\t\t\t<\/div>\n\t\t\t\t\t<\/div>\n\t\t\t\t<\/div>\n\t\t<div class=\"elementor-element elementor-element-66e5531 e-flex e-con-boxed e-con e-parent\" data-id=\"66e5531\" data-element_type=\"container\" data-e-type=\"container\" id=\"bienvenue\" data-settings=\"{&quot;background_background&quot;:&quot;classic&quot;}\">\n\t\t\t\t\t<div class=\"e-con-inner\">\n\t\t<div class=\"elementor-element elementor-element-1354ac51 e-con-full e-flex e-con e-child\" data-id=\"1354ac51\" data-element_type=\"container\" data-e-type=\"container\">\n\t\t<div class=\"elementor-element elementor-element-6011173c e-con-full e-flex e-con e-child\" data-id=\"6011173c\" data-element_type=\"container\" data-e-type=\"container\">\n\t\t\t\t<div class=\"elementor-element elementor-element-35f6b7df elementor-widget elementor-widget-image\" data-id=\"35f6b7df\" data-element_type=\"widget\" data-e-type=\"widget\" data-widget_type=\"image.default\">\n\t\t\t\t<div class=\"elementor-widget-container\">\n\t\t\t\t\t\t\t\t\t\t\t\t\t\t\t<img fetchpriority=\"high\" decoding=\"async\" width=\"447\" height=\"407\" src=\"https:\/\/sidg.eu\/wp-content\/uploads\/2025\/10\/welcome.png\" class=\"attachment-full size-full wp-image-1160\" alt=\"\" srcset=\"https:\/\/sidg.eu\/wp-content\/uploads\/2025\/10\/welcome.png 447w, https:\/\/sidg.eu\/wp-content\/uploads\/2025\/10\/welcome-300x273.png 300w\" sizes=\"(max-width: 447px) 100vw, 447px\" \/>\t\t\t\t\t\t\t\t\t\t\t\t\t\t\t<\/div>\n\t\t\t\t<\/div>\n\t\t\t\t<\/div>\n\t\t<div class=\"elementor-element elementor-element-7b3a1e4f e-con-full e-flex e-con e-child\" data-id=\"7b3a1e4f\" data-element_type=\"container\" data-e-type=\"container\">\n\t\t\t\t<div class=\"elementor-element elementor-element-66a81f15 animated-slow elementor-widget elementor-widget-heading\" data-id=\"66a81f15\" data-element_type=\"widget\" data-e-type=\"widget\" data-settings=\"{&quot;_animation&quot;:&quot;none&quot;,&quot;_animation_delay&quot;:100}\" data-widget_type=\"heading.default\">\n\t\t\t\t<div class=\"elementor-widget-container\">\n\t\t\t\t\t<h5 class=\"elementor-heading-title elementor-size-default\">Dobrodo\u0161li u SIDG<\/h5>\t\t\t\t<\/div>\n\t\t\t\t<\/div>\n\t\t\t\t<div class=\"elementor-element elementor-element-2dfa27c7 animated-slow elementor-widget elementor-widget-heading\" data-id=\"2dfa27c7\" data-element_type=\"widget\" data-e-type=\"widget\" data-settings=\"{&quot;_animation&quot;:&quot;none&quot;,&quot;_animation_delay&quot;:200}\" data-widget_type=\"heading.default\">\n\t\t\t\t<div class=\"elementor-widget-container\">\n\t\t\t\t\t<h2 class=\"elementor-heading-title elementor-size-default\">Specialty Ingredients Distribution Group<\/h2>\t\t\t\t<\/div>\n\t\t\t\t<\/div>\n\t\t\t\t<div class=\"elementor-element elementor-element-6d4a62ed animated-slow elementor-widget elementor-widget-text-editor\" data-id=\"6d4a62ed\" data-element_type=\"widget\" data-e-type=\"widget\" data-settings=\"{&quot;_animation&quot;:&quot;none&quot;}\" data-widget_type=\"text-editor.default\">\n\t\t\t\t<div class=\"elementor-widget-container\">\n\t\t\t\t\t\t\t\t\t<p>Specialty Ingredients Distribution Group (SIDG) je paneuropski strate\u0161ki savez obiteljskih tvrtki posve\u0107enih distribuciji specijalnih sastojaka i kemikalija. Grupa objedinjuje duboko znanje iz sektora Life Sciences (hrana i nutraceutici, kozmetika, mirisi i okusi, farmacija, sto\u010dna hrana i poljoprivreda) te industrijskih primjena (premazi, ljepila, polimeri, maziva, obrada vode).  <\/p><p>Svaka \u010dlanica grupe djeluje potpuno autonomno, dok istovremeno koristi snagu, sinergiju i me\u0111unarodni doseg SIDG-a. Ovaj jedinstveni model osigurava kontinuitet, agilnost i dugoro\u010dnu viziju, poti\u010de fleksibilnost i poduzetni\u0161tvo te spaja lokalnu dinami\u010dnost s globalnom snagom. <\/p><p>SIDG zauzima istaknutu poziciju u Francuskoj, Italiji, Luksemburgu i jugoisto\u010dnoj Europi \u2013 okupljaju\u0107i autonomne tvrtke povezane obiteljskom tradicijom i predano\u0161\u0107u izvrsnosti, inovacijama i odgovornosti.<\/p>\t\t\t\t\t\t\t\t<\/div>\n\t\t\t\t<\/div>\n\t\t\t\t<\/div>\n\t\t\t\t<\/div>\n\t\t\t\t\t<\/div>\n\t\t\t\t<\/div>\n\t\t<div class=\"elementor-element elementor-element-2e7be1d e-flex e-con-boxed e-con e-parent\" data-id=\"2e7be1d\" data-element_type=\"container\" data-e-type=\"container\" data-settings=\"{&quot;background_background&quot;:&quot;classic&quot;,&quot;background_motion_fx_motion_fx_scrolling&quot;:&quot;yes&quot;,&quot;background_motion_fx_translateY_effect&quot;:&quot;yes&quot;,&quot;background_motion_fx_translateY_speed&quot;:{&quot;unit&quot;:&quot;px&quot;,&quot;size&quot;:2,&quot;sizes&quot;:[]},&quot;background_motion_fx_range&quot;:&quot;page&quot;,&quot;background_motion_fx_translateY_affectedRange&quot;:{&quot;unit&quot;:&quot;%&quot;,&quot;size&quot;:&quot;&quot;,&quot;sizes&quot;:{&quot;start&quot;:0,&quot;end&quot;:100}},&quot;background_motion_fx_devices&quot;:[&quot;desktop&quot;,&quot;tablet&quot;,&quot;mobile&quot;]}\">\n\t\t\t\t\t<div class=\"e-con-inner\">\n\t\t\t\t<div class=\"elementor-element elementor-element-e3b9f47 elementor-widget elementor-widget-heading\" data-id=\"e3b9f47\" data-element_type=\"widget\" data-e-type=\"widget\" data-widget_type=\"heading.default\">\n\t\t\t\t<div class=\"elementor-widget-container\">\n\t\t\t\t\t<h3 class=\"elementor-heading-title elementor-size-default\">Zajedno gradimo sna\u017eniju budu\u0107nost i s veseljem do\u010dekujemo nove \u010dlanove koji dijele na\u0161e vrijednosti.<\/h3>\t\t\t\t<\/div>\n\t\t\t\t<\/div>\n\t\t\t\t\t<\/div>\n\t\t\t\t<\/div>\n\t\t<div class=\"elementor-element elementor-element-70bb575 e-flex e-con-boxed e-con e-parent\" data-id=\"70bb575\" data-element_type=\"container\" data-e-type=\"container\">\n\t\t\t\t\t<div class=\"e-con-inner\">\n\t\t\t\t<div class=\"elementor-element elementor-element-6f76def animated-slow elementor-widget elementor-widget-heading\" data-id=\"6f76def\" data-element_type=\"widget\" data-e-type=\"widget\" data-settings=\"{&quot;_animation&quot;:&quot;none&quot;,&quot;_animation_delay&quot;:200}\" data-widget_type=\"heading.default\">\n\t\t\t\t<div class=\"elementor-widget-container\">\n\t\t\t\t\t<h2 class=\"elementor-heading-title elementor-size-default\">Misija i vizija<\/h2>\t\t\t\t<\/div>\n\t\t\t\t<\/div>\n\t\t<div class=\"elementor-element elementor-element-3e817a3 e-con-full e-flex e-con e-child\" data-id=\"3e817a3\" data-element_type=\"container\" data-e-type=\"container\">\n\t\t<div class=\"elementor-element elementor-element-fdab8b8 e-con-full e-flex e-con e-child\" data-id=\"fdab8b8\" data-element_type=\"container\" data-e-type=\"container\">\n\t\t\t\t<div class=\"elementor-element elementor-element-ac0d9e2 elementor-widget elementor-widget-image\" data-id=\"ac0d9e2\" data-element_type=\"widget\" data-e-type=\"widget\" data-widget_type=\"image.default\">\n\t\t\t\t<div class=\"elementor-widget-container\">\n\t\t\t\t\t\t\t\t\t\t\t\t\t\t\t<img decoding=\"async\" src=\"https:\/\/sidg.eu\/wp-content\/uploads\/2025\/10\/img-vision.svg\" title=\"img-vision\" alt=\"img-vision\" loading=\"lazy\" \/>\t\t\t\t\t\t\t\t\t\t\t\t\t\t\t<\/div>\n\t\t\t\t<\/div>\n\t\t\t\t<div class=\"elementor-element elementor-element-1462766 elementor-widget elementor-widget-heading\" data-id=\"1462766\" data-element_type=\"widget\" data-e-type=\"widget\" data-widget_type=\"heading.default\">\n\t\t\t\t<div class=\"elementor-widget-container\">\n\t\t\t\t\t<h4 class=\"elementor-heading-title elementor-size-default\">Vizija<\/h4>\t\t\t\t<\/div>\n\t\t\t\t<\/div>\n\t\t\t\t<div class=\"elementor-element elementor-element-b934e40 elementor-widget elementor-widget-text-editor\" data-id=\"b934e40\" data-element_type=\"widget\" data-e-type=\"widget\" data-widget_type=\"text-editor.default\">\n\t\t\t\t<div class=\"elementor-widget-container\">\n\t\t\t\t\t\t\t\t\t<p>Oblikujemo odr\u017eivu budu\u0107nost sa specijalnostima u life science i industrijskim primjenama kroz poduzetni\u010dke vrijednosti, inovacije i globalni doseg.<\/p>\t\t\t\t\t\t\t\t<\/div>\n\t\t\t\t<\/div>\n\t\t\t\t<\/div>\n\t\t<div class=\"elementor-element elementor-element-2ad1b52 e-con-full e-flex e-con e-child\" data-id=\"2ad1b52\" data-element_type=\"container\" data-e-type=\"container\">\n\t\t\t\t<div class=\"elementor-element elementor-element-3d877ef elementor-widget elementor-widget-image\" data-id=\"3d877ef\" data-element_type=\"widget\" data-e-type=\"widget\" data-widget_type=\"image.default\">\n\t\t\t\t<div class=\"elementor-widget-container\">\n\t\t\t\t\t\t\t\t\t\t\t\t\t\t\t<img decoding=\"async\" src=\"https:\/\/sidg.eu\/wp-content\/uploads\/2025\/01\/qualite.svg\" title=\"qualite\" alt=\"qualite\" loading=\"lazy\" \/>\t\t\t\t\t\t\t\t\t\t\t\t\t\t\t<\/div>\n\t\t\t\t<\/div>\n\t\t\t\t<div class=\"elementor-element elementor-element-686c745 elementor-widget elementor-widget-heading\" data-id=\"686c745\" data-element_type=\"widget\" data-e-type=\"widget\" data-widget_type=\"heading.default\">\n\t\t\t\t<div class=\"elementor-widget-container\">\n\t\t\t\t\t<h4 class=\"elementor-heading-title elementor-size-default\">Misija<\/h4>\t\t\t\t<\/div>\n\t\t\t\t<\/div>\n\t\t\t\t<div class=\"elementor-element elementor-element-c50aab0 elementor-widget elementor-widget-text-editor\" data-id=\"c50aab0\" data-element_type=\"widget\" data-e-type=\"widget\" data-widget_type=\"text-editor.default\">\n\t\t\t\t<div class=\"elementor-widget-container\">\n\t\t\t\t\t\t\t\t\t<p>Stvaramo vrijednost za na\u0161e partnere omogu\u0107uju\u0107i globalni doseg njihovih visokokvalitetnih sastojaka i specijalnih dodataka u sektorima hrane, nutraceutika, kozmetike, mirisa i okusa, farmacije, poljoprivrede, sto\u010dne hrane i industrijskih primjena. Kao pru\u017eatelj rje\u0161enja i osna\u017eeni sinergijom grupe, kombiniramo tehni\u010dko znanje, poduzetni\u0161tvo, inovacije i odr\u017eivost, kako bismo njegovali dugoro\u010dna partnerstva i pru\u017eali odr\u017eivu vrijednost. <\/p>\t\t\t\t\t\t\t\t<\/div>\n\t\t\t\t<\/div>\n\t\t\t\t<\/div>\n\t\t\t\t<\/div>\n\t\t\t\t\t<\/div>\n\t\t\t\t<\/div>\n\t\t\t\t<\/div>\n\t\t","protected":false},"excerpt":{"rendered":"<p>Dobrodo\u0161li uSIDG Dobrodo\u0161li u SIDG Specialty Ingredients Distribution Group Specialty Ingredients Distribution Group (SIDG) je paneuropski strate\u0161ki savez obiteljskih tvrtki posve\u0107enih distribuciji specijalnih sastojaka i kemikalija. Grupa objedinjuje duboko znanje iz sektora Life Sciences (hrana i nutraceutici, kozmetika, mirisi i okusi, farmacija, sto\u010dna hrana i poljoprivreda) te industrijskih primjena (premazi, ljepila, polimeri, maziva, obrada vode). [&hellip;]<\/p>\n","protected":false},"author":1,"featured_media":0,"parent":0,"menu_order":0,"comment_status":"closed","ping_status":"closed","template":"","meta":{"inline_featured_image":false,"footnotes":""},"class_list":["post-970","page","type-page","status-publish","hentry"],"yoast_head":"<!-- This site is optimized with the Yoast SEO plugin v27.3 - https:\/\/yoast.com\/product\/yoast-seo-wordpress\/ -->\n<title>Dobrodo\u0161li u SIDG - SIDG<\/title>\n<meta name=\"robots\" content=\"index, follow, max-snippet:-1, max-image-preview:large, max-video-preview:-1\" \/>\n<link rel=\"canonical\" href=\"https:\/\/sidg.eu\/hr\/dobrodosli-u-sidg\/\" \/>\n<meta property=\"og:locale\" content=\"hr_HR\" \/>\n<meta property=\"og:type\" content=\"article\" \/>\n<meta property=\"og:title\" content=\"Dobrodo\u0161li u SIDG - SIDG\" \/>\n<meta property=\"og:description\" content=\"Dobrodo\u0161li uSIDG Dobrodo\u0161li u SIDG Specialty Ingredients Distribution Group Specialty Ingredients Distribution Group (SIDG) je paneuropski strate\u0161ki savez obiteljskih tvrtki posve\u0107enih distribuciji specijalnih sastojaka i kemikalija. Grupa objedinjuje duboko znanje iz sektora Life Sciences (hrana i nutraceutici, kozmetika, mirisi i okusi, farmacija, sto\u010dna hrana i poljoprivreda) te industrijskih primjena (premazi, ljepila, polimeri, maziva, obrada vode). [&hellip;]\" \/>\n<meta property=\"og:url\" content=\"https:\/\/sidg.eu\/hr\/dobrodosli-u-sidg\/\" \/>\n<meta property=\"og:site_name\" content=\"SIDG\" \/>\n<meta property=\"article:modified_time\" content=\"2025-11-21T10:09:06+00:00\" \/>\n<meta property=\"og:image\" content=\"https:\/\/sidg.eu\/wp-content\/uploads\/2025\/10\/welcome.png\" \/>\n\t<meta property=\"og:image:width\" content=\"447\" \/>\n\t<meta property=\"og:image:height\" content=\"407\" \/>\n\t<meta property=\"og:image:type\" content=\"image\/png\" \/>\n<meta name=\"twitter:card\" content=\"summary_large_image\" \/>\n<meta name=\"twitter:label1\" content=\"Procijenjeno vrijeme \u010ditanja\" \/>\n\t<meta name=\"twitter:data1\" content=\"1 minuta\" \/>\n<script type=\"application\/ld+json\" class=\"yoast-schema-graph\">{\"@context\":\"https:\\\/\\\/schema.org\",\"@graph\":[{\"@type\":\"WebPage\",\"@id\":\"https:\\\/\\\/sidg.eu\\\/hr\\\/dobrodosli-u-sidg\\\/\",\"url\":\"https:\\\/\\\/sidg.eu\\\/hr\\\/dobrodosli-u-sidg\\\/\",\"name\":\"Dobrodo\u0161li u SIDG - SIDG\",\"isPartOf\":{\"@id\":\"https:\\\/\\\/sidg.eu\\\/hr\\\/#website\"},\"primaryImageOfPage\":{\"@id\":\"https:\\\/\\\/sidg.eu\\\/hr\\\/dobrodosli-u-sidg\\\/#primaryimage\"},\"image\":{\"@id\":\"https:\\\/\\\/sidg.eu\\\/hr\\\/dobrodosli-u-sidg\\\/#primaryimage\"},\"thumbnailUrl\":\"https:\\\/\\\/sidg.eu\\\/wp-content\\\/uploads\\\/2025\\\/10\\\/welcome.png\",\"datePublished\":\"2025-10-16T14:28:42+00:00\",\"dateModified\":\"2025-11-21T10:09:06+00:00\",\"breadcrumb\":{\"@id\":\"https:\\\/\\\/sidg.eu\\\/hr\\\/dobrodosli-u-sidg\\\/#breadcrumb\"},\"inLanguage\":\"hr\",\"potentialAction\":[{\"@type\":\"ReadAction\",\"target\":[\"https:\\\/\\\/sidg.eu\\\/hr\\\/dobrodosli-u-sidg\\\/\"]}]},{\"@type\":\"ImageObject\",\"inLanguage\":\"hr\",\"@id\":\"https:\\\/\\\/sidg.eu\\\/hr\\\/dobrodosli-u-sidg\\\/#primaryimage\",\"url\":\"https:\\\/\\\/sidg.eu\\\/wp-content\\\/uploads\\\/2025\\\/10\\\/welcome.png\",\"contentUrl\":\"https:\\\/\\\/sidg.eu\\\/wp-content\\\/uploads\\\/2025\\\/10\\\/welcome.png\"},{\"@type\":\"BreadcrumbList\",\"@id\":\"https:\\\/\\\/sidg.eu\\\/hr\\\/dobrodosli-u-sidg\\\/#breadcrumb\",\"itemListElement\":[{\"@type\":\"ListItem\",\"position\":1,\"name\":\"Home\",\"item\":\"https:\\\/\\\/sidg.eu\\\/hr\\\/\"},{\"@type\":\"ListItem\",\"position\":2,\"name\":\"Dobrodo\u0161li u SIDG\"}]},{\"@type\":\"WebSite\",\"@id\":\"https:\\\/\\\/sidg.eu\\\/hr\\\/#website\",\"url\":\"https:\\\/\\\/sidg.eu\\\/hr\\\/\",\"name\":\"SIDG\",\"description\":\"Innovative specialty solutions\",\"publisher\":{\"@id\":\"https:\\\/\\\/sidg.eu\\\/hr\\\/#organization\"},\"potentialAction\":[{\"@type\":\"SearchAction\",\"target\":{\"@type\":\"EntryPoint\",\"urlTemplate\":\"https:\\\/\\\/sidg.eu\\\/hr\\\/?s={search_term_string}\"},\"query-input\":{\"@type\":\"PropertyValueSpecification\",\"valueRequired\":true,\"valueName\":\"search_term_string\"}}],\"inLanguage\":\"hr\"},{\"@type\":\"Organization\",\"@id\":\"https:\\\/\\\/sidg.eu\\\/hr\\\/#organization\",\"name\":\"SIDG\",\"url\":\"https:\\\/\\\/sidg.eu\\\/hr\\\/\",\"logo\":{\"@type\":\"ImageObject\",\"inLanguage\":\"hr\",\"@id\":\"https:\\\/\\\/sidg.eu\\\/hr\\\/#\\\/schema\\\/logo\\\/image\\\/\",\"url\":\"https:\\\/\\\/sidg.eu\\\/wp-content\\\/uploads\\\/2025\\\/01\\\/logo.svg\",\"contentUrl\":\"https:\\\/\\\/sidg.eu\\\/wp-content\\\/uploads\\\/2025\\\/01\\\/logo.svg\",\"width\":154,\"height\":66,\"caption\":\"SIDG\"},\"image\":{\"@id\":\"https:\\\/\\\/sidg.eu\\\/hr\\\/#\\\/schema\\\/logo\\\/image\\\/\"}}]}<\/script>\n<!-- \/ Yoast SEO plugin. -->","yoast_head_json":{"title":"Dobrodo\u0161li u SIDG - SIDG","robots":{"index":"index","follow":"follow","max-snippet":"max-snippet:-1","max-image-preview":"max-image-preview:large","max-video-preview":"max-video-preview:-1"},"canonical":"https:\/\/sidg.eu\/hr\/dobrodosli-u-sidg\/","og_locale":"hr_HR","og_type":"article","og_title":"Dobrodo\u0161li u SIDG - SIDG","og_description":"Dobrodo\u0161li uSIDG Dobrodo\u0161li u SIDG Specialty Ingredients Distribution Group Specialty Ingredients Distribution Group (SIDG) je paneuropski strate\u0161ki savez obiteljskih tvrtki posve\u0107enih distribuciji specijalnih sastojaka i kemikalija. Grupa objedinjuje duboko znanje iz sektora Life Sciences (hrana i nutraceutici, kozmetika, mirisi i okusi, farmacija, sto\u010dna hrana i poljoprivreda) te industrijskih primjena (premazi, ljepila, polimeri, maziva, obrada vode). [&hellip;]","og_url":"https:\/\/sidg.eu\/hr\/dobrodosli-u-sidg\/","og_site_name":"SIDG","article_modified_time":"2025-11-21T10:09:06+00:00","og_image":[{"width":447,"height":407,"url":"https:\/\/sidg.eu\/wp-content\/uploads\/2025\/10\/welcome.png","type":"image\/png"}],"twitter_card":"summary_large_image","twitter_misc":{"Procijenjeno vrijeme \u010ditanja":"1 minuta"},"schema":{"@context":"https:\/\/schema.org","@graph":[{"@type":"WebPage","@id":"https:\/\/sidg.eu\/hr\/dobrodosli-u-sidg\/","url":"https:\/\/sidg.eu\/hr\/dobrodosli-u-sidg\/","name":"Dobrodo\u0161li u SIDG - SIDG","isPartOf":{"@id":"https:\/\/sidg.eu\/hr\/#website"},"primaryImageOfPage":{"@id":"https:\/\/sidg.eu\/hr\/dobrodosli-u-sidg\/#primaryimage"},"image":{"@id":"https:\/\/sidg.eu\/hr\/dobrodosli-u-sidg\/#primaryimage"},"thumbnailUrl":"https:\/\/sidg.eu\/wp-content\/uploads\/2025\/10\/welcome.png","datePublished":"2025-10-16T14:28:42+00:00","dateModified":"2025-11-21T10:09:06+00:00","breadcrumb":{"@id":"https:\/\/sidg.eu\/hr\/dobrodosli-u-sidg\/#breadcrumb"},"inLanguage":"hr","potentialAction":[{"@type":"ReadAction","target":["https:\/\/sidg.eu\/hr\/dobrodosli-u-sidg\/"]}]},{"@type":"ImageObject","inLanguage":"hr","@id":"https:\/\/sidg.eu\/hr\/dobrodosli-u-sidg\/#primaryimage","url":"https:\/\/sidg.eu\/wp-content\/uploads\/2025\/10\/welcome.png","contentUrl":"https:\/\/sidg.eu\/wp-content\/uploads\/2025\/10\/welcome.png"},{"@type":"BreadcrumbList","@id":"https:\/\/sidg.eu\/hr\/dobrodosli-u-sidg\/#breadcrumb","itemListElement":[{"@type":"ListItem","position":1,"name":"Home","item":"https:\/\/sidg.eu\/hr\/"},{"@type":"ListItem","position":2,"name":"Dobrodo\u0161li u SIDG"}]},{"@type":"WebSite","@id":"https:\/\/sidg.eu\/hr\/#website","url":"https:\/\/sidg.eu\/hr\/","name":"SIDG","description":"Innovative specialty solutions","publisher":{"@id":"https:\/\/sidg.eu\/hr\/#organization"},"potentialAction":[{"@type":"SearchAction","target":{"@type":"EntryPoint","urlTemplate":"https:\/\/sidg.eu\/hr\/?s={search_term_string}"},"query-input":{"@type":"PropertyValueSpecification","valueRequired":true,"valueName":"search_term_string"}}],"inLanguage":"hr"},{"@type":"Organization","@id":"https:\/\/sidg.eu\/hr\/#organization","name":"SIDG","url":"https:\/\/sidg.eu\/hr\/","logo":{"@type":"ImageObject","inLanguage":"hr","@id":"https:\/\/sidg.eu\/hr\/#\/schema\/logo\/image\/","url":"https:\/\/sidg.eu\/wp-content\/uploads\/2025\/01\/logo.svg","contentUrl":"https:\/\/sidg.eu\/wp-content\/uploads\/2025\/01\/logo.svg","width":154,"height":66,"caption":"SIDG"},"image":{"@id":"https:\/\/sidg.eu\/hr\/#\/schema\/logo\/image\/"}}]}},"_links":{"self":[{"href":"https:\/\/sidg.eu\/hr\/wp-json\/wp\/v2\/pages\/970","targetHints":{"allow":["GET"]}}],"collection":[{"href":"https:\/\/sidg.eu\/hr\/wp-json\/wp\/v2\/pages"}],"about":[{"href":"https:\/\/sidg.eu\/hr\/wp-json\/wp\/v2\/types\/page"}],"author":[{"embeddable":true,"href":"https:\/\/sidg.eu\/hr\/wp-json\/wp\/v2\/users\/1"}],"replies":[{"embeddable":true,"href":"https:\/\/sidg.eu\/hr\/wp-json\/wp\/v2\/comments?post=970"}],"version-history":[{"count":6,"href":"https:\/\/sidg.eu\/hr\/wp-json\/wp\/v2\/pages\/970\/revisions"}],"predecessor-version":[{"id":1235,"href":"https:\/\/sidg.eu\/hr\/wp-json\/wp\/v2\/pages\/970\/revisions\/1235"}],"wp:attachment":[{"href":"https:\/\/sidg.eu\/hr\/wp-json\/wp\/v2\/media?parent=970"}],"curies":[{"name":"wp","href":"https:\/\/api.w.org\/{rel}","templated":true}]}}