{"id":897,"date":"2025-10-16T17:41:16","date_gmt":"2025-10-16T17:41:16","guid":{"rendered":"https:\/\/sidg.eu\/leadership-2\/"},"modified":"2025-11-21T10:47:17","modified_gmt":"2025-11-21T10:47:17","slug":"leadership-2","status":"publish","type":"page","link":"https:\/\/sidg.eu\/hr\/leadership-2\/","title":{"rendered":"Vodstvo"},"content":{"rendered":"\t\t<div data-elementor-type=\"wp-page\" data-elementor-id=\"897\" class=\"elementor elementor-897 elementor-473\" data-elementor-post-type=\"page\">\n\t\t\t\t<div class=\"elementor-element elementor-element-d81a027 e-flex e-con-boxed e-con e-parent\" data-id=\"d81a027\" data-element_type=\"container\" data-e-type=\"container\" data-settings=\"{&quot;background_background&quot;:&quot;classic&quot;}\">\n\t\t\t\t\t<div class=\"e-con-inner\">\n\t\t\t\t<div class=\"elementor-element elementor-element-42c817a8 elementor-widget elementor-widget-heading\" data-id=\"42c817a8\" data-element_type=\"widget\" data-e-type=\"widget\" data-widget_type=\"heading.default\">\n\t\t\t\t<div class=\"elementor-widget-container\">\n\t\t\t\t\t<h1 class=\"elementor-heading-title elementor-size-default\">Vodstvo<\/h1>\t\t\t\t<\/div>\n\t\t\t\t<\/div>\n\t\t\t\t\t<\/div>\n\t\t\t\t<\/div>\n\t\t<div class=\"elementor-element elementor-element-bedce01 e-flex e-con-boxed e-con e-parent\" data-id=\"bedce01\" data-element_type=\"container\" data-e-type=\"container\">\n\t\t\t\t\t<div class=\"e-con-inner\">\n\t\t<div class=\"elementor-element elementor-element-0e83ff0 e-con-full e-flex e-con e-child\" data-id=\"0e83ff0\" data-element_type=\"container\" data-e-type=\"container\">\n\t\t<div class=\"elementor-element elementor-element-b339da7 e-con-full e-flex e-con e-child\" data-id=\"b339da7\" data-element_type=\"container\" data-e-type=\"container\">\n\t\t\t\t<\/div>\n\t\t<div class=\"elementor-element elementor-element-14d05a7 e-con-full e-flex e-con e-child\" data-id=\"14d05a7\" data-element_type=\"container\" data-e-type=\"container\">\n\t\t\t\t<div class=\"elementor-element elementor-element-4ddf085 animated-slow elementor-widget elementor-widget-heading\" data-id=\"4ddf085\" data-element_type=\"widget\" data-e-type=\"widget\" data-settings=\"{&quot;_animation&quot;:&quot;none&quot;,&quot;_animation_delay&quot;:100}\" data-widget_type=\"heading.default\">\n\t\t\t\t<div class=\"elementor-widget-container\">\n\t\t\t\t\t<h5 class=\"elementor-heading-title elementor-size-default\">Chairman<\/h5>\t\t\t\t<\/div>\n\t\t\t\t<\/div>\n\t\t\t\t<div class=\"elementor-element elementor-element-7a9f7fc animated-slow elementor-widget elementor-widget-heading\" data-id=\"7a9f7fc\" data-element_type=\"widget\" data-e-type=\"widget\" data-settings=\"{&quot;_animation&quot;:&quot;none&quot;,&quot;_animation_delay&quot;:200}\" data-widget_type=\"heading.default\">\n\t\t\t\t<div class=\"elementor-widget-container\">\n\t\t\t\t\t<h2 class=\"elementor-heading-title elementor-size-default\">Hans Udo Wenzel<\/h2>\t\t\t\t<\/div>\n\t\t\t\t<\/div>\n\t\t\t\t<div class=\"elementor-element elementor-element-a8d2b19 elementor-widget elementor-widget-text-editor\" data-id=\"a8d2b19\" data-element_type=\"widget\" data-e-type=\"widget\" data-widget_type=\"text-editor.default\">\n\t\t\t\t<div class=\"elementor-widget-container\">\n\t\t\t\t\t\t\t\t\t<p><span lang=\"en-GB\">Doktor ekonomije sa Sveu\u010dili\u0161ta u Z\u00fcrichu. Karijeru je zapo\u010deo u Hoechst AG, a potom je osnovao Azelis, danas istaknutog europskog distributera kemikalija, gdje je obna\u0161ao funkcije izvr\u0161nog direktora (do 2010.) i predsjednika (do 2015.). Kao pionir rasta temeljenog na spajanjima i akvizicijama, odigrao je klju\u010dnu ulogu u osnivanju Nactaromea, osnovao je Deimos Group, tvrtku u sastavu SIDG-a koja distribuira sastojke i me\u0111uproizvode za sektor Life Science, te je trenutno predsjednik SIDG-a.  <\/span><\/p>\t\t\t\t\t\t\t\t<\/div>\n\t\t\t\t<\/div>\n\t\t\t\t<\/div>\n\t\t\t\t<\/div>\n\t\t<div class=\"elementor-element elementor-element-3c9cf3a e-con-full e-flex e-con e-child\" data-id=\"3c9cf3a\" data-element_type=\"container\" data-e-type=\"container\">\n\t\t<div class=\"elementor-element elementor-element-05b03d0 e-con-full e-flex e-con e-child\" data-id=\"05b03d0\" data-element_type=\"container\" data-e-type=\"container\">\n\t\t\t\t<\/div>\n\t\t<div class=\"elementor-element elementor-element-73057ba e-con-full e-flex e-con e-child\" data-id=\"73057ba\" data-element_type=\"container\" data-e-type=\"container\">\n\t\t\t\t<div class=\"elementor-element elementor-element-ea3d4fb animated-slow elementor-widget elementor-widget-heading\" data-id=\"ea3d4fb\" data-element_type=\"widget\" data-e-type=\"widget\" data-settings=\"{&quot;_animation&quot;:&quot;none&quot;,&quot;_animation_delay&quot;:100}\" data-widget_type=\"heading.default\">\n\t\t\t\t<div class=\"elementor-widget-container\">\n\t\t\t\t\t<h5 class=\"elementor-heading-title elementor-size-default\">Chief Executive Officer<\/h5>\t\t\t\t<\/div>\n\t\t\t\t<\/div>\n\t\t\t\t<div class=\"elementor-element elementor-element-dfcfd34 animated-slow elementor-widget elementor-widget-heading\" data-id=\"dfcfd34\" data-element_type=\"widget\" data-e-type=\"widget\" data-settings=\"{&quot;_animation&quot;:&quot;none&quot;,&quot;_animation_delay&quot;:200}\" data-widget_type=\"heading.default\">\n\t\t\t\t<div class=\"elementor-widget-container\">\n\t\t\t\t\t<h2 class=\"elementor-heading-title elementor-size-default\">Herv\u00e9 Ory-Lavoll\u00e9e<\/h2>\t\t\t\t<\/div>\n\t\t\t\t<\/div>\n\t\t\t\t<div class=\"elementor-element elementor-element-5869525 elementor-widget elementor-widget-text-editor\" data-id=\"5869525\" data-element_type=\"widget\" data-e-type=\"widget\" data-widget_type=\"text-editor.default\">\n\t\t\t\t<div class=\"elementor-widget-container\">\n\t\t\t\t\t\t\t\t\t<p>Herv\u00e9 Ory-Lavoll\u00e9e preuzeo je vodstvo Groupe Lavoll\u00e9e, danas SIDG France, 1983. godine, sa samo 23 godine, nakon smrti svog oca \u2013 osniva\u010da grupe. Posljednjih 43 godine bile su uzbudljivo putovanje, ispunjeno brojnim transformacijama. Jedan od najve\u0107ih izazova bio je pokretanje poslovanja u Life Science sektoru \u2014 potez koji se pokazao iznimno uspje\u0161nim, budu\u0107i da vi\u0161e od 80 % sada\u0161njih prihoda SIDG-a dolazi upravo iz tog podru\u010dja.<\/p>\t\t\t\t\t\t\t\t<\/div>\n\t\t\t\t<\/div>\n\t\t\t\t<\/div>\n\t\t\t\t<\/div>\n\t\t\t\t\t<\/div>\n\t\t\t\t<\/div>\n\t\t<div class=\"elementor-element elementor-element-42c6bef e-flex e-con-boxed e-con e-parent\" data-id=\"42c6bef\" data-element_type=\"container\" data-e-type=\"container\">\n\t\t\t\t\t<div class=\"e-con-inner\">\n\t\t<div class=\"elementor-element elementor-element-096a6e0 e-con-full e-flex e-con e-child\" data-id=\"096a6e0\" data-element_type=\"container\" data-e-type=\"container\">\n\t\t<div class=\"elementor-element elementor-element-ca2e246 e-con-full e-flex e-con e-child\" data-id=\"ca2e246\" data-element_type=\"container\" data-e-type=\"container\">\n\t\t\t\t<\/div>\n\t\t<div class=\"elementor-element elementor-element-0bf96f9 e-con-full e-flex e-con e-child\" data-id=\"0bf96f9\" data-element_type=\"container\" data-e-type=\"container\">\n\t\t\t\t<div class=\"elementor-element elementor-element-0406a14 animated-slow elementor-widget elementor-widget-heading\" data-id=\"0406a14\" data-element_type=\"widget\" data-e-type=\"widget\" data-settings=\"{&quot;_animation&quot;:&quot;none&quot;,&quot;_animation_delay&quot;:100}\" data-widget_type=\"heading.default\">\n\t\t\t\t<div class=\"elementor-widget-container\">\n\t\t\t\t\t<h5 class=\"elementor-heading-title elementor-size-default\">Chief Operating Officer<\/h5>\t\t\t\t<\/div>\n\t\t\t\t<\/div>\n\t\t\t\t<div class=\"elementor-element elementor-element-eb84ade animated-slow elementor-widget elementor-widget-heading\" data-id=\"eb84ade\" data-element_type=\"widget\" data-e-type=\"widget\" data-settings=\"{&quot;_animation&quot;:&quot;none&quot;,&quot;_animation_delay&quot;:200}\" data-widget_type=\"heading.default\">\n\t\t\t\t<div class=\"elementor-widget-container\">\n\t\t\t\t\t<h2 class=\"elementor-heading-title elementor-size-default\">Edgar Claudio Wenzel<\/h2>\t\t\t\t<\/div>\n\t\t\t\t<\/div>\n\t\t\t\t<div class=\"elementor-element elementor-element-272d419 elementor-widget elementor-widget-text-editor\" data-id=\"272d419\" data-element_type=\"widget\" data-e-type=\"widget\" data-widget_type=\"text-editor.default\">\n\t\t\t\t<div class=\"elementor-widget-container\">\n\t\t\t\t\t\t\t\t\t<p><span lang=\"en-GB\">Diplomirao je poslovnu administraciju i ra\u010dunovodstvo te magistrirao me\u0111unarodno poslovanje na KIMEP University (Almaty), a nositelj je i Global Executive MBA diplome sa SDA Bocconi i Rotman School of Management. Karijeru je zapo\u010deo u Inalchimu kao voditelj razvoja poslovanja za prehrambeni sektor, a danas je glavni operativni direktor SIDG-a te \u010dlan uprave Deimos Grupe. <\/span><\/p>\t\t\t\t\t\t\t\t<\/div>\n\t\t\t\t<\/div>\n\t\t\t\t<\/div>\n\t\t\t\t<\/div>\n\t\t<div class=\"elementor-element elementor-element-c7ccc85 e-con-full e-flex e-con e-child\" data-id=\"c7ccc85\" data-element_type=\"container\" data-e-type=\"container\">\n\t\t<div class=\"elementor-element elementor-element-60f65b8 e-con-full e-flex e-con e-child\" data-id=\"60f65b8\" data-element_type=\"container\" data-e-type=\"container\">\n\t\t\t\t<\/div>\n\t\t<div class=\"elementor-element elementor-element-0494a64 e-con-full e-flex e-con e-child\" data-id=\"0494a64\" data-element_type=\"container\" data-e-type=\"container\">\n\t\t\t\t<div class=\"elementor-element elementor-element-fe329e8 animated-slow elementor-widget elementor-widget-heading\" data-id=\"fe329e8\" data-element_type=\"widget\" data-e-type=\"widget\" data-settings=\"{&quot;_animation&quot;:&quot;none&quot;,&quot;_animation_delay&quot;:100}\" data-widget_type=\"heading.default\">\n\t\t\t\t<div class=\"elementor-widget-container\">\n\t\t\t\t\t<h5 class=\"elementor-heading-title elementor-size-default\">Chief Marketing Officer<\/h5>\t\t\t\t<\/div>\n\t\t\t\t<\/div>\n\t\t\t\t<div class=\"elementor-element elementor-element-dd3b185 animated-slow elementor-widget elementor-widget-heading\" data-id=\"dd3b185\" data-element_type=\"widget\" data-e-type=\"widget\" data-settings=\"{&quot;_animation&quot;:&quot;none&quot;,&quot;_animation_delay&quot;:200}\" data-widget_type=\"heading.default\">\n\t\t\t\t<div class=\"elementor-widget-container\">\n\t\t\t\t\t<h2 class=\"elementor-heading-title elementor-size-default\">Axelle \nLavoll\u00e9e<\/h2>\t\t\t\t<\/div>\n\t\t\t\t<\/div>\n\t\t\t\t<div class=\"elementor-element elementor-element-6071e35 elementor-widget elementor-widget-text-editor\" data-id=\"6071e35\" data-element_type=\"widget\" data-e-type=\"widget\" data-widget_type=\"text-editor.default\">\n\t\t\t\t<div class=\"elementor-widget-container\">\n\t\t\t\t\t\t\t\t\t<p><span lang=\"en-GB\">Axelle Ory-Lavoll\u00e9e pridru\u017eila se SIDG-u prije devet godina, predstavljaju\u0107i tre\u0107u generaciju obitelji Ory-Lavoll\u00e9e uklju\u010dene u poslovanje. Povjereni su joj bili izrada i razvoj Odjela za outsourcing SIDG France, koji je u potpunosti izgradila i strukturirala. Diplomirala je na vrhunskoj poslovnoj \u0161koli s magisterijem iz menad\u017ementa, a njezina stru\u010dnost temelji se na prodaji i poslovnom razvoju. S jakim fokusom na potrebe kupaca pridonijela je rastu Grupe nude\u0107i fleksibilna, prilago\u0111ena rje\u0161enja koja ja\u010daju dugoro\u010dna partnerstva.   <\/span><\/p>\t\t\t\t\t\t\t\t<\/div>\n\t\t\t\t<\/div>\n\t\t\t\t<\/div>\n\t\t\t\t<\/div>\n\t\t<div class=\"elementor-element elementor-element-4183457 e-con-full e-flex e-con e-child\" data-id=\"4183457\" data-element_type=\"container\" data-e-type=\"container\">\n\t\t<div class=\"elementor-element elementor-element-9c2c2b1 e-con-full e-flex e-con e-child\" data-id=\"9c2c2b1\" data-element_type=\"container\" data-e-type=\"container\">\n\t\t\t\t<\/div>\n\t\t<div class=\"elementor-element elementor-element-fe54408 e-con-full e-flex e-con e-child\" data-id=\"fe54408\" data-element_type=\"container\" data-e-type=\"container\">\n\t\t\t\t<div class=\"elementor-element elementor-element-68c4d77 animated-slow elementor-widget elementor-widget-heading\" data-id=\"68c4d77\" data-element_type=\"widget\" data-e-type=\"widget\" data-settings=\"{&quot;_animation&quot;:&quot;none&quot;,&quot;_animation_delay&quot;:100}\" data-widget_type=\"heading.default\">\n\t\t\t\t<div class=\"elementor-widget-container\">\n\t\t\t\t\t<h5 class=\"elementor-heading-title elementor-size-default\">Chief Financial Officer<\/h5>\t\t\t\t<\/div>\n\t\t\t\t<\/div>\n\t\t\t\t<div class=\"elementor-element elementor-element-b60e721 animated-slow elementor-widget elementor-widget-heading\" data-id=\"b60e721\" data-element_type=\"widget\" data-e-type=\"widget\" data-settings=\"{&quot;_animation&quot;:&quot;none&quot;,&quot;_animation_delay&quot;:200}\" data-widget_type=\"heading.default\">\n\t\t\t\t<div class=\"elementor-widget-container\">\n\t\t\t\t\t<h2 class=\"elementor-heading-title elementor-size-default\">Emmanuel G\u00e9rard<\/h2>\t\t\t\t<\/div>\n\t\t\t\t<\/div>\n\t\t\t\t<div class=\"elementor-element elementor-element-8adbd61 elementor-widget elementor-widget-text-editor\" data-id=\"8adbd61\" data-element_type=\"widget\" data-e-type=\"widget\" data-widget_type=\"text-editor.default\">\n\t\t\t\t<div class=\"elementor-widget-container\">\n\t\t\t\t\t\t\t\t\t<p><span lang=\"en-GB\">Vi\u0161e od 25 godina Emmanuel G\u00e9rard podr\u017eava rast Lavoll\u00e9e Grupe, danas SIDG France, kao glavni financijski direktor. Prisutan od samih po\u010detaka tvrtke, odigrao je klju\u010dnu ulogu u njezinom razvoju, vode\u0107i nekoliko projekata spajanja i preuzimanja te strukturiraju\u0107i financijsku funkciju zajedno sa svojim timom od troje ljudi. Danas, oslanjaju\u0107i se na ovo bogato iskustvo, preuzima nove odgovornosti kao CFO cijele SIDG Grupe.  <\/span><\/p>\t\t\t\t\t\t\t\t<\/div>\n\t\t\t\t<\/div>\n\t\t\t\t<\/div>\n\t\t\t\t<\/div>\n\t\t\t\t\t<\/div>\n\t\t\t\t<\/div>\n\t\t<div class=\"elementor-element elementor-element-eff1ca9 e-flex e-con-boxed e-con e-parent\" data-id=\"eff1ca9\" data-element_type=\"container\" data-e-type=\"container\">\n\t\t\t\t\t<div class=\"e-con-inner\">\n\t\t\t\t\t<\/div>\n\t\t\t\t<\/div>\n\t\t\t\t<\/div>\n\t\t","protected":false},"excerpt":{"rendered":"<p>Vodstvo Chairman Hans Udo Wenzel Doktor ekonomije sa Sveu\u010dili\u0161ta u Z\u00fcrichu. Karijeru je zapo\u010deo u Hoechst AG, a potom je osnovao Azelis, danas istaknutog europskog distributera kemikalija, gdje je obna\u0161ao funkcije izvr\u0161nog direktora (do 2010.) i predsjednika (do 2015.). Kao pionir rasta temeljenog na spajanjima i akvizicijama, odigrao je klju\u010dnu ulogu u osnivanju Nactaromea, osnovao [&hellip;]<\/p>\n","protected":false},"author":1,"featured_media":0,"parent":0,"menu_order":0,"comment_status":"closed","ping_status":"closed","template":"","meta":{"inline_featured_image":false,"footnotes":""},"class_list":["post-897","page","type-page","status-publish","hentry"],"yoast_head":"<!-- This site is optimized with the Yoast SEO plugin v27.3 - https:\/\/yoast.com\/product\/yoast-seo-wordpress\/ -->\n<title>Vodstvo - SIDG<\/title>\n<meta name=\"robots\" content=\"index, follow, max-snippet:-1, max-image-preview:large, max-video-preview:-1\" \/>\n<link rel=\"canonical\" href=\"https:\/\/sidg.eu\/hr\/leadership-2\/\" \/>\n<meta property=\"og:locale\" content=\"hr_HR\" \/>\n<meta property=\"og:type\" content=\"article\" \/>\n<meta property=\"og:title\" content=\"Vodstvo - SIDG\" \/>\n<meta property=\"og:description\" content=\"Vodstvo Chairman Hans Udo Wenzel Doktor ekonomije sa Sveu\u010dili\u0161ta u Z\u00fcrichu. Karijeru je zapo\u010deo u Hoechst AG, a potom je osnovao Azelis, danas istaknutog europskog distributera kemikalija, gdje je obna\u0161ao funkcije izvr\u0161nog direktora (do 2010.) i predsjednika (do 2015.). Kao pionir rasta temeljenog na spajanjima i akvizicijama, odigrao je klju\u010dnu ulogu u osnivanju Nactaromea, osnovao [&hellip;]\" \/>\n<meta property=\"og:url\" content=\"https:\/\/sidg.eu\/hr\/leadership-2\/\" \/>\n<meta property=\"og:site_name\" content=\"SIDG\" \/>\n<meta property=\"article:modified_time\" content=\"2025-11-21T10:47:17+00:00\" \/>\n<meta name=\"twitter:card\" content=\"summary_large_image\" \/>\n<meta name=\"twitter:label1\" content=\"Procijenjeno vrijeme \u010ditanja\" \/>\n\t<meta name=\"twitter:data1\" content=\"2 minute\" \/>\n<script type=\"application\/ld+json\" class=\"yoast-schema-graph\">{\"@context\":\"https:\\\/\\\/schema.org\",\"@graph\":[{\"@type\":\"WebPage\",\"@id\":\"https:\\\/\\\/sidg.eu\\\/hr\\\/leadership-2\\\/\",\"url\":\"https:\\\/\\\/sidg.eu\\\/hr\\\/leadership-2\\\/\",\"name\":\"Vodstvo - SIDG\",\"isPartOf\":{\"@id\":\"https:\\\/\\\/sidg.eu\\\/hr\\\/#website\"},\"datePublished\":\"2025-10-16T17:41:16+00:00\",\"dateModified\":\"2025-11-21T10:47:17+00:00\",\"breadcrumb\":{\"@id\":\"https:\\\/\\\/sidg.eu\\\/hr\\\/leadership-2\\\/#breadcrumb\"},\"inLanguage\":\"hr\",\"potentialAction\":[{\"@type\":\"ReadAction\",\"target\":[\"https:\\\/\\\/sidg.eu\\\/hr\\\/leadership-2\\\/\"]}]},{\"@type\":\"BreadcrumbList\",\"@id\":\"https:\\\/\\\/sidg.eu\\\/hr\\\/leadership-2\\\/#breadcrumb\",\"itemListElement\":[{\"@type\":\"ListItem\",\"position\":1,\"name\":\"Home\",\"item\":\"https:\\\/\\\/sidg.eu\\\/hr\\\/\"},{\"@type\":\"ListItem\",\"position\":2,\"name\":\"Vodstvo\"}]},{\"@type\":\"WebSite\",\"@id\":\"https:\\\/\\\/sidg.eu\\\/hr\\\/#website\",\"url\":\"https:\\\/\\\/sidg.eu\\\/hr\\\/\",\"name\":\"SIDG\",\"description\":\"Innovative specialty solutions\",\"publisher\":{\"@id\":\"https:\\\/\\\/sidg.eu\\\/hr\\\/#organization\"},\"potentialAction\":[{\"@type\":\"SearchAction\",\"target\":{\"@type\":\"EntryPoint\",\"urlTemplate\":\"https:\\\/\\\/sidg.eu\\\/hr\\\/?s={search_term_string}\"},\"query-input\":{\"@type\":\"PropertyValueSpecification\",\"valueRequired\":true,\"valueName\":\"search_term_string\"}}],\"inLanguage\":\"hr\"},{\"@type\":\"Organization\",\"@id\":\"https:\\\/\\\/sidg.eu\\\/hr\\\/#organization\",\"name\":\"SIDG\",\"url\":\"https:\\\/\\\/sidg.eu\\\/hr\\\/\",\"logo\":{\"@type\":\"ImageObject\",\"inLanguage\":\"hr\",\"@id\":\"https:\\\/\\\/sidg.eu\\\/hr\\\/#\\\/schema\\\/logo\\\/image\\\/\",\"url\":\"https:\\\/\\\/sidg.eu\\\/wp-content\\\/uploads\\\/2025\\\/01\\\/logo.svg\",\"contentUrl\":\"https:\\\/\\\/sidg.eu\\\/wp-content\\\/uploads\\\/2025\\\/01\\\/logo.svg\",\"width\":154,\"height\":66,\"caption\":\"SIDG\"},\"image\":{\"@id\":\"https:\\\/\\\/sidg.eu\\\/hr\\\/#\\\/schema\\\/logo\\\/image\\\/\"}}]}<\/script>\n<!-- \/ Yoast SEO plugin. -->","yoast_head_json":{"title":"Vodstvo - SIDG","robots":{"index":"index","follow":"follow","max-snippet":"max-snippet:-1","max-image-preview":"max-image-preview:large","max-video-preview":"max-video-preview:-1"},"canonical":"https:\/\/sidg.eu\/hr\/leadership-2\/","og_locale":"hr_HR","og_type":"article","og_title":"Vodstvo - SIDG","og_description":"Vodstvo Chairman Hans Udo Wenzel Doktor ekonomije sa Sveu\u010dili\u0161ta u Z\u00fcrichu. Karijeru je zapo\u010deo u Hoechst AG, a potom je osnovao Azelis, danas istaknutog europskog distributera kemikalija, gdje je obna\u0161ao funkcije izvr\u0161nog direktora (do 2010.) i predsjednika (do 2015.). Kao pionir rasta temeljenog na spajanjima i akvizicijama, odigrao je klju\u010dnu ulogu u osnivanju Nactaromea, osnovao [&hellip;]","og_url":"https:\/\/sidg.eu\/hr\/leadership-2\/","og_site_name":"SIDG","article_modified_time":"2025-11-21T10:47:17+00:00","twitter_card":"summary_large_image","twitter_misc":{"Procijenjeno vrijeme \u010ditanja":"2 minute"},"schema":{"@context":"https:\/\/schema.org","@graph":[{"@type":"WebPage","@id":"https:\/\/sidg.eu\/hr\/leadership-2\/","url":"https:\/\/sidg.eu\/hr\/leadership-2\/","name":"Vodstvo - SIDG","isPartOf":{"@id":"https:\/\/sidg.eu\/hr\/#website"},"datePublished":"2025-10-16T17:41:16+00:00","dateModified":"2025-11-21T10:47:17+00:00","breadcrumb":{"@id":"https:\/\/sidg.eu\/hr\/leadership-2\/#breadcrumb"},"inLanguage":"hr","potentialAction":[{"@type":"ReadAction","target":["https:\/\/sidg.eu\/hr\/leadership-2\/"]}]},{"@type":"BreadcrumbList","@id":"https:\/\/sidg.eu\/hr\/leadership-2\/#breadcrumb","itemListElement":[{"@type":"ListItem","position":1,"name":"Home","item":"https:\/\/sidg.eu\/hr\/"},{"@type":"ListItem","position":2,"name":"Vodstvo"}]},{"@type":"WebSite","@id":"https:\/\/sidg.eu\/hr\/#website","url":"https:\/\/sidg.eu\/hr\/","name":"SIDG","description":"Innovative specialty solutions","publisher":{"@id":"https:\/\/sidg.eu\/hr\/#organization"},"potentialAction":[{"@type":"SearchAction","target":{"@type":"EntryPoint","urlTemplate":"https:\/\/sidg.eu\/hr\/?s={search_term_string}"},"query-input":{"@type":"PropertyValueSpecification","valueRequired":true,"valueName":"search_term_string"}}],"inLanguage":"hr"},{"@type":"Organization","@id":"https:\/\/sidg.eu\/hr\/#organization","name":"SIDG","url":"https:\/\/sidg.eu\/hr\/","logo":{"@type":"ImageObject","inLanguage":"hr","@id":"https:\/\/sidg.eu\/hr\/#\/schema\/logo\/image\/","url":"https:\/\/sidg.eu\/wp-content\/uploads\/2025\/01\/logo.svg","contentUrl":"https:\/\/sidg.eu\/wp-content\/uploads\/2025\/01\/logo.svg","width":154,"height":66,"caption":"SIDG"},"image":{"@id":"https:\/\/sidg.eu\/hr\/#\/schema\/logo\/image\/"}}]}},"_links":{"self":[{"href":"https:\/\/sidg.eu\/hr\/wp-json\/wp\/v2\/pages\/897","targetHints":{"allow":["GET"]}}],"collection":[{"href":"https:\/\/sidg.eu\/hr\/wp-json\/wp\/v2\/pages"}],"about":[{"href":"https:\/\/sidg.eu\/hr\/wp-json\/wp\/v2\/types\/page"}],"author":[{"embeddable":true,"href":"https:\/\/sidg.eu\/hr\/wp-json\/wp\/v2\/users\/1"}],"replies":[{"embeddable":true,"href":"https:\/\/sidg.eu\/hr\/wp-json\/wp\/v2\/comments?post=897"}],"version-history":[{"count":9,"href":"https:\/\/sidg.eu\/hr\/wp-json\/wp\/v2\/pages\/897\/revisions"}],"predecessor-version":[{"id":1285,"href":"https:\/\/sidg.eu\/hr\/wp-json\/wp\/v2\/pages\/897\/revisions\/1285"}],"wp:attachment":[{"href":"https:\/\/sidg.eu\/hr\/wp-json\/wp\/v2\/media?parent=897"}],"curies":[{"name":"wp","href":"https:\/\/api.w.org\/{rel}","templated":true}]}}