{"id":492,"date":"2025-10-16T14:28:42","date_gmt":"2025-10-16T14:28:42","guid":{"rendered":"https:\/\/sidg.eu\/?page_id=492"},"modified":"2025-11-21T10:09:06","modified_gmt":"2025-11-21T10:09:06","slug":"bienvenue-chez-sidg","status":"publish","type":"page","link":"https:\/\/sidg.eu\/fr\/bienvenue-chez-sidg\/","title":{"rendered":"Bienvenue chez SIDG"},"content":{"rendered":"\t\t<div data-elementor-type=\"wp-page\" data-elementor-id=\"492\" class=\"elementor elementor-492 elementor-426\" data-elementor-post-type=\"page\">\n\t\t\t\t<div class=\"elementor-element elementor-element-d1606d0 e-flex e-con-boxed e-con e-parent\" data-id=\"d1606d0\" data-element_type=\"container\" data-e-type=\"container\" data-settings=\"{&quot;background_background&quot;:&quot;classic&quot;}\">\n\t\t\t\t\t<div class=\"e-con-inner\">\n\t\t\t\t<div class=\"elementor-element elementor-element-5300d78 elementor-widget elementor-widget-heading\" data-id=\"5300d78\" data-element_type=\"widget\" data-e-type=\"widget\" data-widget_type=\"heading.default\">\n\t\t\t\t<div class=\"elementor-widget-container\">\n\t\t\t\t\t<h1 class=\"elementor-heading-title elementor-size-default\">Bienvenue chez<br>SIDG<\/h1>\t\t\t\t<\/div>\n\t\t\t\t<\/div>\n\t\t\t\t\t<\/div>\n\t\t\t\t<\/div>\n\t\t<div class=\"elementor-element elementor-element-66e5531 e-flex e-con-boxed e-con e-parent\" data-id=\"66e5531\" data-element_type=\"container\" data-e-type=\"container\" id=\"bienvenue\" data-settings=\"{&quot;background_background&quot;:&quot;classic&quot;}\">\n\t\t\t\t\t<div class=\"e-con-inner\">\n\t\t<div class=\"elementor-element elementor-element-1354ac51 e-con-full e-flex e-con e-child\" data-id=\"1354ac51\" data-element_type=\"container\" data-e-type=\"container\">\n\t\t<div class=\"elementor-element elementor-element-6011173c e-con-full e-flex e-con e-child\" data-id=\"6011173c\" data-element_type=\"container\" data-e-type=\"container\">\n\t\t\t\t<div class=\"elementor-element elementor-element-35f6b7df elementor-widget elementor-widget-image\" data-id=\"35f6b7df\" data-element_type=\"widget\" data-e-type=\"widget\" data-widget_type=\"image.default\">\n\t\t\t\t<div class=\"elementor-widget-container\">\n\t\t\t\t\t\t\t\t\t\t\t\t\t\t\t<img fetchpriority=\"high\" decoding=\"async\" width=\"447\" height=\"407\" src=\"https:\/\/sidg.eu\/wp-content\/uploads\/2025\/10\/welcome.png\" class=\"attachment-full size-full wp-image-1161\" alt=\"\" srcset=\"https:\/\/sidg.eu\/wp-content\/uploads\/2025\/10\/welcome.png 447w, https:\/\/sidg.eu\/wp-content\/uploads\/2025\/10\/welcome-300x273.png 300w\" sizes=\"(max-width: 447px) 100vw, 447px\" \/>\t\t\t\t\t\t\t\t\t\t\t\t\t\t\t<\/div>\n\t\t\t\t<\/div>\n\t\t\t\t<\/div>\n\t\t<div class=\"elementor-element elementor-element-7b3a1e4f e-con-full e-flex e-con e-child\" data-id=\"7b3a1e4f\" data-element_type=\"container\" data-e-type=\"container\">\n\t\t\t\t<div class=\"elementor-element elementor-element-66a81f15 animated-slow elementor-widget elementor-widget-heading\" data-id=\"66a81f15\" data-element_type=\"widget\" data-e-type=\"widget\" data-settings=\"{&quot;_animation&quot;:&quot;none&quot;,&quot;_animation_delay&quot;:100}\" data-widget_type=\"heading.default\">\n\t\t\t\t<div class=\"elementor-widget-container\">\n\t\t\t\t\t<h5 class=\"elementor-heading-title elementor-size-default\">Bienvenue chez SIDG<\/h5>\t\t\t\t<\/div>\n\t\t\t\t<\/div>\n\t\t\t\t<div class=\"elementor-element elementor-element-2dfa27c7 animated-slow elementor-widget elementor-widget-heading\" data-id=\"2dfa27c7\" data-element_type=\"widget\" data-e-type=\"widget\" data-settings=\"{&quot;_animation&quot;:&quot;none&quot;,&quot;_animation_delay&quot;:200}\" data-widget_type=\"heading.default\">\n\t\t\t\t<div class=\"elementor-widget-container\">\n\t\t\t\t\t<h2 class=\"elementor-heading-title elementor-size-default\">Specialty Ingredients Distribution Group<\/h2>\t\t\t\t<\/div>\n\t\t\t\t<\/div>\n\t\t\t\t<div class=\"elementor-element elementor-element-6d4a62ed animated-slow elementor-widget elementor-widget-text-editor\" data-id=\"6d4a62ed\" data-element_type=\"widget\" data-e-type=\"widget\" data-settings=\"{&quot;_animation&quot;:&quot;none&quot;}\" data-widget_type=\"text-editor.default\">\n\t\t\t\t<div class=\"elementor-widget-container\">\n\t\t\t\t\t\t\t\t\t<p>Specialty Ingredients Distribution Group (SIDG) est une alliance strat\u00e9gique paneurop\u00e9enne d\u2019entreprises familiales d\u00e9di\u00e9es \u00e0 la distribution d\u2019ingr\u00e9dients de sp\u00e9cialit\u00e9 et de produits chimiques. Le Groupe r\u00e9unit une expertise approfondie dans les secteurs des Life Sciences (Food &amp; Nutraceuticals, Cosm\u00e9tique, F&amp;F, Pharmaceutique, Nutrition animale et Agro) ainsi que dans diverses applications industrielles (rev\u00eatements, adh\u00e9sifs, polym\u00e8res, lubrifiants, traitement de l\u2019eau).  <\/p><p>Chaque soci\u00e9t\u00e9 membre op\u00e8re en toute autonomie tout en tirant parti de la force, des synergies et de la port\u00e9e internationale du SIDG. Ce mod\u00e8le unique garantit la continuit\u00e9, l\u2019agilit\u00e9 et une vision \u00e0 long terme, encourage la flexibilit\u00e9 et l\u2019esprit entrepreneurial, et combine la proximit\u00e9 locale \u00e0 la force internationale. <\/p><p>SIDG dispose d\u2019une pr\u00e9sence de premier plan en France, en Italie, au Luxembourg et en Europe du Sud-Est \u2013 des soci\u00e9t\u00e9s autonomes unies par un h\u00e9ritage familial et un engagement commun envers l\u2019excellence, l\u2019innovation et la responsabilit\u00e9.<\/p>\t\t\t\t\t\t\t\t<\/div>\n\t\t\t\t<\/div>\n\t\t\t\t<\/div>\n\t\t\t\t<\/div>\n\t\t\t\t\t<\/div>\n\t\t\t\t<\/div>\n\t\t<div class=\"elementor-element elementor-element-2e7be1d e-flex e-con-boxed e-con e-parent\" data-id=\"2e7be1d\" data-element_type=\"container\" data-e-type=\"container\" data-settings=\"{&quot;background_background&quot;:&quot;classic&quot;,&quot;background_motion_fx_motion_fx_scrolling&quot;:&quot;yes&quot;,&quot;background_motion_fx_translateY_effect&quot;:&quot;yes&quot;,&quot;background_motion_fx_translateY_speed&quot;:{&quot;unit&quot;:&quot;px&quot;,&quot;size&quot;:2,&quot;sizes&quot;:[]},&quot;background_motion_fx_range&quot;:&quot;page&quot;,&quot;background_motion_fx_translateY_affectedRange&quot;:{&quot;unit&quot;:&quot;%&quot;,&quot;size&quot;:&quot;&quot;,&quot;sizes&quot;:{&quot;start&quot;:0,&quot;end&quot;:100}},&quot;background_motion_fx_devices&quot;:[&quot;desktop&quot;,&quot;tablet&quot;,&quot;mobile&quot;]}\">\n\t\t\t\t\t<div class=\"e-con-inner\">\n\t\t\t\t<div class=\"elementor-element elementor-element-e3b9f47 elementor-widget elementor-widget-heading\" data-id=\"e3b9f47\" data-element_type=\"widget\" data-e-type=\"widget\" data-widget_type=\"heading.default\">\n\t\t\t\t<div class=\"elementor-widget-container\">\n\t\t\t\t\t<h3 class=\"elementor-heading-title elementor-size-default\">Ensemble, nous construisons un avenir<br>plus solide et accueillons de nouveaux<br>membres qui partagent nos valeurs.<\/h3>\t\t\t\t<\/div>\n\t\t\t\t<\/div>\n\t\t\t\t\t<\/div>\n\t\t\t\t<\/div>\n\t\t<div class=\"elementor-element elementor-element-70bb575 e-flex e-con-boxed e-con e-parent\" data-id=\"70bb575\" data-element_type=\"container\" data-e-type=\"container\">\n\t\t\t\t\t<div class=\"e-con-inner\">\n\t\t\t\t<div class=\"elementor-element elementor-element-6f76def animated-slow elementor-widget elementor-widget-heading\" data-id=\"6f76def\" data-element_type=\"widget\" data-e-type=\"widget\" data-settings=\"{&quot;_animation&quot;:&quot;none&quot;,&quot;_animation_delay&quot;:200}\" data-widget_type=\"heading.default\">\n\t\t\t\t<div class=\"elementor-widget-container\">\n\t\t\t\t\t<h2 class=\"elementor-heading-title elementor-size-default\">Mission et vision<\/h2>\t\t\t\t<\/div>\n\t\t\t\t<\/div>\n\t\t<div class=\"elementor-element elementor-element-3e817a3 e-con-full e-flex e-con e-child\" data-id=\"3e817a3\" data-element_type=\"container\" data-e-type=\"container\">\n\t\t<div class=\"elementor-element elementor-element-fdab8b8 e-con-full e-flex e-con e-child\" data-id=\"fdab8b8\" data-element_type=\"container\" data-e-type=\"container\">\n\t\t\t\t<div class=\"elementor-element elementor-element-ac0d9e2 elementor-widget elementor-widget-image\" data-id=\"ac0d9e2\" data-element_type=\"widget\" data-e-type=\"widget\" data-widget_type=\"image.default\">\n\t\t\t\t<div class=\"elementor-widget-container\">\n\t\t\t\t\t\t\t\t\t\t\t\t\t\t\t<img decoding=\"async\" src=\"https:\/\/sidg.eu\/wp-content\/uploads\/2025\/10\/img-vision.svg\" title=\"img-vision\" alt=\"img-vision\" loading=\"lazy\" \/>\t\t\t\t\t\t\t\t\t\t\t\t\t\t\t<\/div>\n\t\t\t\t<\/div>\n\t\t\t\t<div class=\"elementor-element elementor-element-1462766 elementor-widget elementor-widget-heading\" data-id=\"1462766\" data-element_type=\"widget\" data-e-type=\"widget\" data-widget_type=\"heading.default\">\n\t\t\t\t<div class=\"elementor-widget-container\">\n\t\t\t\t\t<h4 class=\"elementor-heading-title elementor-size-default\">Vision<\/h4>\t\t\t\t<\/div>\n\t\t\t\t<\/div>\n\t\t\t\t<div class=\"elementor-element elementor-element-b934e40 elementor-widget elementor-widget-text-editor\" data-id=\"b934e40\" data-element_type=\"widget\" data-e-type=\"widget\" data-widget_type=\"text-editor.default\">\n\t\t\t\t<div class=\"elementor-widget-container\">\n\t\t\t\t\t\t\t\t\t<p>Fa\u00e7onner un avenir durable avec des sp\u00e9cialit\u00e9s dans les life sciences et les applications industrielles, \u00e0 travers des valeurs entrepreneuriales, l\u2019innovation et une port\u00e9e internationale.<\/p>\t\t\t\t\t\t\t\t<\/div>\n\t\t\t\t<\/div>\n\t\t\t\t<\/div>\n\t\t<div class=\"elementor-element elementor-element-2ad1b52 e-con-full e-flex e-con e-child\" data-id=\"2ad1b52\" data-element_type=\"container\" data-e-type=\"container\">\n\t\t\t\t<div class=\"elementor-element elementor-element-3d877ef elementor-widget elementor-widget-image\" data-id=\"3d877ef\" data-element_type=\"widget\" data-e-type=\"widget\" data-widget_type=\"image.default\">\n\t\t\t\t<div class=\"elementor-widget-container\">\n\t\t\t\t\t\t\t\t\t\t\t\t\t\t\t<img decoding=\"async\" src=\"https:\/\/sidg.eu\/wp-content\/uploads\/2025\/01\/qualite.svg\" title=\"qualite\" alt=\"qualite\" loading=\"lazy\" \/>\t\t\t\t\t\t\t\t\t\t\t\t\t\t\t<\/div>\n\t\t\t\t<\/div>\n\t\t\t\t<div class=\"elementor-element elementor-element-686c745 elementor-widget elementor-widget-heading\" data-id=\"686c745\" data-element_type=\"widget\" data-e-type=\"widget\" data-widget_type=\"heading.default\">\n\t\t\t\t<div class=\"elementor-widget-container\">\n\t\t\t\t\t<h4 class=\"elementor-heading-title elementor-size-default\">Mission<\/h4>\t\t\t\t<\/div>\n\t\t\t\t<\/div>\n\t\t\t\t<div class=\"elementor-element elementor-element-c50aab0 elementor-widget elementor-widget-text-editor\" data-id=\"c50aab0\" data-element_type=\"widget\" data-e-type=\"widget\" data-widget_type=\"text-editor.default\">\n\t\t\t\t<div class=\"elementor-widget-container\">\n\t\t\t\t\t\t\t\t\t<p>Nous cr\u00e9ons de la valeur pour nos Partenaires en offrant \u00e0 leurs ingr\u00e9dients de haute qualit\u00e9 et \u00e0 leur sp\u00e9cialit\u00e9s chimiques une port\u00e9e mondiale dans les secteurs de l\u2019alimentaire, de la nutraceutique, de la cosm\u00e9tique, des ar\u00f4mes et parfums, de la pharmacie, de la nutrition animale et agro, et des applications industrielles. En tant que solution provider, nous associons savoir-faire technique, esprit entrepreneurial, innovation et durabilit\u00e9, renforc\u00e9s par les synergies de notre groupe, afin d\u2019\u00e9tablir des partenariats durables et de g\u00e9n\u00e9rer une valeur p\u00e9renne. <\/p>\t\t\t\t\t\t\t\t<\/div>\n\t\t\t\t<\/div>\n\t\t\t\t<\/div>\n\t\t\t\t<\/div>\n\t\t\t\t\t<\/div>\n\t\t\t\t<\/div>\n\t\t\t\t<\/div>\n\t\t","protected":false},"excerpt":{"rendered":"<p>Bienvenue chezSIDG Bienvenue chez SIDG Specialty Ingredients Distribution Group Specialty Ingredients Distribution Group (SIDG) est une alliance strat\u00e9gique paneurop\u00e9enne d\u2019entreprises familiales d\u00e9di\u00e9es \u00e0 la distribution d\u2019ingr\u00e9dients de sp\u00e9cialit\u00e9 et de produits chimiques. Le Groupe r\u00e9unit une expertise approfondie dans les secteurs des Life Sciences (Food &amp; Nutraceuticals, Cosm\u00e9tique, F&amp;F, Pharmaceutique, Nutrition animale et Agro) ainsi [&hellip;]<\/p>\n","protected":false},"author":1,"featured_media":0,"parent":0,"menu_order":0,"comment_status":"closed","ping_status":"closed","template":"","meta":{"inline_featured_image":false,"footnotes":""},"class_list":["post-492","page","type-page","status-publish","hentry"],"yoast_head":"<!-- This site is optimized with the Yoast SEO plugin v27.3 - https:\/\/yoast.com\/product\/yoast-seo-wordpress\/ -->\n<title>Bienvenue chez SIDG - SIDG<\/title>\n<meta name=\"robots\" content=\"index, follow, max-snippet:-1, max-image-preview:large, max-video-preview:-1\" \/>\n<link rel=\"canonical\" href=\"https:\/\/sidg.eu\/fr\/bienvenue-chez-sidg\/\" \/>\n<meta property=\"og:locale\" content=\"fr_FR\" \/>\n<meta property=\"og:type\" content=\"article\" \/>\n<meta property=\"og:title\" content=\"Bienvenue chez SIDG - SIDG\" \/>\n<meta property=\"og:description\" content=\"Bienvenue chezSIDG Bienvenue chez SIDG Specialty Ingredients Distribution Group Specialty Ingredients Distribution Group (SIDG) est une alliance strat\u00e9gique paneurop\u00e9enne d\u2019entreprises familiales d\u00e9di\u00e9es \u00e0 la distribution d\u2019ingr\u00e9dients de sp\u00e9cialit\u00e9 et de produits chimiques. Le Groupe r\u00e9unit une expertise approfondie dans les secteurs des Life Sciences (Food &amp; Nutraceuticals, Cosm\u00e9tique, F&amp;F, Pharmaceutique, Nutrition animale et Agro) ainsi [&hellip;]\" \/>\n<meta property=\"og:url\" content=\"https:\/\/sidg.eu\/fr\/bienvenue-chez-sidg\/\" \/>\n<meta property=\"og:site_name\" content=\"SIDG\" \/>\n<meta property=\"article:modified_time\" content=\"2025-11-21T10:09:06+00:00\" \/>\n<meta property=\"og:image\" content=\"https:\/\/sidg.eu\/wp-content\/uploads\/2025\/10\/welcome.png\" \/>\n\t<meta property=\"og:image:width\" content=\"447\" \/>\n\t<meta property=\"og:image:height\" content=\"407\" \/>\n\t<meta property=\"og:image:type\" content=\"image\/png\" \/>\n<meta name=\"twitter:card\" content=\"summary_large_image\" \/>\n<meta name=\"twitter:label1\" content=\"Dur\u00e9e de lecture estim\u00e9e\" \/>\n\t<meta name=\"twitter:data1\" content=\"2 minutes\" \/>\n<script type=\"application\/ld+json\" class=\"yoast-schema-graph\">{\"@context\":\"https:\\\/\\\/schema.org\",\"@graph\":[{\"@type\":\"WebPage\",\"@id\":\"https:\\\/\\\/sidg.eu\\\/fr\\\/bienvenue-chez-sidg\\\/\",\"url\":\"https:\\\/\\\/sidg.eu\\\/fr\\\/bienvenue-chez-sidg\\\/\",\"name\":\"Bienvenue chez SIDG - SIDG\",\"isPartOf\":{\"@id\":\"https:\\\/\\\/sidg.eu\\\/fr\\\/#website\"},\"primaryImageOfPage\":{\"@id\":\"https:\\\/\\\/sidg.eu\\\/fr\\\/bienvenue-chez-sidg\\\/#primaryimage\"},\"image\":{\"@id\":\"https:\\\/\\\/sidg.eu\\\/fr\\\/bienvenue-chez-sidg\\\/#primaryimage\"},\"thumbnailUrl\":\"https:\\\/\\\/sidg.eu\\\/wp-content\\\/uploads\\\/2025\\\/10\\\/welcome.png\",\"datePublished\":\"2025-10-16T14:28:42+00:00\",\"dateModified\":\"2025-11-21T10:09:06+00:00\",\"breadcrumb\":{\"@id\":\"https:\\\/\\\/sidg.eu\\\/fr\\\/bienvenue-chez-sidg\\\/#breadcrumb\"},\"inLanguage\":\"fr-FR\",\"potentialAction\":[{\"@type\":\"ReadAction\",\"target\":[\"https:\\\/\\\/sidg.eu\\\/fr\\\/bienvenue-chez-sidg\\\/\"]}]},{\"@type\":\"ImageObject\",\"inLanguage\":\"fr-FR\",\"@id\":\"https:\\\/\\\/sidg.eu\\\/fr\\\/bienvenue-chez-sidg\\\/#primaryimage\",\"url\":\"https:\\\/\\\/sidg.eu\\\/wp-content\\\/uploads\\\/2025\\\/10\\\/welcome.png\",\"contentUrl\":\"https:\\\/\\\/sidg.eu\\\/wp-content\\\/uploads\\\/2025\\\/10\\\/welcome.png\"},{\"@type\":\"BreadcrumbList\",\"@id\":\"https:\\\/\\\/sidg.eu\\\/fr\\\/bienvenue-chez-sidg\\\/#breadcrumb\",\"itemListElement\":[{\"@type\":\"ListItem\",\"position\":1,\"name\":\"Home\",\"item\":\"https:\\\/\\\/sidg.eu\\\/fr\\\/\"},{\"@type\":\"ListItem\",\"position\":2,\"name\":\"Bienvenue chez SIDG\"}]},{\"@type\":\"WebSite\",\"@id\":\"https:\\\/\\\/sidg.eu\\\/fr\\\/#website\",\"url\":\"https:\\\/\\\/sidg.eu\\\/fr\\\/\",\"name\":\"SIDG\",\"description\":\"Innovative specialty solutions\",\"publisher\":{\"@id\":\"https:\\\/\\\/sidg.eu\\\/fr\\\/#organization\"},\"potentialAction\":[{\"@type\":\"SearchAction\",\"target\":{\"@type\":\"EntryPoint\",\"urlTemplate\":\"https:\\\/\\\/sidg.eu\\\/fr\\\/?s={search_term_string}\"},\"query-input\":{\"@type\":\"PropertyValueSpecification\",\"valueRequired\":true,\"valueName\":\"search_term_string\"}}],\"inLanguage\":\"fr-FR\"},{\"@type\":\"Organization\",\"@id\":\"https:\\\/\\\/sidg.eu\\\/fr\\\/#organization\",\"name\":\"SIDG\",\"url\":\"https:\\\/\\\/sidg.eu\\\/fr\\\/\",\"logo\":{\"@type\":\"ImageObject\",\"inLanguage\":\"fr-FR\",\"@id\":\"https:\\\/\\\/sidg.eu\\\/fr\\\/#\\\/schema\\\/logo\\\/image\\\/\",\"url\":\"https:\\\/\\\/sidg.eu\\\/wp-content\\\/uploads\\\/2025\\\/01\\\/logo.svg\",\"contentUrl\":\"https:\\\/\\\/sidg.eu\\\/wp-content\\\/uploads\\\/2025\\\/01\\\/logo.svg\",\"width\":154,\"height\":66,\"caption\":\"SIDG\"},\"image\":{\"@id\":\"https:\\\/\\\/sidg.eu\\\/fr\\\/#\\\/schema\\\/logo\\\/image\\\/\"}}]}<\/script>\n<!-- \/ Yoast SEO plugin. -->","yoast_head_json":{"title":"Bienvenue chez SIDG - SIDG","robots":{"index":"index","follow":"follow","max-snippet":"max-snippet:-1","max-image-preview":"max-image-preview:large","max-video-preview":"max-video-preview:-1"},"canonical":"https:\/\/sidg.eu\/fr\/bienvenue-chez-sidg\/","og_locale":"fr_FR","og_type":"article","og_title":"Bienvenue chez SIDG - SIDG","og_description":"Bienvenue chezSIDG Bienvenue chez SIDG Specialty Ingredients Distribution Group Specialty Ingredients Distribution Group (SIDG) est une alliance strat\u00e9gique paneurop\u00e9enne d\u2019entreprises familiales d\u00e9di\u00e9es \u00e0 la distribution d\u2019ingr\u00e9dients de sp\u00e9cialit\u00e9 et de produits chimiques. Le Groupe r\u00e9unit une expertise approfondie dans les secteurs des Life Sciences (Food &amp; Nutraceuticals, Cosm\u00e9tique, F&amp;F, Pharmaceutique, Nutrition animale et Agro) ainsi [&hellip;]","og_url":"https:\/\/sidg.eu\/fr\/bienvenue-chez-sidg\/","og_site_name":"SIDG","article_modified_time":"2025-11-21T10:09:06+00:00","og_image":[{"width":447,"height":407,"url":"https:\/\/sidg.eu\/wp-content\/uploads\/2025\/10\/welcome.png","type":"image\/png"}],"twitter_card":"summary_large_image","twitter_misc":{"Dur\u00e9e de lecture estim\u00e9e":"2 minutes"},"schema":{"@context":"https:\/\/schema.org","@graph":[{"@type":"WebPage","@id":"https:\/\/sidg.eu\/fr\/bienvenue-chez-sidg\/","url":"https:\/\/sidg.eu\/fr\/bienvenue-chez-sidg\/","name":"Bienvenue chez SIDG - SIDG","isPartOf":{"@id":"https:\/\/sidg.eu\/fr\/#website"},"primaryImageOfPage":{"@id":"https:\/\/sidg.eu\/fr\/bienvenue-chez-sidg\/#primaryimage"},"image":{"@id":"https:\/\/sidg.eu\/fr\/bienvenue-chez-sidg\/#primaryimage"},"thumbnailUrl":"https:\/\/sidg.eu\/wp-content\/uploads\/2025\/10\/welcome.png","datePublished":"2025-10-16T14:28:42+00:00","dateModified":"2025-11-21T10:09:06+00:00","breadcrumb":{"@id":"https:\/\/sidg.eu\/fr\/bienvenue-chez-sidg\/#breadcrumb"},"inLanguage":"fr-FR","potentialAction":[{"@type":"ReadAction","target":["https:\/\/sidg.eu\/fr\/bienvenue-chez-sidg\/"]}]},{"@type":"ImageObject","inLanguage":"fr-FR","@id":"https:\/\/sidg.eu\/fr\/bienvenue-chez-sidg\/#primaryimage","url":"https:\/\/sidg.eu\/wp-content\/uploads\/2025\/10\/welcome.png","contentUrl":"https:\/\/sidg.eu\/wp-content\/uploads\/2025\/10\/welcome.png"},{"@type":"BreadcrumbList","@id":"https:\/\/sidg.eu\/fr\/bienvenue-chez-sidg\/#breadcrumb","itemListElement":[{"@type":"ListItem","position":1,"name":"Home","item":"https:\/\/sidg.eu\/fr\/"},{"@type":"ListItem","position":2,"name":"Bienvenue chez SIDG"}]},{"@type":"WebSite","@id":"https:\/\/sidg.eu\/fr\/#website","url":"https:\/\/sidg.eu\/fr\/","name":"SIDG","description":"Innovative specialty solutions","publisher":{"@id":"https:\/\/sidg.eu\/fr\/#organization"},"potentialAction":[{"@type":"SearchAction","target":{"@type":"EntryPoint","urlTemplate":"https:\/\/sidg.eu\/fr\/?s={search_term_string}"},"query-input":{"@type":"PropertyValueSpecification","valueRequired":true,"valueName":"search_term_string"}}],"inLanguage":"fr-FR"},{"@type":"Organization","@id":"https:\/\/sidg.eu\/fr\/#organization","name":"SIDG","url":"https:\/\/sidg.eu\/fr\/","logo":{"@type":"ImageObject","inLanguage":"fr-FR","@id":"https:\/\/sidg.eu\/fr\/#\/schema\/logo\/image\/","url":"https:\/\/sidg.eu\/wp-content\/uploads\/2025\/01\/logo.svg","contentUrl":"https:\/\/sidg.eu\/wp-content\/uploads\/2025\/01\/logo.svg","width":154,"height":66,"caption":"SIDG"},"image":{"@id":"https:\/\/sidg.eu\/fr\/#\/schema\/logo\/image\/"}}]}},"_links":{"self":[{"href":"https:\/\/sidg.eu\/fr\/wp-json\/wp\/v2\/pages\/492","targetHints":{"allow":["GET"]}}],"collection":[{"href":"https:\/\/sidg.eu\/fr\/wp-json\/wp\/v2\/pages"}],"about":[{"href":"https:\/\/sidg.eu\/fr\/wp-json\/wp\/v2\/types\/page"}],"author":[{"embeddable":true,"href":"https:\/\/sidg.eu\/fr\/wp-json\/wp\/v2\/users\/1"}],"replies":[{"embeddable":true,"href":"https:\/\/sidg.eu\/fr\/wp-json\/wp\/v2\/comments?post=492"}],"version-history":[{"count":8,"href":"https:\/\/sidg.eu\/fr\/wp-json\/wp\/v2\/pages\/492\/revisions"}],"predecessor-version":[{"id":1234,"href":"https:\/\/sidg.eu\/fr\/wp-json\/wp\/v2\/pages\/492\/revisions\/1234"}],"wp:attachment":[{"href":"https:\/\/sidg.eu\/fr\/wp-json\/wp\/v2\/media?parent=492"}],"curies":[{"name":"wp","href":"https:\/\/api.w.org\/{rel}","templated":true}]}}