{"id":488,"date":"2025-10-16T17:41:16","date_gmt":"2025-10-16T17:41:16","guid":{"rendered":"https:\/\/sidg.eu\/?page_id=488"},"modified":"2025-11-21T10:47:16","modified_gmt":"2025-11-21T10:47:16","slug":"leadership","status":"publish","type":"page","link":"https:\/\/sidg.eu\/fr\/leadership\/","title":{"rendered":"Leadership"},"content":{"rendered":"\t\t<div data-elementor-type=\"wp-page\" data-elementor-id=\"488\" class=\"elementor elementor-488 elementor-473\" data-elementor-post-type=\"page\">\n\t\t\t\t<div class=\"elementor-element elementor-element-d81a027 e-flex e-con-boxed e-con e-parent\" data-id=\"d81a027\" data-element_type=\"container\" data-e-type=\"container\" data-settings=\"{&quot;background_background&quot;:&quot;classic&quot;}\">\n\t\t\t\t\t<div class=\"e-con-inner\">\n\t\t\t\t<div class=\"elementor-element elementor-element-42c817a8 elementor-widget elementor-widget-heading\" data-id=\"42c817a8\" data-element_type=\"widget\" data-e-type=\"widget\" data-widget_type=\"heading.default\">\n\t\t\t\t<div class=\"elementor-widget-container\">\n\t\t\t\t\t<h1 class=\"elementor-heading-title elementor-size-default\">Leadership<\/h1>\t\t\t\t<\/div>\n\t\t\t\t<\/div>\n\t\t\t\t\t<\/div>\n\t\t\t\t<\/div>\n\t\t<div class=\"elementor-element elementor-element-bedce01 e-flex e-con-boxed e-con e-parent\" data-id=\"bedce01\" data-element_type=\"container\" data-e-type=\"container\">\n\t\t\t\t\t<div class=\"e-con-inner\">\n\t\t<div class=\"elementor-element elementor-element-0e83ff0 e-con-full e-flex e-con e-child\" data-id=\"0e83ff0\" data-element_type=\"container\" data-e-type=\"container\">\n\t\t<div class=\"elementor-element elementor-element-b339da7 e-con-full e-flex e-con e-child\" data-id=\"b339da7\" data-element_type=\"container\" data-e-type=\"container\">\n\t\t\t\t<\/div>\n\t\t<div class=\"elementor-element elementor-element-14d05a7 e-con-full e-flex e-con e-child\" data-id=\"14d05a7\" data-element_type=\"container\" data-e-type=\"container\">\n\t\t\t\t<div class=\"elementor-element elementor-element-4ddf085 animated-slow elementor-widget elementor-widget-heading\" data-id=\"4ddf085\" data-element_type=\"widget\" data-e-type=\"widget\" data-settings=\"{&quot;_animation&quot;:&quot;none&quot;,&quot;_animation_delay&quot;:100}\" data-widget_type=\"heading.default\">\n\t\t\t\t<div class=\"elementor-widget-container\">\n\t\t\t\t\t<h5 class=\"elementor-heading-title elementor-size-default\">Chairman<\/h5>\t\t\t\t<\/div>\n\t\t\t\t<\/div>\n\t\t\t\t<div class=\"elementor-element elementor-element-7a9f7fc animated-slow elementor-widget elementor-widget-heading\" data-id=\"7a9f7fc\" data-element_type=\"widget\" data-e-type=\"widget\" data-settings=\"{&quot;_animation&quot;:&quot;none&quot;,&quot;_animation_delay&quot;:200}\" data-widget_type=\"heading.default\">\n\t\t\t\t<div class=\"elementor-widget-container\">\n\t\t\t\t\t<h2 class=\"elementor-heading-title elementor-size-default\">Hans Udo Wenzel<\/h2>\t\t\t\t<\/div>\n\t\t\t\t<\/div>\n\t\t\t\t<div class=\"elementor-element elementor-element-a8d2b19 elementor-widget elementor-widget-text-editor\" data-id=\"a8d2b19\" data-element_type=\"widget\" data-e-type=\"widget\" data-widget_type=\"text-editor.default\">\n\t\t\t\t<div class=\"elementor-widget-container\">\n\t\t\t\t\t\t\t\t\t<p><span lang=\"en-GB\">Titulaire d\u2019un doctorat en \u00e9conomie de l\u2019universit\u00e9 de Zurich. Il a d\u00e9but\u00e9 sa carri\u00e8re chez Hoechst AG avant de fonder Azelis, aujourd\u2019hui l\u2019un des principaux distributeurs de produits chimiques en Europe, o\u00f9 il a occup\u00e9 les fonctions de PDG jusqu\u2019en 2010 et de pr\u00e9sident jusqu\u2019en 2015. Pionnier de la croissance par fusions-acquisitions, il a jou\u00e9 un r\u00f4le central dans la cr\u00e9ation de Nactarome, a fond\u00e9 Deimos Group, une soci\u00e9t\u00e9 du Groupe SIDG sp\u00e9cialis\u00e9e dans la distribution d\u2019ingr\u00e9dients et d\u2019interm\u00e9diaires pour les Life Sciences, et est actuellement pr\u00e9sident de SIDG.  <\/span><\/p>\t\t\t\t\t\t\t\t<\/div>\n\t\t\t\t<\/div>\n\t\t\t\t<\/div>\n\t\t\t\t<\/div>\n\t\t<div class=\"elementor-element elementor-element-3c9cf3a e-con-full e-flex e-con e-child\" data-id=\"3c9cf3a\" data-element_type=\"container\" data-e-type=\"container\">\n\t\t<div class=\"elementor-element elementor-element-05b03d0 e-con-full e-flex e-con e-child\" data-id=\"05b03d0\" data-element_type=\"container\" data-e-type=\"container\">\n\t\t\t\t<\/div>\n\t\t<div class=\"elementor-element elementor-element-73057ba e-con-full e-flex e-con e-child\" data-id=\"73057ba\" data-element_type=\"container\" data-e-type=\"container\">\n\t\t\t\t<div class=\"elementor-element elementor-element-ea3d4fb animated-slow elementor-widget elementor-widget-heading\" data-id=\"ea3d4fb\" data-element_type=\"widget\" data-e-type=\"widget\" data-settings=\"{&quot;_animation&quot;:&quot;none&quot;,&quot;_animation_delay&quot;:100}\" data-widget_type=\"heading.default\">\n\t\t\t\t<div class=\"elementor-widget-container\">\n\t\t\t\t\t<h5 class=\"elementor-heading-title elementor-size-default\">Chief Executive Officer<\/h5>\t\t\t\t<\/div>\n\t\t\t\t<\/div>\n\t\t\t\t<div class=\"elementor-element elementor-element-dfcfd34 animated-slow elementor-widget elementor-widget-heading\" data-id=\"dfcfd34\" data-element_type=\"widget\" data-e-type=\"widget\" data-settings=\"{&quot;_animation&quot;:&quot;none&quot;,&quot;_animation_delay&quot;:200}\" data-widget_type=\"heading.default\">\n\t\t\t\t<div class=\"elementor-widget-container\">\n\t\t\t\t\t<h2 class=\"elementor-heading-title elementor-size-default\">Herv\u00e9 Ory-Lavoll\u00e9e<\/h2>\t\t\t\t<\/div>\n\t\t\t\t<\/div>\n\t\t\t\t<div class=\"elementor-element elementor-element-5869525 elementor-widget elementor-widget-text-editor\" data-id=\"5869525\" data-element_type=\"widget\" data-e-type=\"widget\" data-widget_type=\"text-editor.default\">\n\t\t\t\t<div class=\"elementor-widget-container\">\n\t\t\t\t\t\t\t\t\t<p>Herv\u00e9 Ory-Lavoll\u00e9e a repris le Groupe Lavoll\u00e9e, aujourd\u2019hui SIDG France, en 1983, \u00e0 seulement 23 ans, suite au d\u00e9c\u00e8s de son p\u00e8re, fondateur du groupe. Ces 43 derni\u00e8res ann\u00e9es ont \u00e9t\u00e9 une aventure passionnante et riche en transformations. L\u2019un des grands d\u00e9fis a \u00e9t\u00e9 de lancer une activit\u00e9 dans les sciences de la vie \u2014 un pari r\u00e9ussi, puisque plus de 80 % du chiffre d\u2019affaires actuel du Groupe SIDG provient aujourd\u2019hui de ce secteur.<\/p>\t\t\t\t\t\t\t\t<\/div>\n\t\t\t\t<\/div>\n\t\t\t\t<\/div>\n\t\t\t\t<\/div>\n\t\t\t\t\t<\/div>\n\t\t\t\t<\/div>\n\t\t<div class=\"elementor-element elementor-element-42c6bef e-flex e-con-boxed e-con e-parent\" data-id=\"42c6bef\" data-element_type=\"container\" data-e-type=\"container\">\n\t\t\t\t\t<div class=\"e-con-inner\">\n\t\t<div class=\"elementor-element elementor-element-096a6e0 e-con-full e-flex e-con e-child\" data-id=\"096a6e0\" data-element_type=\"container\" data-e-type=\"container\">\n\t\t<div class=\"elementor-element elementor-element-ca2e246 e-con-full e-flex e-con e-child\" data-id=\"ca2e246\" data-element_type=\"container\" data-e-type=\"container\">\n\t\t\t\t<\/div>\n\t\t<div class=\"elementor-element elementor-element-0bf96f9 e-con-full e-flex e-con e-child\" data-id=\"0bf96f9\" data-element_type=\"container\" data-e-type=\"container\">\n\t\t\t\t<div class=\"elementor-element elementor-element-0406a14 animated-slow elementor-widget elementor-widget-heading\" data-id=\"0406a14\" data-element_type=\"widget\" data-e-type=\"widget\" data-settings=\"{&quot;_animation&quot;:&quot;none&quot;,&quot;_animation_delay&quot;:100}\" data-widget_type=\"heading.default\">\n\t\t\t\t<div class=\"elementor-widget-container\">\n\t\t\t\t\t<h5 class=\"elementor-heading-title elementor-size-default\">Chief Operating Officer<\/h5>\t\t\t\t<\/div>\n\t\t\t\t<\/div>\n\t\t\t\t<div class=\"elementor-element elementor-element-eb84ade animated-slow elementor-widget elementor-widget-heading\" data-id=\"eb84ade\" data-element_type=\"widget\" data-e-type=\"widget\" data-settings=\"{&quot;_animation&quot;:&quot;none&quot;,&quot;_animation_delay&quot;:200}\" data-widget_type=\"heading.default\">\n\t\t\t\t<div class=\"elementor-widget-container\">\n\t\t\t\t\t<h2 class=\"elementor-heading-title elementor-size-default\">Edgar Claudio Wenzel<\/h2>\t\t\t\t<\/div>\n\t\t\t\t<\/div>\n\t\t\t\t<div class=\"elementor-element elementor-element-272d419 elementor-widget elementor-widget-text-editor\" data-id=\"272d419\" data-element_type=\"widget\" data-e-type=\"widget\" data-widget_type=\"text-editor.default\">\n\t\t\t\t<div class=\"elementor-widget-container\">\n\t\t\t\t\t\t\t\t\t<p><span lang=\"en-GB\">Titulaire d\u2019un Global Executive MBA \u00e0 la SDA Bocconi et \u00e0 la Rotman School of Management, apr\u00e8s avoir obtenu un dipl\u00f4me en administration des affaires et comptabilit\u00e9 ainsi qu\u2019un master en commerce international \u00e0 la KIMEP University d\u2019Almaty. Il a d\u00e9but\u00e9 sa carri\u00e8re chez Inalchim en tant que directeur du d\u00e9veloppement commercial dans le secteur alimentaire et occupe aujourd\u2019hui le poste de directeur des op\u00e9rations de SIDG, tout en \u00e9tant membre du conseil d\u2019administration de Deimos Group. <\/span><\/p>\t\t\t\t\t\t\t\t<\/div>\n\t\t\t\t<\/div>\n\t\t\t\t<\/div>\n\t\t\t\t<\/div>\n\t\t<div class=\"elementor-element elementor-element-c7ccc85 e-con-full e-flex e-con e-child\" data-id=\"c7ccc85\" data-element_type=\"container\" data-e-type=\"container\">\n\t\t<div class=\"elementor-element elementor-element-60f65b8 e-con-full e-flex e-con e-child\" data-id=\"60f65b8\" data-element_type=\"container\" data-e-type=\"container\">\n\t\t\t\t<\/div>\n\t\t<div class=\"elementor-element elementor-element-0494a64 e-con-full e-flex e-con e-child\" data-id=\"0494a64\" data-element_type=\"container\" data-e-type=\"container\">\n\t\t\t\t<div class=\"elementor-element elementor-element-fe329e8 animated-slow elementor-widget elementor-widget-heading\" data-id=\"fe329e8\" data-element_type=\"widget\" data-e-type=\"widget\" data-settings=\"{&quot;_animation&quot;:&quot;none&quot;,&quot;_animation_delay&quot;:100}\" data-widget_type=\"heading.default\">\n\t\t\t\t<div class=\"elementor-widget-container\">\n\t\t\t\t\t<h5 class=\"elementor-heading-title elementor-size-default\">Chief Marketing Officer<\/h5>\t\t\t\t<\/div>\n\t\t\t\t<\/div>\n\t\t\t\t<div class=\"elementor-element elementor-element-dd3b185 animated-slow elementor-widget elementor-widget-heading\" data-id=\"dd3b185\" data-element_type=\"widget\" data-e-type=\"widget\" data-settings=\"{&quot;_animation&quot;:&quot;none&quot;,&quot;_animation_delay&quot;:200}\" data-widget_type=\"heading.default\">\n\t\t\t\t<div class=\"elementor-widget-container\">\n\t\t\t\t\t<h2 class=\"elementor-heading-title elementor-size-default\">Axelle \nLavoll\u00e9e<\/h2>\t\t\t\t<\/div>\n\t\t\t\t<\/div>\n\t\t\t\t<div class=\"elementor-element elementor-element-6071e35 elementor-widget elementor-widget-text-editor\" data-id=\"6071e35\" data-element_type=\"widget\" data-e-type=\"widget\" data-widget_type=\"text-editor.default\">\n\t\t\t\t<div class=\"elementor-widget-container\">\n\t\t\t\t\t\t\t\t\t<p><span lang=\"en-GB\">Axelle Ory-Lavoll\u00e9e a rejoint SIDG il y a neuf ans, repr\u00e9sentant ainsi la troisi\u00e8me g\u00e9n\u00e9ration de la famille Ory-Lavoll\u00e9e \u00e0 s\u2019impliquer dans l\u2019entreprise. Elle s\u2019est vu confier la cr\u00e9ation et le d\u00e9veloppement du D\u00e9partement Outsourcing de SIDG France, qu\u2019elle a enti\u00e8rement construit et structur\u00e9. Dipl\u00f4m\u00e9e d\u2019une grande \u00e9cole de commerce avec un Master en Management (Bac +5), elle poss\u00e8de un parcours ax\u00e9 sur la vente et le d\u00e9veloppement commercial. Tr\u00e8s \u00e0 l\u2019\u00e9coute des besoins clients, elle a contribu\u00e9 \u00e0 la croissance du Groupe en proposant des solutions flexibles et sur mesure, renfor\u00e7ant ainsi les partenariats sur le long terme.   <\/span><\/p>\t\t\t\t\t\t\t\t<\/div>\n\t\t\t\t<\/div>\n\t\t\t\t<\/div>\n\t\t\t\t<\/div>\n\t\t<div class=\"elementor-element elementor-element-4183457 e-con-full e-flex e-con e-child\" data-id=\"4183457\" data-element_type=\"container\" data-e-type=\"container\">\n\t\t<div class=\"elementor-element elementor-element-9c2c2b1 e-con-full e-flex e-con e-child\" data-id=\"9c2c2b1\" data-element_type=\"container\" data-e-type=\"container\">\n\t\t\t\t<\/div>\n\t\t<div class=\"elementor-element elementor-element-fe54408 e-con-full e-flex e-con e-child\" data-id=\"fe54408\" data-element_type=\"container\" data-e-type=\"container\">\n\t\t\t\t<div class=\"elementor-element elementor-element-68c4d77 animated-slow elementor-widget elementor-widget-heading\" data-id=\"68c4d77\" data-element_type=\"widget\" data-e-type=\"widget\" data-settings=\"{&quot;_animation&quot;:&quot;none&quot;,&quot;_animation_delay&quot;:100}\" data-widget_type=\"heading.default\">\n\t\t\t\t<div class=\"elementor-widget-container\">\n\t\t\t\t\t<h5 class=\"elementor-heading-title elementor-size-default\">Chief Financial Officer<\/h5>\t\t\t\t<\/div>\n\t\t\t\t<\/div>\n\t\t\t\t<div class=\"elementor-element elementor-element-b60e721 animated-slow elementor-widget elementor-widget-heading\" data-id=\"b60e721\" data-element_type=\"widget\" data-e-type=\"widget\" data-settings=\"{&quot;_animation&quot;:&quot;none&quot;,&quot;_animation_delay&quot;:200}\" data-widget_type=\"heading.default\">\n\t\t\t\t<div class=\"elementor-widget-container\">\n\t\t\t\t\t<h2 class=\"elementor-heading-title elementor-size-default\">Emmanuel G\u00e9rard<\/h2>\t\t\t\t<\/div>\n\t\t\t\t<\/div>\n\t\t\t\t<div class=\"elementor-element elementor-element-8adbd61 elementor-widget elementor-widget-text-editor\" data-id=\"8adbd61\" data-element_type=\"widget\" data-e-type=\"widget\" data-widget_type=\"text-editor.default\">\n\t\t\t\t<div class=\"elementor-widget-container\">\n\t\t\t\t\t\t\t\t\t<p><span lang=\"en-GB\">Depuis plus de 25 ans, Emmanuel G\u00e9rard accompagne la croissance du Groupe Lavoll\u00e9e, aujourd\u2019hui SIDG France, en tant que Directeur Financier. Pr\u00e9sent depuis les d\u00e9buts de l\u2019entreprise, il a jou\u00e9 un r\u00f4le cl\u00e9 dans son d\u00e9veloppement, menant plusieurs projets de fusion-acquisition et structurant la fonction finance avec son \u00e9quipe de trois personnes. Aujourd\u2019hui, fort de cette solide exp\u00e9rience, il assume de nouvelles responsabilit\u00e9s en tant que Directeur Financier de l\u2019ensemble du Groupe SIDG.  <\/span><\/p>\t\t\t\t\t\t\t\t<\/div>\n\t\t\t\t<\/div>\n\t\t\t\t<\/div>\n\t\t\t\t<\/div>\n\t\t\t\t\t<\/div>\n\t\t\t\t<\/div>\n\t\t<div class=\"elementor-element elementor-element-eff1ca9 e-flex e-con-boxed e-con e-parent\" data-id=\"eff1ca9\" data-element_type=\"container\" data-e-type=\"container\">\n\t\t\t\t\t<div class=\"e-con-inner\">\n\t\t\t\t\t<\/div>\n\t\t\t\t<\/div>\n\t\t\t\t<\/div>\n\t\t","protected":false},"excerpt":{"rendered":"<p>Leadership Chairman Hans Udo Wenzel Titulaire d\u2019un doctorat en \u00e9conomie de l\u2019universit\u00e9 de Zurich. Il a d\u00e9but\u00e9 sa carri\u00e8re chez Hoechst AG avant de fonder Azelis, aujourd\u2019hui l\u2019un des principaux distributeurs de produits chimiques en Europe, o\u00f9 il a occup\u00e9 les fonctions de PDG jusqu\u2019en 2010 et de pr\u00e9sident jusqu\u2019en 2015. Pionnier de la croissance [&hellip;]<\/p>\n","protected":false},"author":1,"featured_media":0,"parent":0,"menu_order":0,"comment_status":"closed","ping_status":"closed","template":"","meta":{"inline_featured_image":false,"footnotes":""},"class_list":["post-488","page","type-page","status-publish","hentry"],"yoast_head":"<!-- This site is optimized with the Yoast SEO plugin v27.3 - https:\/\/yoast.com\/product\/yoast-seo-wordpress\/ -->\n<title>Leadership - SIDG<\/title>\n<meta name=\"robots\" content=\"index, follow, max-snippet:-1, max-image-preview:large, max-video-preview:-1\" \/>\n<link rel=\"canonical\" href=\"https:\/\/sidg.eu\/fr\/leadership\/\" \/>\n<meta property=\"og:locale\" content=\"fr_FR\" \/>\n<meta property=\"og:type\" content=\"article\" \/>\n<meta property=\"og:title\" content=\"Leadership - SIDG\" \/>\n<meta property=\"og:description\" content=\"Leadership Chairman Hans Udo Wenzel Titulaire d\u2019un doctorat en \u00e9conomie de l\u2019universit\u00e9 de Zurich. Il a d\u00e9but\u00e9 sa carri\u00e8re chez Hoechst AG avant de fonder Azelis, aujourd\u2019hui l\u2019un des principaux distributeurs de produits chimiques en Europe, o\u00f9 il a occup\u00e9 les fonctions de PDG jusqu\u2019en 2010 et de pr\u00e9sident jusqu\u2019en 2015. Pionnier de la croissance [&hellip;]\" \/>\n<meta property=\"og:url\" content=\"https:\/\/sidg.eu\/fr\/leadership\/\" \/>\n<meta property=\"og:site_name\" content=\"SIDG\" \/>\n<meta property=\"article:modified_time\" content=\"2025-11-21T10:47:16+00:00\" \/>\n<meta name=\"twitter:card\" content=\"summary_large_image\" \/>\n<meta name=\"twitter:label1\" content=\"Dur\u00e9e de lecture estim\u00e9e\" \/>\n\t<meta name=\"twitter:data1\" content=\"3 minutes\" \/>\n<script type=\"application\/ld+json\" class=\"yoast-schema-graph\">{\"@context\":\"https:\\\/\\\/schema.org\",\"@graph\":[{\"@type\":\"WebPage\",\"@id\":\"https:\\\/\\\/sidg.eu\\\/fr\\\/leadership\\\/\",\"url\":\"https:\\\/\\\/sidg.eu\\\/fr\\\/leadership\\\/\",\"name\":\"Leadership - SIDG\",\"isPartOf\":{\"@id\":\"https:\\\/\\\/sidg.eu\\\/fr\\\/#website\"},\"datePublished\":\"2025-10-16T17:41:16+00:00\",\"dateModified\":\"2025-11-21T10:47:16+00:00\",\"breadcrumb\":{\"@id\":\"https:\\\/\\\/sidg.eu\\\/fr\\\/leadership\\\/#breadcrumb\"},\"inLanguage\":\"fr-FR\",\"potentialAction\":[{\"@type\":\"ReadAction\",\"target\":[\"https:\\\/\\\/sidg.eu\\\/fr\\\/leadership\\\/\"]}]},{\"@type\":\"BreadcrumbList\",\"@id\":\"https:\\\/\\\/sidg.eu\\\/fr\\\/leadership\\\/#breadcrumb\",\"itemListElement\":[{\"@type\":\"ListItem\",\"position\":1,\"name\":\"Home\",\"item\":\"https:\\\/\\\/sidg.eu\\\/fr\\\/\"},{\"@type\":\"ListItem\",\"position\":2,\"name\":\"Leadership\"}]},{\"@type\":\"WebSite\",\"@id\":\"https:\\\/\\\/sidg.eu\\\/fr\\\/#website\",\"url\":\"https:\\\/\\\/sidg.eu\\\/fr\\\/\",\"name\":\"SIDG\",\"description\":\"Innovative specialty solutions\",\"publisher\":{\"@id\":\"https:\\\/\\\/sidg.eu\\\/fr\\\/#organization\"},\"potentialAction\":[{\"@type\":\"SearchAction\",\"target\":{\"@type\":\"EntryPoint\",\"urlTemplate\":\"https:\\\/\\\/sidg.eu\\\/fr\\\/?s={search_term_string}\"},\"query-input\":{\"@type\":\"PropertyValueSpecification\",\"valueRequired\":true,\"valueName\":\"search_term_string\"}}],\"inLanguage\":\"fr-FR\"},{\"@type\":\"Organization\",\"@id\":\"https:\\\/\\\/sidg.eu\\\/fr\\\/#organization\",\"name\":\"SIDG\",\"url\":\"https:\\\/\\\/sidg.eu\\\/fr\\\/\",\"logo\":{\"@type\":\"ImageObject\",\"inLanguage\":\"fr-FR\",\"@id\":\"https:\\\/\\\/sidg.eu\\\/fr\\\/#\\\/schema\\\/logo\\\/image\\\/\",\"url\":\"https:\\\/\\\/sidg.eu\\\/wp-content\\\/uploads\\\/2025\\\/01\\\/logo.svg\",\"contentUrl\":\"https:\\\/\\\/sidg.eu\\\/wp-content\\\/uploads\\\/2025\\\/01\\\/logo.svg\",\"width\":154,\"height\":66,\"caption\":\"SIDG\"},\"image\":{\"@id\":\"https:\\\/\\\/sidg.eu\\\/fr\\\/#\\\/schema\\\/logo\\\/image\\\/\"}}]}<\/script>\n<!-- \/ Yoast SEO plugin. -->","yoast_head_json":{"title":"Leadership - SIDG","robots":{"index":"index","follow":"follow","max-snippet":"max-snippet:-1","max-image-preview":"max-image-preview:large","max-video-preview":"max-video-preview:-1"},"canonical":"https:\/\/sidg.eu\/fr\/leadership\/","og_locale":"fr_FR","og_type":"article","og_title":"Leadership - SIDG","og_description":"Leadership Chairman Hans Udo Wenzel Titulaire d\u2019un doctorat en \u00e9conomie de l\u2019universit\u00e9 de Zurich. Il a d\u00e9but\u00e9 sa carri\u00e8re chez Hoechst AG avant de fonder Azelis, aujourd\u2019hui l\u2019un des principaux distributeurs de produits chimiques en Europe, o\u00f9 il a occup\u00e9 les fonctions de PDG jusqu\u2019en 2010 et de pr\u00e9sident jusqu\u2019en 2015. Pionnier de la croissance [&hellip;]","og_url":"https:\/\/sidg.eu\/fr\/leadership\/","og_site_name":"SIDG","article_modified_time":"2025-11-21T10:47:16+00:00","twitter_card":"summary_large_image","twitter_misc":{"Dur\u00e9e de lecture estim\u00e9e":"3 minutes"},"schema":{"@context":"https:\/\/schema.org","@graph":[{"@type":"WebPage","@id":"https:\/\/sidg.eu\/fr\/leadership\/","url":"https:\/\/sidg.eu\/fr\/leadership\/","name":"Leadership - SIDG","isPartOf":{"@id":"https:\/\/sidg.eu\/fr\/#website"},"datePublished":"2025-10-16T17:41:16+00:00","dateModified":"2025-11-21T10:47:16+00:00","breadcrumb":{"@id":"https:\/\/sidg.eu\/fr\/leadership\/#breadcrumb"},"inLanguage":"fr-FR","potentialAction":[{"@type":"ReadAction","target":["https:\/\/sidg.eu\/fr\/leadership\/"]}]},{"@type":"BreadcrumbList","@id":"https:\/\/sidg.eu\/fr\/leadership\/#breadcrumb","itemListElement":[{"@type":"ListItem","position":1,"name":"Home","item":"https:\/\/sidg.eu\/fr\/"},{"@type":"ListItem","position":2,"name":"Leadership"}]},{"@type":"WebSite","@id":"https:\/\/sidg.eu\/fr\/#website","url":"https:\/\/sidg.eu\/fr\/","name":"SIDG","description":"Innovative specialty solutions","publisher":{"@id":"https:\/\/sidg.eu\/fr\/#organization"},"potentialAction":[{"@type":"SearchAction","target":{"@type":"EntryPoint","urlTemplate":"https:\/\/sidg.eu\/fr\/?s={search_term_string}"},"query-input":{"@type":"PropertyValueSpecification","valueRequired":true,"valueName":"search_term_string"}}],"inLanguage":"fr-FR"},{"@type":"Organization","@id":"https:\/\/sidg.eu\/fr\/#organization","name":"SIDG","url":"https:\/\/sidg.eu\/fr\/","logo":{"@type":"ImageObject","inLanguage":"fr-FR","@id":"https:\/\/sidg.eu\/fr\/#\/schema\/logo\/image\/","url":"https:\/\/sidg.eu\/wp-content\/uploads\/2025\/01\/logo.svg","contentUrl":"https:\/\/sidg.eu\/wp-content\/uploads\/2025\/01\/logo.svg","width":154,"height":66,"caption":"SIDG"},"image":{"@id":"https:\/\/sidg.eu\/fr\/#\/schema\/logo\/image\/"}}]}},"_links":{"self":[{"href":"https:\/\/sidg.eu\/fr\/wp-json\/wp\/v2\/pages\/488","targetHints":{"allow":["GET"]}}],"collection":[{"href":"https:\/\/sidg.eu\/fr\/wp-json\/wp\/v2\/pages"}],"about":[{"href":"https:\/\/sidg.eu\/fr\/wp-json\/wp\/v2\/types\/page"}],"author":[{"embeddable":true,"href":"https:\/\/sidg.eu\/fr\/wp-json\/wp\/v2\/users\/1"}],"replies":[{"embeddable":true,"href":"https:\/\/sidg.eu\/fr\/wp-json\/wp\/v2\/comments?post=488"}],"version-history":[{"count":7,"href":"https:\/\/sidg.eu\/fr\/wp-json\/wp\/v2\/pages\/488\/revisions"}],"predecessor-version":[{"id":1284,"href":"https:\/\/sidg.eu\/fr\/wp-json\/wp\/v2\/pages\/488\/revisions\/1284"}],"wp:attachment":[{"href":"https:\/\/sidg.eu\/fr\/wp-json\/wp\/v2\/media?parent=488"}],"curies":[{"name":"wp","href":"https:\/\/api.w.org\/{rel}","templated":true}]}}